{"id":7878,"date":"2025-07-23T00:18:25","date_gmt":"2025-07-23T00:18:25","guid":{"rendered":"https:\/\/www.yogasurfcamp.com\/?post_type=product&#038;p=7878"},"modified":"2026-04-23T15:49:29","modified_gmt":"2026-04-23T15:49:29","slug":"hurtig-flow-flugt-2-naetter-3-dage","status":"publish","type":"product","link":"https:\/\/www.yogasurfcamp.com\/da\/pakker\/hurtig-flow-flugt-2-naetter-3-dage\/","title":{"rendered":"Quick Flow Escape 2 n\u00e6tter \/ 3 dage"},"content":{"rendered":"<p style=\"text-align: center;\">Yoga Surf Camp Quick Flow Escape (2 n\u00e6tter\/3 dage)<br \/>\nLeder du efter en hurtig surf- og stretch-ferie i Marokko? Vores Quick Flow Escape p\u00e5 Yoga Surf Camp giver to n\u00e6tter med kystlykke i Taghazout Bay, perfekt til en lang weekend. Kombiner yoga ved solnedgang med daglige surflektioner, friske lokale m\u00e5ltider og panoramaudsigt over Atlanterhavet til et kompakt retreat, der maksimerer b\u00f8lgetid og zen-vibes.<\/p>","protected":false},"excerpt":{"rendered":"<p>\u2714 Afhentning og aflevering i Agadirs lufthavn eller busstation<br \/>\n\u2714 2 n\u00e6tters indkvartering<br \/>\n\u2714 Morgenmad, frokost og aftensmad hver dag<br \/>\n\u2714 2 dages surfundervisning med ISA-certificerede instrukt\u00f8rer<br \/>\n\u2714 1 yogasession for at str\u00e6kke ud og slappe af<br \/>\n\u2714 K\u00f8rsel til og fra de bedste surfspots<br \/>\n\u2714 Gratis leje af surfbr\u00e6t og v\u00e5ddragt hele dagen<br \/>\n\u2714 Ubegr\u00e6nset tid til at surfe p\u00e5 egen h\u00e5nd<br \/>\n\u2714 Surf-fotos, tagterrasse og gratis Wi-Fi<\/p>","protected":false},"featured_media":7882,"template":"","meta":[],"product_brand":[],"product_cat":[15],"product_tag":[],"class_list":{"0":"post-7878","1":"product","2":"type-product","3":"status-publish","4":"has-post-thumbnail","6":"product_cat-packages","8":"first","9":"instock","10":"sale","11":"shipping-taxable","12":"product-type-external"},"yoast_head":"<!-- This site is optimized with the Yoast SEO Premium plugin v27.1 (Yoast SEO v27.4) - https:\/\/yoast.com\/product\/yoast-seo-premium-wordpress\/ -->\n<title>Quick\u202fFlow Escape 2\u202fNights\u202f\/\u202f3\u202fDays - Yoga Surf Camp Morocco<\/title>\n<meta name=\"robots\" content=\"index, follow, max-snippet:-1, max-image-preview:large, max-video-preview:-1\" \/>\n<link rel=\"canonical\" href=\"https:\/\/www.yogasurfcamp.com\/da\/pakker\/hurtig-flow-flugt-2-naetter-3-dage\/\" \/>\n<meta property=\"og:locale\" content=\"da_DK\" \/>\n<meta property=\"og:type\" content=\"article\" \/>\n<meta property=\"og:title\" content=\"Quick\u202fFlow Escape 2\u202fNights\u202f\/\u202f3\u202fDays\" \/>\n<meta property=\"og:description\" content=\"\u2714\u202fPick\u2011up and drop\u2011off at Agadir airport or bus station \u2714\u202f2 Nights Accommodation \u2714\u202fBreakfast, lunch, and dinner every day \u2714 2\u202fDay surf lessons with ISA certified instructors \u2714 1 yoga sessions to stretch and relax \u2714\u202fRides to and from the best surf spots \u2714\u202fFree surfboard and wetsuit rental all day \u2714\u202fUnlimited time to surf on your own \u2714\u202fSurf photos, roof\u2011top terrace, and free Wi\u2011Fi\" \/>\n<meta property=\"og:url\" content=\"https:\/\/www.yogasurfcamp.com\/da\/pakker\/hurtig-flow-flugt-2-naetter-3-dage\/\" \/>\n<meta property=\"og:site_name\" content=\"Yoga Surf Camp Morocco\" \/>\n<meta property=\"article:publisher\" content=\"https:\/\/www.facebook.com\/profile.php?id=61578768475831\" \/>\n<meta property=\"article:modified_time\" content=\"2026-04-23T15:49:29+00:00\" \/>\n<meta property=\"og:image\" content=\"https:\/\/www.yogasurfcamp.com\/wp-content\/uploads\/2025\/07\/Yoga-Surf-Camp--scaled.jpg\" \/>\n\t<meta property=\"og:image:width\" content=\"2560\" \/>\n\t<meta property=\"og:image:height\" content=\"1922\" \/>\n\t<meta property=\"og:image:type\" content=\"image\/jpeg\" \/>\n<meta name=\"twitter:card\" content=\"summary_large_image\" \/>\n<meta name=\"twitter:label1\" content=\"Estimeret l\u00e6setid\" \/>\n\t<meta name=\"twitter:data1\" content=\"1 minut\" \/>\n<script type=\"application\/ld+json\" class=\"yoast-schema-graph\">{\"@context\":\"https:\\\/\\\/schema.org\",\"@graph\":[{\"@type\":\"WebPage\",\"@id\":\"https:\\\/\\\/www.yogasurfcamp.com\\\/packages\\\/quick-flow-escape-2-nights-3-days\\\/\",\"url\":\"https:\\\/\\\/www.yogasurfcamp.com\\\/packages\\\/quick-flow-escape-2-nights-3-days\\\/\",\"name\":\"Quick\u202fFlow Escape 2\u202fNights\u202f\\\/\u202f3\u202fDays - Yoga Surf Camp Morocco\",\"isPartOf\":{\"@id\":\"https:\\\/\\\/www.yogasurfcamp.com\\\/#website\"},\"primaryImageOfPage\":{\"@id\":\"https:\\\/\\\/www.yogasurfcamp.com\\\/packages\\\/quick-flow-escape-2-nights-3-days\\\/#primaryimage\"},\"image\":{\"@id\":\"https:\\\/\\\/www.yogasurfcamp.com\\\/packages\\\/quick-flow-escape-2-nights-3-days\\\/#primaryimage\"},\"thumbnailUrl\":\"https:\\\/\\\/www.yogasurfcamp.com\\\/wp-content\\\/uploads\\\/2025\\\/07\\\/Yoga-Surf-Camp--scaled.jpg\",\"datePublished\":\"2025-07-23T00:18:25+00:00\",\"dateModified\":\"2026-04-23T15:49:29+00:00\",\"breadcrumb\":{\"@id\":\"https:\\\/\\\/www.yogasurfcamp.com\\\/packages\\\/quick-flow-escape-2-nights-3-days\\\/#breadcrumb\"},\"inLanguage\":\"da-DK\",\"potentialAction\":[{\"@type\":\"ReadAction\",\"target\":[\"https:\\\/\\\/www.yogasurfcamp.com\\\/packages\\\/quick-flow-escape-2-nights-3-days\\\/\"]}]},{\"@type\":\"ImageObject\",\"inLanguage\":\"da-DK\",\"@id\":\"https:\\\/\\\/www.yogasurfcamp.com\\\/packages\\\/quick-flow-escape-2-nights-3-days\\\/#primaryimage\",\"url\":\"https:\\\/\\\/www.yogasurfcamp.com\\\/wp-content\\\/uploads\\\/2025\\\/07\\\/Yoga-Surf-Camp--scaled.jpg\",\"contentUrl\":\"https:\\\/\\\/www.yogasurfcamp.com\\\/wp-content\\\/uploads\\\/2025\\\/07\\\/Yoga-Surf-Camp--scaled.jpg\",\"width\":2560,\"height\":1922,\"caption\":\"Yoga Surf Camp\"},{\"@type\":\"BreadcrumbList\",\"@id\":\"https:\\\/\\\/www.yogasurfcamp.com\\\/packages\\\/quick-flow-escape-2-nights-3-days\\\/#breadcrumb\",\"itemListElement\":[{\"@type\":\"ListItem\",\"position\":1,\"name\":\"Home\",\"item\":\"https:\\\/\\\/www.yogasurfcamp.com\\\/\"},{\"@type\":\"ListItem\",\"position\":2,\"name\":\"Products\",\"item\":\"https:\\\/\\\/www.yogasurfcamp.com\\\/packages__trashed\\\/\"},{\"@type\":\"ListItem\",\"position\":3,\"name\":\"Quick\u202fFlow Escape 2\u202fNights\u202f\\\/\u202f3\u202fDays\"}]},{\"@type\":\"WebSite\",\"@id\":\"https:\\\/\\\/www.yogasurfcamp.com\\\/#website\",\"url\":\"https:\\\/\\\/www.yogasurfcamp.com\\\/\",\"name\":\"Yoga Surf Camp Morocco\",\"description\":\"\",\"publisher\":{\"@id\":\"https:\\\/\\\/www.yogasurfcamp.com\\\/#organization\"},\"potentialAction\":[{\"@type\":\"SearchAction\",\"target\":{\"@type\":\"EntryPoint\",\"urlTemplate\":\"https:\\\/\\\/www.yogasurfcamp.com\\\/?s={search_term_string}\"},\"query-input\":{\"@type\":\"PropertyValueSpecification\",\"valueRequired\":true,\"valueName\":\"search_term_string\"}}],\"inLanguage\":\"da-DK\"},{\"@type\":\"Organization\",\"@id\":\"https:\\\/\\\/www.yogasurfcamp.com\\\/#organization\",\"name\":\"Yoga Surf Camp Morocco\",\"url\":\"https:\\\/\\\/www.yogasurfcamp.com\\\/\",\"logo\":{\"@type\":\"ImageObject\",\"inLanguage\":\"da-DK\",\"@id\":\"https:\\\/\\\/www.yogasurfcamp.com\\\/#\\\/schema\\\/logo\\\/image\\\/\",\"url\":\"https:\\\/\\\/www.yogasurfcamp.com\\\/wp-content\\\/uploads\\\/2026\\\/01\\\/Yoga-Surf-camp-1.png\",\"contentUrl\":\"https:\\\/\\\/www.yogasurfcamp.com\\\/wp-content\\\/uploads\\\/2026\\\/01\\\/Yoga-Surf-camp-1.png\",\"width\":500,\"height\":500,\"caption\":\"Yoga Surf Camp Morocco\"},\"image\":{\"@id\":\"https:\\\/\\\/www.yogasurfcamp.com\\\/#\\\/schema\\\/logo\\\/image\\\/\"},\"sameAs\":[\"https:\\\/\\\/www.facebook.com\\\/profile.php?id=61578768475831\",\"https:\\\/\\\/www.instagram.com\\\/theyogasurfcamp\"]}]}<\/script>\n<!-- \/ Yoast SEO Premium plugin. -->","yoast_head_json":{"title":"Quick Flow Escape 2 n\u00e6tter \/ 3 dage - Yoga Surf Camp Marokko","robots":{"index":"index","follow":"follow","max-snippet":"max-snippet:-1","max-image-preview":"max-image-preview:large","max-video-preview":"max-video-preview:-1"},"canonical":"https:\/\/www.yogasurfcamp.com\/da\/pakker\/hurtig-flow-flugt-2-naetter-3-dage\/","og_locale":"da_DK","og_type":"article","og_title":"Quick\u202fFlow Escape 2\u202fNights\u202f\/\u202f3\u202fDays","og_description":"\u2714\u202fPick\u2011up and drop\u2011off at Agadir airport or bus station \u2714\u202f2 Nights Accommodation \u2714\u202fBreakfast, lunch, and dinner every day \u2714 2\u202fDay surf lessons with ISA certified instructors \u2714 1 yoga sessions to stretch and relax \u2714\u202fRides to and from the best surf spots \u2714\u202fFree surfboard and wetsuit rental all day \u2714\u202fUnlimited time to surf on your own \u2714\u202fSurf photos, roof\u2011top terrace, and free Wi\u2011Fi","og_url":"https:\/\/www.yogasurfcamp.com\/da\/pakker\/hurtig-flow-flugt-2-naetter-3-dage\/","og_site_name":"Yoga Surf Camp Morocco","article_publisher":"https:\/\/www.facebook.com\/profile.php?id=61578768475831","article_modified_time":"2026-04-23T15:49:29+00:00","og_image":[{"width":2560,"height":1922,"url":"https:\/\/www.yogasurfcamp.com\/wp-content\/uploads\/2025\/07\/Yoga-Surf-Camp--scaled.jpg","type":"image\/jpeg"}],"twitter_card":"summary_large_image","twitter_misc":{"Estimeret l\u00e6setid":"1 minut"},"schema":{"@context":"https:\/\/schema.org","@graph":[{"@type":"WebPage","@id":"https:\/\/www.yogasurfcamp.com\/packages\/quick-flow-escape-2-nights-3-days\/","url":"https:\/\/www.yogasurfcamp.com\/packages\/quick-flow-escape-2-nights-3-days\/","name":"Quick Flow Escape 2 n\u00e6tter \/ 3 dage - Yoga Surf Camp Marokko","isPartOf":{"@id":"https:\/\/www.yogasurfcamp.com\/#website"},"primaryImageOfPage":{"@id":"https:\/\/www.yogasurfcamp.com\/packages\/quick-flow-escape-2-nights-3-days\/#primaryimage"},"image":{"@id":"https:\/\/www.yogasurfcamp.com\/packages\/quick-flow-escape-2-nights-3-days\/#primaryimage"},"thumbnailUrl":"https:\/\/www.yogasurfcamp.com\/wp-content\/uploads\/2025\/07\/Yoga-Surf-Camp--scaled.jpg","datePublished":"2025-07-23T00:18:25+00:00","dateModified":"2026-04-23T15:49:29+00:00","breadcrumb":{"@id":"https:\/\/www.yogasurfcamp.com\/packages\/quick-flow-escape-2-nights-3-days\/#breadcrumb"},"inLanguage":"da-DK","potentialAction":[{"@type":"ReadAction","target":["https:\/\/www.yogasurfcamp.com\/packages\/quick-flow-escape-2-nights-3-days\/"]}]},{"@type":"ImageObject","inLanguage":"da-DK","@id":"https:\/\/www.yogasurfcamp.com\/packages\/quick-flow-escape-2-nights-3-days\/#primaryimage","url":"https:\/\/www.yogasurfcamp.com\/wp-content\/uploads\/2025\/07\/Yoga-Surf-Camp--scaled.jpg","contentUrl":"https:\/\/www.yogasurfcamp.com\/wp-content\/uploads\/2025\/07\/Yoga-Surf-Camp--scaled.jpg","width":2560,"height":1922,"caption":"Yoga Surf Camp"},{"@type":"BreadcrumbList","@id":"https:\/\/www.yogasurfcamp.com\/packages\/quick-flow-escape-2-nights-3-days\/#breadcrumb","itemListElement":[{"@type":"ListItem","position":1,"name":"Home","item":"https:\/\/www.yogasurfcamp.com\/"},{"@type":"ListItem","position":2,"name":"Products","item":"https:\/\/www.yogasurfcamp.com\/packages__trashed\/"},{"@type":"ListItem","position":3,"name":"Quick\u202fFlow Escape 2\u202fNights\u202f\/\u202f3\u202fDays"}]},{"@type":"WebSite","@id":"https:\/\/www.yogasurfcamp.com\/#website","url":"https:\/\/www.yogasurfcamp.com\/","name":"Yoga Surf Camp Marokko","description":"","publisher":{"@id":"https:\/\/www.yogasurfcamp.com\/#organization"},"potentialAction":[{"@type":"SearchAction","target":{"@type":"EntryPoint","urlTemplate":"https:\/\/www.yogasurfcamp.com\/?s={search_term_string}"},"query-input":{"@type":"PropertyValueSpecification","valueRequired":true,"valueName":"search_term_string"}}],"inLanguage":"da-DK"},{"@type":"Organization","@id":"https:\/\/www.yogasurfcamp.com\/#organization","name":"Yoga Surf Camp Marokko","url":"https:\/\/www.yogasurfcamp.com\/","logo":{"@type":"ImageObject","inLanguage":"da-DK","@id":"https:\/\/www.yogasurfcamp.com\/#\/schema\/logo\/image\/","url":"https:\/\/www.yogasurfcamp.com\/wp-content\/uploads\/2026\/01\/Yoga-Surf-camp-1.png","contentUrl":"https:\/\/www.yogasurfcamp.com\/wp-content\/uploads\/2026\/01\/Yoga-Surf-camp-1.png","width":500,"height":500,"caption":"Yoga Surf Camp Morocco"},"image":{"@id":"https:\/\/www.yogasurfcamp.com\/#\/schema\/logo\/image\/"},"sameAs":["https:\/\/www.facebook.com\/profile.php?id=61578768475831","https:\/\/www.instagram.com\/theyogasurfcamp"]}]}},"_links":{"self":[{"href":"https:\/\/www.yogasurfcamp.com\/da\/wp-json\/wp\/v2\/product\/7878","targetHints":{"allow":["GET"]}}],"collection":[{"href":"https:\/\/www.yogasurfcamp.com\/da\/wp-json\/wp\/v2\/product"}],"about":[{"href":"https:\/\/www.yogasurfcamp.com\/da\/wp-json\/wp\/v2\/types\/product"}],"wp:featuredmedia":[{"embeddable":true,"href":"https:\/\/www.yogasurfcamp.com\/da\/wp-json\/wp\/v2\/media\/7882"}],"wp:attachment":[{"href":"https:\/\/www.yogasurfcamp.com\/da\/wp-json\/wp\/v2\/media?parent=7878"}],"wp:term":[{"taxonomy":"product_brand","embeddable":true,"href":"https:\/\/www.yogasurfcamp.com\/da\/wp-json\/wp\/v2\/product_brand?post=7878"},{"taxonomy":"product_cat","embeddable":true,"href":"https:\/\/www.yogasurfcamp.com\/da\/wp-json\/wp\/v2\/product_cat?post=7878"},{"taxonomy":"product_tag","embeddable":true,"href":"https:\/\/www.yogasurfcamp.com\/da\/wp-json\/wp\/v2\/product_tag?post=7878"}],"curies":[{"name":"wp","href":"https:\/\/api.w.org\/{rel}","templated":true}]}}