{"id":7840,"date":"2025-07-22T12:15:41","date_gmt":"2025-07-22T12:15:41","guid":{"rendered":"https:\/\/www.yogasurfcamp.com\/?page_id=7840"},"modified":"2025-07-26T19:45:19","modified_gmt":"2025-07-26T19:45:19","slug":"datenschutzbestimmungen","status":"publish","type":"page","link":"https:\/\/www.yogasurfcamp.com\/de\/datenschutzbestimmungen\/","title":{"rendered":"Datenschutzbestimmungen"},"content":{"rendered":"<div data-elementor-type=\"wp-page\" data-elementor-id=\"7840\" class=\"elementor elementor-7840\" data-elementor-post-type=\"page\">\n\t\t\t\t<div class=\"elementor-element elementor-element-fc93f45 e-flex e-con-boxed e-con e-parent\" data-id=\"fc93f45\" data-element_type=\"container\" data-e-type=\"container\">\n\t\t\t\t\t<div class=\"e-con-inner\">\n\t\t\t\t<div class=\"elementor-element elementor-element-b5916bd elementor-widget elementor-widget-text-editor\" data-id=\"b5916bd\" data-element_type=\"widget\" data-e-type=\"widget\" data-widget_type=\"text-editor.default\">\n\t\t\t\t<div class=\"elementor-widget-container\">\n\t\t\t\t\t\t\t\t\t<p><strong>YogaSurfCamp.com<\/strong> (\"<strong>wir<\/strong>\", \"<strong>us<\/strong>\", <strong>oder<\/strong> \"<strong>unser<\/strong>\") betreibt das YogaSurfCamp.com . Diese Seite erkl\u00e4rt, wie wir Ihre pers\u00f6nlichen Daten sammeln, verwenden und weitergeben, wenn Sie unseren Service nutzen.<\/p><p>Wir geben Ihre Informationen nur wie in dieser Richtlinie beschrieben weiter. Durch die Nutzung des Dienstes erkl\u00e4ren Sie sich mit der Erfassung und Verwendung von Informationen in \u00dcbereinstimmung mit diesem Dokument einverstanden. Gro\u00dfgeschriebene Begriffe, die hier nicht definiert sind, haben die Bedeutung, die in unseren Allgemeinen Gesch\u00e4ftsbedingungen angegeben ist.<\/p><h2><br \/>1. Erhebung und Nutzung von Informationen<\/h2><p>Bei der Nutzung unseres Dienstes bitten wir Sie m\u00f6glicherweise um die Angabe bestimmter personenbezogener Daten (\"Pers\u00f6nliche Daten\"), die dazu verwendet werden k\u00f6nnen, Sie zu kontaktieren oder zu identifizieren. Dies kann unter anderem Folgendes umfassen:<\/p><p>Name<br \/>E-Mail Adresse<br \/>Rufnummer<br \/>Postanschrift<br \/>Zahlungsdaten (werden sicher von unserem Zahlungsdienstleister verarbeitet; wir speichern keine vollst\u00e4ndigen Kartennummern)<\/p><h2>2. Daten protokollieren<\/h2><p>Wann immer Sie den Dienst besuchen, zeichnen unsere Server automatisch Informationen (\"Logdaten\") auf, die Ihr Browser sendet. Diese Protokolldaten k\u00f6nnen Ihre IP-Adresse, den Browsertyp und die Browserversion, die von Ihnen besuchten Seiten, das Datum und die Uhrzeit Ihres Besuchs, die auf diesen Seiten verbrachte Zeit und andere Statistiken enthalten.<\/p><h2><br \/>3. Cookies<\/h2><p>Cookies sind kleine Textdateien, die auf Ihrem Ger\u00e4t abgelegt werden, um Standard-Internetprotokollinformationen und Daten zum Besucherverhalten zu sammeln. Wir verwenden Cookies, um:<\/p><p>Merken Sie sich Ihre Pr\u00e4ferenzen (z. B. Sprache, W\u00e4hrung, Cookie-Zustimmung)<br \/>Analyse von Website-Verkehr und -Nutzung zur Leistungsverbesserung<br \/>Anzeigen relevanter Marketingbotschaften \u00fcber vertrauensw\u00fcrdige Partner<\/p><p>Sie k\u00f6nnen Ihren Browser so einstellen, dass er Cookies ablehnt oder Sie warnt, wenn Cookies gesendet werden. Wenn Sie dies tun, k\u00f6nnen einige Teile des Dienstes nicht richtig funktionieren.<\/p><h2><br \/>4. Anbieter von Dienstleistungen<\/h2><p>Wir k\u00f6nnen Drittunternehmen damit beauftragen, unseren Dienst zu erleichtern, dienstbezogene Aufgaben durchzuf\u00fchren oder uns bei der Analyse der Nutzung unseres Dienstes zu unterst\u00fctzen. Diese Drittunternehmen haben nur dann Zugang zu Ihren pers\u00f6nlichen Daten, wenn sie diese Aufgaben in unserem Auftrag ausf\u00fchren und sind verpflichtet, Ihre Daten vertraulich zu behandeln.<\/p><h2><br \/>5. Sicherheit<\/h2><p>Wir wissen es zu sch\u00e4tzen, dass Sie uns Ihre pers\u00f6nlichen Daten anvertrauen und bem\u00fchen uns, sie mit kommerziell akzeptablen Mitteln zu sch\u00fctzen. Bedenken Sie jedoch, dass keine Methode der \u00dcbertragung \u00fcber das Internet oder der elektronischen Speicherung 100 % sicher ist, und wir k\u00f6nnen keine absolute Sicherheit garantieren.<br \/>6. Links zu anderen Seiten<\/p><p>Unser Service kann Links zu externen Websites enthalten, die nicht von uns betrieben werden. Wir empfehlen Ihnen dringend, die Datenschutzrichtlinien jeder von Ihnen besuchten Website zu lesen. Wir haben keine Kontrolle \u00fcber - und \u00fcbernehmen keine Verantwortung f\u00fcr - die Inhalte oder Datenschutzpraktiken von Websites Dritter.<\/p><h2><br \/>7. Die Privatsph\u00e4re der Kinder<\/h2><p>Unser Service richtet sich nicht an Personen unter 18 Jahren (\"Kinder\"). Wir sammeln nicht wissentlich pers\u00f6nliche Daten von Kindern. Wenn Sie glauben, dass Ihr Kind uns personenbezogene Daten zur Verf\u00fcgung gestellt hat, kontaktieren Sie uns bitte umgehend und wir werden die Daten entfernen.<\/p><h2><br \/>8. Einhaltung von Gesetzen<\/h2><p>Wir werden Ihre pers\u00f6nlichen Daten offenlegen, wenn wir dazu gesetzlich oder durch eine Vorladung verpflichtet sind.<\/p><h2><br \/>9. \u00c4nderungen an dieser Datenschutzrichtlinie<\/h2><p>Wir k\u00f6nnen diese Datenschutzrichtlinie von Zeit zu Zeit aktualisieren. Wir werden die \u00fcberarbeitete Version auf dieser Seite ver\u00f6ffentlichen und das Datum \"Letzte Aktualisierung\" oben aktualisieren. Ihre fortgesetzte Nutzung des Dienstes, nachdem wir \u00c4nderungen ver\u00f6ffentlicht haben, bedeutet, dass Sie die aktualisierten Bedingungen akzeptieren.<\/p><h2><br \/>10. Kontakt<\/h2><p>Wenn Sie Fragen zu dieser Datenschutzrichtlinie oder zu Ihren Daten haben, wenden Sie sich bitte an uns:<\/p><p>E-Mail: contact@yogasurfcamp.com<br \/>Telefon: +212 6 00 00 00 00<\/p>\t\t\t\t\t\t\t\t<\/div>\n\t\t\t\t<\/div>\n\t\t\t\t\t<\/div>\n\t\t\t\t<\/div>\n\t\t\t\t<\/div>","protected":false},"excerpt":{"rendered":"<p>YogaSurfCamp.com (\u201cwe\u201d, \u201cus\u201d, or \u201cour\u201d) operates the YogaSurfCamp.com . This page explains how we collect, use, and disclose your personal information when you use our Service. We will never share your information except as described in this Policy. By using the Service, you agree to the collection and use of information in accordance with this [&hellip;]<\/p>\n","protected":false},"author":1,"featured_media":0,"parent":0,"menu_order":0,"comment_status":"closed","ping_status":"closed","template":"template-canvas.php","meta":{"footnotes":""},"class_list":["post-7840","page","type-page","status-publish","hentry"],"yoast_head":"<!-- This site is optimized with the Yoast SEO Premium plugin v27.1 (Yoast SEO v27.2) - https:\/\/yoast.com\/product\/yoast-seo-premium-wordpress\/ -->\n<title>Privacy Policy - Yoga Surf Camp Morocco<\/title>\n<meta name=\"robots\" content=\"index, follow, max-snippet:-1, max-image-preview:large, max-video-preview:-1\" \/>\n<link rel=\"canonical\" href=\"https:\/\/www.yogasurfcamp.com\/de\/datenschutzbestimmungen\/\" \/>\n<meta property=\"og:locale\" content=\"de_DE\" \/>\n<meta property=\"og:type\" content=\"article\" \/>\n<meta property=\"og:title\" content=\"Privacy Policy\" \/>\n<meta property=\"og:description\" content=\"YogaSurfCamp.com (\u201cwe\u201d, \u201cus\u201d, or \u201cour\u201d) operates the YogaSurfCamp.com . This page explains how we collect, use, and disclose your personal information when you use our Service. We will never share your information except as described in this Policy. By using the Service, you agree to the collection and use of information in accordance with this [&hellip;]\" \/>\n<meta property=\"og:url\" content=\"https:\/\/www.yogasurfcamp.com\/de\/datenschutzbestimmungen\/\" \/>\n<meta property=\"og:site_name\" content=\"Yoga Surf Camp Morocco\" \/>\n<meta property=\"article:publisher\" content=\"https:\/\/www.facebook.com\/profile.php?id=61578768475831\" \/>\n<meta property=\"article:modified_time\" content=\"2025-07-26T19:45:19+00:00\" \/>\n<meta property=\"og:image\" content=\"https:\/\/www.yogasurfcamp.com\/wp-content\/uploads\/2025\/07\/Logo-2.png\" \/>\n\t<meta property=\"og:image:width\" content=\"1841\" \/>\n\t<meta property=\"og:image:height\" content=\"1797\" \/>\n\t<meta property=\"og:image:type\" content=\"image\/png\" \/>\n<meta name=\"twitter:card\" content=\"summary_large_image\" \/>\n<meta name=\"twitter:label1\" content=\"Gesch\u00e4tzte Lesezeit\" \/>\n\t<meta name=\"twitter:data1\" content=\"3\u00a0Minuten\" \/>\n<script type=\"application\/ld+json\" class=\"yoast-schema-graph\">{\"@context\":\"https:\/\/schema.org\",\"@graph\":[{\"@type\":\"WebPage\",\"@id\":\"https:\/\/www.yogasurfcamp.com\/privacy-policy\/\",\"url\":\"https:\/\/www.yogasurfcamp.com\/privacy-policy\/\",\"name\":\"Privacy Policy - Yoga Surf Camp Morocco\",\"isPartOf\":{\"@id\":\"https:\/\/www.yogasurfcamp.com\/#website\"},\"datePublished\":\"2025-07-22T12:15:41+00:00\",\"dateModified\":\"2025-07-26T19:45:19+00:00\",\"breadcrumb\":{\"@id\":\"https:\/\/www.yogasurfcamp.com\/privacy-policy\/#breadcrumb\"},\"inLanguage\":\"de\",\"potentialAction\":[{\"@type\":\"ReadAction\",\"target\":[\"https:\/\/www.yogasurfcamp.com\/privacy-policy\/\"]}]},{\"@type\":\"BreadcrumbList\",\"@id\":\"https:\/\/www.yogasurfcamp.com\/privacy-policy\/#breadcrumb\",\"itemListElement\":[{\"@type\":\"ListItem\",\"position\":1,\"name\":\"Home\",\"item\":\"https:\/\/www.yogasurfcamp.com\/\"},{\"@type\":\"ListItem\",\"position\":2,\"name\":\"Privacy Policy\"}]},{\"@type\":\"WebSite\",\"@id\":\"https:\/\/www.yogasurfcamp.com\/#website\",\"url\":\"https:\/\/www.yogasurfcamp.com\/\",\"name\":\"Yoga Surf Camp Morocco\",\"description\":\"\",\"publisher\":{\"@id\":\"https:\/\/www.yogasurfcamp.com\/#organization\"},\"potentialAction\":[{\"@type\":\"SearchAction\",\"target\":{\"@type\":\"EntryPoint\",\"urlTemplate\":\"https:\/\/www.yogasurfcamp.com\/?s={search_term_string}\"},\"query-input\":{\"@type\":\"PropertyValueSpecification\",\"valueRequired\":true,\"valueName\":\"search_term_string\"}}],\"inLanguage\":\"de\"},{\"@type\":\"Organization\",\"@id\":\"https:\/\/www.yogasurfcamp.com\/#organization\",\"name\":\"Yoga Surf Camp Morocco\",\"url\":\"https:\/\/www.yogasurfcamp.com\/\",\"logo\":{\"@type\":\"ImageObject\",\"inLanguage\":\"de\",\"@id\":\"https:\/\/www.yogasurfcamp.com\/#\/schema\/logo\/image\/\",\"url\":\"https:\/\/www.yogasurfcamp.com\/wp-content\/uploads\/2026\/01\/Yoga-Surf-camp-1.png\",\"contentUrl\":\"https:\/\/www.yogasurfcamp.com\/wp-content\/uploads\/2026\/01\/Yoga-Surf-camp-1.png\",\"width\":500,\"height\":500,\"caption\":\"Yoga Surf Camp Morocco\"},\"image\":{\"@id\":\"https:\/\/www.yogasurfcamp.com\/#\/schema\/logo\/image\/\"},\"sameAs\":[\"https:\/\/www.facebook.com\/profile.php?id=61578768475831\",\"https:\/\/www.instagram.com\/theyogasurfcamp\"]}]}<\/script>\n<!-- \/ Yoast SEO Premium plugin. -->","yoast_head_json":{"title":"Datenschutzerkl\u00e4rung - Yoga Surf Camp Marokko","robots":{"index":"index","follow":"follow","max-snippet":"max-snippet:-1","max-image-preview":"max-image-preview:large","max-video-preview":"max-video-preview:-1"},"canonical":"https:\/\/www.yogasurfcamp.com\/de\/datenschutzbestimmungen\/","og_locale":"de_DE","og_type":"article","og_title":"Privacy Policy","og_description":"YogaSurfCamp.com (\u201cwe\u201d, \u201cus\u201d, or \u201cour\u201d) operates the YogaSurfCamp.com . This page explains how we collect, use, and disclose your personal information when you use our Service. We will never share your information except as described in this Policy. By using the Service, you agree to the collection and use of information in accordance with this [&hellip;]","og_url":"https:\/\/www.yogasurfcamp.com\/de\/datenschutzbestimmungen\/","og_site_name":"Yoga Surf Camp Morocco","article_publisher":"https:\/\/www.facebook.com\/profile.php?id=61578768475831","article_modified_time":"2025-07-26T19:45:19+00:00","og_image":[{"width":1841,"height":1797,"url":"https:\/\/www.yogasurfcamp.com\/wp-content\/uploads\/2025\/07\/Logo-2.png","type":"image\/png"}],"twitter_card":"summary_large_image","twitter_misc":{"Gesch\u00e4tzte Lesezeit":"3\u00a0Minuten"},"schema":{"@context":"https:\/\/schema.org","@graph":[{"@type":"WebPage","@id":"https:\/\/www.yogasurfcamp.com\/privacy-policy\/","url":"https:\/\/www.yogasurfcamp.com\/privacy-policy\/","name":"Datenschutzerkl\u00e4rung - Yoga Surf Camp Marokko","isPartOf":{"@id":"https:\/\/www.yogasurfcamp.com\/#website"},"datePublished":"2025-07-22T12:15:41+00:00","dateModified":"2025-07-26T19:45:19+00:00","breadcrumb":{"@id":"https:\/\/www.yogasurfcamp.com\/privacy-policy\/#breadcrumb"},"inLanguage":"de","potentialAction":[{"@type":"ReadAction","target":["https:\/\/www.yogasurfcamp.com\/privacy-policy\/"]}]},{"@type":"BreadcrumbList","@id":"https:\/\/www.yogasurfcamp.com\/privacy-policy\/#breadcrumb","itemListElement":[{"@type":"ListItem","position":1,"name":"Home","item":"https:\/\/www.yogasurfcamp.com\/"},{"@type":"ListItem","position":2,"name":"Privacy Policy"}]},{"@type":"WebSite","@id":"https:\/\/www.yogasurfcamp.com\/#website","url":"https:\/\/www.yogasurfcamp.com\/","name":"Yoga Surf Camp Marokko","description":"","publisher":{"@id":"https:\/\/www.yogasurfcamp.com\/#organization"},"potentialAction":[{"@type":"SearchAction","target":{"@type":"EntryPoint","urlTemplate":"https:\/\/www.yogasurfcamp.com\/?s={search_term_string}"},"query-input":{"@type":"PropertyValueSpecification","valueRequired":true,"valueName":"search_term_string"}}],"inLanguage":"de"},{"@type":"Organization","@id":"https:\/\/www.yogasurfcamp.com\/#organization","name":"Yoga Surf Camp Marokko","url":"https:\/\/www.yogasurfcamp.com\/","logo":{"@type":"ImageObject","inLanguage":"de","@id":"https:\/\/www.yogasurfcamp.com\/#\/schema\/logo\/image\/","url":"https:\/\/www.yogasurfcamp.com\/wp-content\/uploads\/2026\/01\/Yoga-Surf-camp-1.png","contentUrl":"https:\/\/www.yogasurfcamp.com\/wp-content\/uploads\/2026\/01\/Yoga-Surf-camp-1.png","width":500,"height":500,"caption":"Yoga Surf Camp Morocco"},"image":{"@id":"https:\/\/www.yogasurfcamp.com\/#\/schema\/logo\/image\/"},"sameAs":["https:\/\/www.facebook.com\/profile.php?id=61578768475831","https:\/\/www.instagram.com\/theyogasurfcamp"]}]}},"_links":{"self":[{"href":"https:\/\/www.yogasurfcamp.com\/de\/wp-json\/wp\/v2\/pages\/7840","targetHints":{"allow":["GET"]}}],"collection":[{"href":"https:\/\/www.yogasurfcamp.com\/de\/wp-json\/wp\/v2\/pages"}],"about":[{"href":"https:\/\/www.yogasurfcamp.com\/de\/wp-json\/wp\/v2\/types\/page"}],"author":[{"embeddable":true,"href":"https:\/\/www.yogasurfcamp.com\/de\/wp-json\/wp\/v2\/users\/1"}],"replies":[{"embeddable":true,"href":"https:\/\/www.yogasurfcamp.com\/de\/wp-json\/wp\/v2\/comments?post=7840"}],"version-history":[{"count":0,"href":"https:\/\/www.yogasurfcamp.com\/de\/wp-json\/wp\/v2\/pages\/7840\/revisions"}],"wp:attachment":[{"href":"https:\/\/www.yogasurfcamp.com\/de\/wp-json\/wp\/v2\/media?parent=7840"}],"curies":[{"name":"wp","href":"https:\/\/api.w.org\/{rel}","templated":true}]}}