{"id":7911,"date":"2025-07-23T01:20:00","date_gmt":"2025-07-23T01:20:00","guid":{"rendered":"https:\/\/www.yogasurfcamp.com\/?post_type=product&#038;p=7911"},"modified":"2026-02-15T23:37:17","modified_gmt":"2026-02-15T23:37:17","slug":"viikon-joogasurffausretki","status":"publish","type":"product","link":"https:\/\/www.yogasurfcamp.com\/fi\/paketit\/viikon-joogasurffausretki\/","title":{"rendered":"Viikon mittainen Jooga &amp; Surf Getaway 7 y\u00f6t\u00e4 \/ 8 p\u00e4iv\u00e4\u00e4"},"content":{"rendered":"<p style=\"text-align: center;\" data-start=\"0\" data-end=\"65\"><strong data-start=\"0\" data-end=\"63\">Yoga Surf Camp - viikon mittainen jooga- ja surffilomamatka (7 y\u00f6t\u00e4 \/ 8 p\u00e4iv\u00e4\u00e4)<\/strong><\/p>\n<p style=\"text-align: center;\" data-start=\"67\" data-end=\"433\">Hemmottele itse\u00e4si lopullisella Taghazout Bayn kokemuksella: kahdeksan auringonpaisteista p\u00e4iv\u00e4\u00e4 surffausta, joogaa ja aitoa marokkolaista vieraanvaraisuutta. The <strong data-start=\"208\" data-end=\"234\">Ultimate Ocean-Om-viikko<\/strong> osoitteessa <strong data-start=\"238\" data-end=\"256\">Jooga Surf Camp<\/strong> antaa sinulle kaiken tarvitsemasi ajan hallita uusia taukoja, syvent\u00e4\u00e4 harjoituksiasi ja tutkia rannikkoa, joka sopii t\u00e4ydellisesti digitaaliseen vieroitukseen, v\u00e4livuoden seikkailuihin tai hyvin ansaittuun sapattivapaaseen.<\/p>","protected":false},"excerpt":{"rendered":"<p>\u2714 Nouto ja j\u00e4tt\u00e4minen Agadirin lentokent\u00e4lt\u00e4 tai linja-autoasemalta.<br \/>\n\u2714 7 y\u00f6t\u00e4 Majoitus<br \/>\n\u2714 Aamiainen, lounas ja p\u00e4iv\u00e4llinen joka p\u00e4iv\u00e4<br \/>\n\u2714 6 p\u00e4iv\u00e4n surffitunnit ISA-sertifioitujen ohjaajien kanssa<br \/>\n\u2714 3 joogasessiota venyttelyyn ja rentoutumiseen<br \/>\n\u2714 Kyytej\u00e4 parhaisiin surffauspaikkoihin ja takaisin<br \/>\n\u2714 Ilmainen surffilauta ja m\u00e4rk\u00e4puvun vuokraus koko p\u00e4iv\u00e4ksi<br \/>\n\u2714 Rajoittamaton aika surffata omatoimisesti<br \/>\n\u2714 P\u00e4iv\u00e4retki Paratiisilaaksoon ja Argan-\u00f6ljykyl\u00e4\u00e4n<br \/>\n\u2714 K\u00e4y vilkkailla paikallisilla markkinoilla (Souk)<br \/>\n\u2714 Kattoterassi ja ilmainen Wi-Fi<\/p>","protected":false},"featured_media":8297,"template":"","meta":[],"product_brand":[],"product_cat":[15],"product_tag":[],"class_list":{"0":"post-7911","1":"product","2":"type-product","3":"status-publish","4":"has-post-thumbnail","6":"product_cat-packages","8":"first","9":"instock","10":"sale","11":"shipping-taxable","12":"product-type-external"},"yoast_head":"<!-- This site is optimized with the Yoast SEO Premium plugin v27.1 (Yoast SEO v27.2) - https:\/\/yoast.com\/product\/yoast-seo-premium-wordpress\/ -->\n<title>One-Week Yoga &amp; Surf Getaway 7\u202fNights\u202f\/\u202f8\u202fDays - Yoga Surf Camp Morocco<\/title>\n<meta name=\"robots\" content=\"index, follow, max-snippet:-1, max-image-preview:large, max-video-preview:-1\" \/>\n<link rel=\"canonical\" href=\"https:\/\/www.yogasurfcamp.com\/fi\/paketit\/viikon-joogasurffausretki\/\" \/>\n<meta property=\"og:locale\" content=\"fi_FI\" \/>\n<meta property=\"og:type\" content=\"article\" \/>\n<meta property=\"og:title\" content=\"One-Week Yoga &amp; Surf Getaway 7\u202fNights\u202f\/\u202f8\u202fDays\" \/>\n<meta property=\"og:description\" content=\"\u2714\u202fPick\u2011up and drop\u2011off at Agadir airport or bus station \u2714\u202f7 Nights Accommodation \u2714\u202fBreakfast, lunch, and dinner every day \u2714 6 Days surf lessons with ISA certified instructors \u2714 3 yoga sessions to stretch and relax \u2714\u202fRides to and from the best surf spots \u2714\u202fFree surfboard and wetsuit rental all day \u2714\u202fUnlimited time to surf on your own \u2714\u202fDay trip to Paradise Valley and an Argan\u2011oil village \u2714\u202fVisit the lively local market (Souk) \u2714\u202fRoof\u2011top terrace, and free Wi\u2011Fi\" \/>\n<meta property=\"og:url\" content=\"https:\/\/www.yogasurfcamp.com\/fi\/paketit\/viikon-joogasurffausretki\/\" \/>\n<meta property=\"og:site_name\" content=\"Yoga Surf Camp Morocco\" \/>\n<meta property=\"article:publisher\" content=\"https:\/\/www.facebook.com\/profile.php?id=61578768475831\" \/>\n<meta property=\"article:modified_time\" content=\"2026-02-15T23:37:17+00:00\" \/>\n<meta property=\"og:image\" content=\"https:\/\/www.yogasurfcamp.com\/wp-content\/uploads\/2025\/07\/Yoga-Surf-Camp-1-6-scaled.jpg\" \/>\n\t<meta property=\"og:image:width\" content=\"2560\" \/>\n\t<meta property=\"og:image:height\" content=\"1441\" \/>\n\t<meta property=\"og:image:type\" content=\"image\/jpeg\" \/>\n<meta name=\"twitter:card\" content=\"summary_large_image\" \/>\n<meta name=\"twitter:label1\" content=\"Arvioitu lukuaika\" \/>\n\t<meta name=\"twitter:data1\" content=\"1 minuutti\" \/>\n<script type=\"application\/ld+json\" class=\"yoast-schema-graph\">{\"@context\":\"https:\/\/schema.org\",\"@graph\":[{\"@type\":\"WebPage\",\"@id\":\"https:\/\/www.yogasurfcamp.com\/packages\/one-week-yoga-surf-getaway\/\",\"url\":\"https:\/\/www.yogasurfcamp.com\/packages\/one-week-yoga-surf-getaway\/\",\"name\":\"One-Week Yoga & Surf Getaway 7\u202fNights\u202f\/\u202f8\u202fDays - Yoga Surf Camp Morocco\",\"isPartOf\":{\"@id\":\"https:\/\/www.yogasurfcamp.com\/#website\"},\"primaryImageOfPage\":{\"@id\":\"https:\/\/www.yogasurfcamp.com\/packages\/one-week-yoga-surf-getaway\/#primaryimage\"},\"image\":{\"@id\":\"https:\/\/www.yogasurfcamp.com\/packages\/one-week-yoga-surf-getaway\/#primaryimage\"},\"thumbnailUrl\":\"https:\/\/www.yogasurfcamp.com\/wp-content\/uploads\/2025\/07\/Yoga-Surf-Camp-1-6-scaled.jpg\",\"datePublished\":\"2025-07-23T01:20:00+00:00\",\"dateModified\":\"2026-02-15T23:37:17+00:00\",\"breadcrumb\":{\"@id\":\"https:\/\/www.yogasurfcamp.com\/packages\/one-week-yoga-surf-getaway\/#breadcrumb\"},\"inLanguage\":\"fi\",\"potentialAction\":[{\"@type\":\"ReadAction\",\"target\":[\"https:\/\/www.yogasurfcamp.com\/packages\/one-week-yoga-surf-getaway\/\"]}]},{\"@type\":\"ImageObject\",\"inLanguage\":\"fi\",\"@id\":\"https:\/\/www.yogasurfcamp.com\/packages\/one-week-yoga-surf-getaway\/#primaryimage\",\"url\":\"https:\/\/www.yogasurfcamp.com\/wp-content\/uploads\/2025\/07\/Yoga-Surf-Camp-1-6-scaled.jpg\",\"contentUrl\":\"https:\/\/www.yogasurfcamp.com\/wp-content\/uploads\/2025\/07\/Yoga-Surf-Camp-1-6-scaled.jpg\",\"width\":2560,\"height\":1441,\"caption\":\"Yoga\u202fSurf\u202fCamp\"},{\"@type\":\"BreadcrumbList\",\"@id\":\"https:\/\/www.yogasurfcamp.com\/packages\/one-week-yoga-surf-getaway\/#breadcrumb\",\"itemListElement\":[{\"@type\":\"ListItem\",\"position\":1,\"name\":\"Home\",\"item\":\"https:\/\/www.yogasurfcamp.com\/\"},{\"@type\":\"ListItem\",\"position\":2,\"name\":\"Products\",\"item\":\"https:\/\/www.yogasurfcamp.com\/packages__trashed\/\"},{\"@type\":\"ListItem\",\"position\":3,\"name\":\"One-Week Yoga &#038; Surf Getaway 7\u202fNights\u202f\/\u202f8\u202fDays\"}]},{\"@type\":\"WebSite\",\"@id\":\"https:\/\/www.yogasurfcamp.com\/#website\",\"url\":\"https:\/\/www.yogasurfcamp.com\/\",\"name\":\"Yoga Surf Camp Morocco\",\"description\":\"\",\"publisher\":{\"@id\":\"https:\/\/www.yogasurfcamp.com\/#organization\"},\"potentialAction\":[{\"@type\":\"SearchAction\",\"target\":{\"@type\":\"EntryPoint\",\"urlTemplate\":\"https:\/\/www.yogasurfcamp.com\/?s={search_term_string}\"},\"query-input\":{\"@type\":\"PropertyValueSpecification\",\"valueRequired\":true,\"valueName\":\"search_term_string\"}}],\"inLanguage\":\"fi\"},{\"@type\":\"Organization\",\"@id\":\"https:\/\/www.yogasurfcamp.com\/#organization\",\"name\":\"Yoga Surf Camp Morocco\",\"url\":\"https:\/\/www.yogasurfcamp.com\/\",\"logo\":{\"@type\":\"ImageObject\",\"inLanguage\":\"fi\",\"@id\":\"https:\/\/www.yogasurfcamp.com\/#\/schema\/logo\/image\/\",\"url\":\"https:\/\/www.yogasurfcamp.com\/wp-content\/uploads\/2026\/01\/Yoga-Surf-camp-1.png\",\"contentUrl\":\"https:\/\/www.yogasurfcamp.com\/wp-content\/uploads\/2026\/01\/Yoga-Surf-camp-1.png\",\"width\":500,\"height\":500,\"caption\":\"Yoga Surf Camp Morocco\"},\"image\":{\"@id\":\"https:\/\/www.yogasurfcamp.com\/#\/schema\/logo\/image\/\"},\"sameAs\":[\"https:\/\/www.facebook.com\/profile.php?id=61578768475831\",\"https:\/\/www.instagram.com\/theyogasurfcamp\"]}]}<\/script>\n<!-- \/ Yoast SEO Premium plugin. -->","yoast_head_json":{"title":"Viikon mittainen Jooga &amp; Surf Getaway 7 y\u00f6t\u00e4 \/ 8 p\u00e4iv\u00e4\u00e4 - Yoga Surf Camp Marokko","robots":{"index":"index","follow":"follow","max-snippet":"max-snippet:-1","max-image-preview":"max-image-preview:large","max-video-preview":"max-video-preview:-1"},"canonical":"https:\/\/www.yogasurfcamp.com\/fi\/paketit\/viikon-joogasurffausretki\/","og_locale":"fi_FI","og_type":"article","og_title":"One-Week Yoga & Surf Getaway 7\u202fNights\u202f\/\u202f8\u202fDays","og_description":"\u2714\u202fPick\u2011up and drop\u2011off at Agadir airport or bus station \u2714\u202f7 Nights Accommodation \u2714\u202fBreakfast, lunch, and dinner every day \u2714 6 Days surf lessons with ISA certified instructors \u2714 3 yoga sessions to stretch and relax \u2714\u202fRides to and from the best surf spots \u2714\u202fFree surfboard and wetsuit rental all day \u2714\u202fUnlimited time to surf on your own \u2714\u202fDay trip to Paradise Valley and an Argan\u2011oil village \u2714\u202fVisit the lively local market (Souk) \u2714\u202fRoof\u2011top terrace, and free Wi\u2011Fi","og_url":"https:\/\/www.yogasurfcamp.com\/fi\/paketit\/viikon-joogasurffausretki\/","og_site_name":"Yoga Surf Camp Morocco","article_publisher":"https:\/\/www.facebook.com\/profile.php?id=61578768475831","article_modified_time":"2026-02-15T23:37:17+00:00","og_image":[{"width":2560,"height":1441,"url":"https:\/\/www.yogasurfcamp.com\/wp-content\/uploads\/2025\/07\/Yoga-Surf-Camp-1-6-scaled.jpg","type":"image\/jpeg"}],"twitter_card":"summary_large_image","twitter_misc":{"Arvioitu lukuaika":"1 minuutti"},"schema":{"@context":"https:\/\/schema.org","@graph":[{"@type":"WebPage","@id":"https:\/\/www.yogasurfcamp.com\/packages\/one-week-yoga-surf-getaway\/","url":"https:\/\/www.yogasurfcamp.com\/packages\/one-week-yoga-surf-getaway\/","name":"Viikon mittainen Jooga &amp; Surf Getaway 7 y\u00f6t\u00e4 \/ 8 p\u00e4iv\u00e4\u00e4 - Yoga Surf Camp Marokko","isPartOf":{"@id":"https:\/\/www.yogasurfcamp.com\/#website"},"primaryImageOfPage":{"@id":"https:\/\/www.yogasurfcamp.com\/packages\/one-week-yoga-surf-getaway\/#primaryimage"},"image":{"@id":"https:\/\/www.yogasurfcamp.com\/packages\/one-week-yoga-surf-getaway\/#primaryimage"},"thumbnailUrl":"https:\/\/www.yogasurfcamp.com\/wp-content\/uploads\/2025\/07\/Yoga-Surf-Camp-1-6-scaled.jpg","datePublished":"2025-07-23T01:20:00+00:00","dateModified":"2026-02-15T23:37:17+00:00","breadcrumb":{"@id":"https:\/\/www.yogasurfcamp.com\/packages\/one-week-yoga-surf-getaway\/#breadcrumb"},"inLanguage":"fi","potentialAction":[{"@type":"ReadAction","target":["https:\/\/www.yogasurfcamp.com\/packages\/one-week-yoga-surf-getaway\/"]}]},{"@type":"ImageObject","inLanguage":"fi","@id":"https:\/\/www.yogasurfcamp.com\/packages\/one-week-yoga-surf-getaway\/#primaryimage","url":"https:\/\/www.yogasurfcamp.com\/wp-content\/uploads\/2025\/07\/Yoga-Surf-Camp-1-6-scaled.jpg","contentUrl":"https:\/\/www.yogasurfcamp.com\/wp-content\/uploads\/2025\/07\/Yoga-Surf-Camp-1-6-scaled.jpg","width":2560,"height":1441,"caption":"Yoga\u202fSurf\u202fCamp"},{"@type":"BreadcrumbList","@id":"https:\/\/www.yogasurfcamp.com\/packages\/one-week-yoga-surf-getaway\/#breadcrumb","itemListElement":[{"@type":"ListItem","position":1,"name":"Home","item":"https:\/\/www.yogasurfcamp.com\/"},{"@type":"ListItem","position":2,"name":"Products","item":"https:\/\/www.yogasurfcamp.com\/packages__trashed\/"},{"@type":"ListItem","position":3,"name":"One-Week Yoga &#038; Surf Getaway 7\u202fNights\u202f\/\u202f8\u202fDays"}]},{"@type":"WebSite","@id":"https:\/\/www.yogasurfcamp.com\/#website","url":"https:\/\/www.yogasurfcamp.com\/","name":"Jooga Surf Camp Marokko","description":"","publisher":{"@id":"https:\/\/www.yogasurfcamp.com\/#organization"},"potentialAction":[{"@type":"SearchAction","target":{"@type":"EntryPoint","urlTemplate":"https:\/\/www.yogasurfcamp.com\/?s={search_term_string}"},"query-input":{"@type":"PropertyValueSpecification","valueRequired":true,"valueName":"search_term_string"}}],"inLanguage":"fi"},{"@type":"Organization","@id":"https:\/\/www.yogasurfcamp.com\/#organization","name":"Jooga Surf Camp Marokko","url":"https:\/\/www.yogasurfcamp.com\/","logo":{"@type":"ImageObject","inLanguage":"fi","@id":"https:\/\/www.yogasurfcamp.com\/#\/schema\/logo\/image\/","url":"https:\/\/www.yogasurfcamp.com\/wp-content\/uploads\/2026\/01\/Yoga-Surf-camp-1.png","contentUrl":"https:\/\/www.yogasurfcamp.com\/wp-content\/uploads\/2026\/01\/Yoga-Surf-camp-1.png","width":500,"height":500,"caption":"Yoga Surf Camp Morocco"},"image":{"@id":"https:\/\/www.yogasurfcamp.com\/#\/schema\/logo\/image\/"},"sameAs":["https:\/\/www.facebook.com\/profile.php?id=61578768475831","https:\/\/www.instagram.com\/theyogasurfcamp"]}]}},"_links":{"self":[{"href":"https:\/\/www.yogasurfcamp.com\/fi\/wp-json\/wp\/v2\/product\/7911","targetHints":{"allow":["GET"]}}],"collection":[{"href":"https:\/\/www.yogasurfcamp.com\/fi\/wp-json\/wp\/v2\/product"}],"about":[{"href":"https:\/\/www.yogasurfcamp.com\/fi\/wp-json\/wp\/v2\/types\/product"}],"wp:featuredmedia":[{"embeddable":true,"href":"https:\/\/www.yogasurfcamp.com\/fi\/wp-json\/wp\/v2\/media\/8297"}],"wp:attachment":[{"href":"https:\/\/www.yogasurfcamp.com\/fi\/wp-json\/wp\/v2\/media?parent=7911"}],"wp:term":[{"taxonomy":"product_brand","embeddable":true,"href":"https:\/\/www.yogasurfcamp.com\/fi\/wp-json\/wp\/v2\/product_brand?post=7911"},{"taxonomy":"product_cat","embeddable":true,"href":"https:\/\/www.yogasurfcamp.com\/fi\/wp-json\/wp\/v2\/product_cat?post=7911"},{"taxonomy":"product_tag","embeddable":true,"href":"https:\/\/www.yogasurfcamp.com\/fi\/wp-json\/wp\/v2\/product_tag?post=7911"}],"curies":[{"name":"wp","href":"https:\/\/api.w.org\/{rel}","templated":true}]}}