{"id":7840,"date":"2025-07-22T12:15:41","date_gmt":"2025-07-22T12:15:41","guid":{"rendered":"https:\/\/www.yogasurfcamp.com\/?page_id=7840"},"modified":"2025-07-26T19:45:19","modified_gmt":"2025-07-26T19:45:19","slug":"politique-de-confidentialite","status":"publish","type":"page","link":"https:\/\/www.yogasurfcamp.com\/fr\/politique-de-confidentialite\/","title":{"rendered":"Politique de confidentialit\u00e9"},"content":{"rendered":"<div data-elementor-type=\"wp-page\" data-elementor-id=\"7840\" class=\"elementor elementor-7840\" data-elementor-post-type=\"page\">\n\t\t\t\t<div class=\"elementor-element elementor-element-fc93f45 e-flex e-con-boxed e-con e-parent\" data-id=\"fc93f45\" data-element_type=\"container\" data-e-type=\"container\">\n\t\t\t\t\t<div class=\"e-con-inner\">\n\t\t\t\t<div class=\"elementor-element elementor-element-b5916bd elementor-widget elementor-widget-text-editor\" data-id=\"b5916bd\" data-element_type=\"widget\" data-e-type=\"widget\" data-widget_type=\"text-editor.default\">\n\t\t\t\t<div class=\"elementor-widget-container\">\n\t\t\t\t\t\t\t\t\t<p><strong>YogaSurfCamp.com<\/strong> (\"<strong>nous<\/strong>\", \"<strong>nous<\/strong>\", <strong>ou<\/strong> \"<strong>notre<\/strong>\") exploite le site YogaSurfCamp.com . Cette page explique comment nous recueillons, utilisons et divulguons vos informations personnelles lorsque vous utilisez notre service.<\/p><p>Nous ne partagerons jamais vos informations, sauf dans les cas d\u00e9crits dans la pr\u00e9sente politique. En utilisant le service, vous acceptez la collecte et l'utilisation des informations conform\u00e9ment au pr\u00e9sent document. Les termes en majuscules qui ne sont pas d\u00e9finis ici ont la signification qui leur est donn\u00e9e dans nos conditions g\u00e9n\u00e9rales.<\/p><h2><br \/>1. Collecte et utilisation des informations<\/h2><p>Lors de l'utilisation de notre service, nous pouvons vous demander de fournir certaines informations personnellement identifiables (\"informations personnelles\") qui peuvent \u00eatre utilis\u00e9es pour vous contacter ou vous identifier. Il peut s'agir, entre autres, des \u00e9l\u00e9ments suivants<\/p><p>Nom<br \/>Adresse \u00e9lectronique<br \/>Num\u00e9ro de t\u00e9l\u00e9phone<br \/>Adresse postale<br \/>Donn\u00e9es de paiement (trait\u00e9es de mani\u00e8re s\u00e9curis\u00e9e par notre processeur de paiement ; nous ne conservons pas les num\u00e9ros de carte complets)<\/p><h2>2. Donn\u00e9es du journal<\/h2><p>Chaque fois que vous visitez le service, nos serveurs enregistrent automatiquement les informations (\"donn\u00e9es de journal\") que votre navigateur envoie. Ces donn\u00e9es peuvent inclure votre adresse IP, le type et la version de votre navigateur, les pages que vous visitez, la date et l'heure de votre visite, le temps pass\u00e9 sur ces pages et d'autres statistiques.<\/p><h2><br \/>3. Cookies<\/h2><p>Les cookies sont de petits fichiers texte plac\u00e9s sur votre appareil pour collecter des informations de journal Internet standard et des donn\u00e9es sur le comportement des visiteurs. Nous utilisons les cookies pour :<\/p><p>M\u00e9moriser vos pr\u00e9f\u00e9rences (par exemple, langue, devise, consentement \u00e0 l'utilisation de cookies)<br \/>Analyser le trafic et l'utilisation du site pour en am\u00e9liorer les performances<br \/>Diffuser des messages marketing pertinents par l'interm\u00e9diaire de partenaires de confiance<\/p><p>Vous pouvez configurer votre navigateur de mani\u00e8re \u00e0 ce qu'il refuse les cookies ou qu'il vous avertisse lorsque des cookies sont envoy\u00e9s. Dans ce cas, certaines parties du service peuvent ne pas fonctionner correctement.<\/p><h2><br \/>4. Prestataires de services<\/h2><p>Nous pouvons faire appel \u00e0 des soci\u00e9t\u00e9s tierces pour faciliter notre service, effectuer des t\u00e2ches li\u00e9es au service ou nous aider \u00e0 analyser la mani\u00e8re dont notre service est utilis\u00e9. Ces tiers n'ont acc\u00e8s \u00e0 vos informations personnelles que pour effectuer ces t\u00e2ches en notre nom et sont tenus de garder vos donn\u00e9es confidentielles.<\/p><h2><br \/>5. La s\u00e9curit\u00e9<\/h2><p>Nous appr\u00e9cions la confiance que vous nous accordez en nous fournissant vos informations personnelles et nous nous effor\u00e7ons d'utiliser des moyens commercialement acceptables pour les prot\u00e9ger. Toutefois, n'oubliez pas qu'aucune m\u00e9thode de transmission sur l'internet ou de stockage \u00e9lectronique n'est s\u00fbre \u00e0 100 % pr\u00e8s et que nous ne pouvons pas garantir une s\u00e9curit\u00e9 absolue.<br \/>6. Liens vers d'autres sites<\/p><p>Notre service peut contenir des liens vers des sites externes que nous n'exploitons pas. Nous vous conseillons vivement de consulter la politique de confidentialit\u00e9 de chaque site que vous visitez. Nous n'avons aucun contr\u00f4le et n'assumons aucune responsabilit\u00e9 quant au contenu ou aux pratiques de confidentialit\u00e9 des sites tiers.<\/p><h2><br \/>7. Vie priv\u00e9e des enfants<\/h2><p>Notre service ne s'adresse pas aux personnes de moins de 18 ans (\"enfants\"). Nous ne recueillons pas sciemment d'informations personnelles aupr\u00e8s d'enfants. Si vous pensez que votre enfant nous a fourni des informations personnelles, veuillez nous contacter imm\u00e9diatement et nous supprimerons ces donn\u00e9es.<\/p><h2><br \/>8. Respect des lois<\/h2><p>Nous divulguerons vos informations personnelles si la loi ou une citation \u00e0 compara\u00eetre nous y oblige.<\/p><h2><br \/>9. Modifications de la pr\u00e9sente politique de protection de la vie priv\u00e9e<\/h2><p>Nous pouvons mettre \u00e0 jour la pr\u00e9sente politique de confidentialit\u00e9 de temps \u00e0 autre. Nous publierons la version r\u00e9vis\u00e9e sur cette page et mettrons \u00e0 jour la date de \"derni\u00e8re mise \u00e0 jour\" ci-dessus. En continuant \u00e0 utiliser le service apr\u00e8s la publication des modifications, vous acceptez les conditions mises \u00e0 jour.<\/p><h2><br \/>10. Nous contacter<\/h2><p>Si vous avez des questions concernant la pr\u00e9sente politique de confidentialit\u00e9 ou vos donn\u00e9es, veuillez nous contacter :<\/p><p>Courriel : contact@yogasurfcamp.com<br \/>T\u00e9l\u00e9phone : +212 6 00 00 00 00 +212 6 00 00 00 00<\/p>\t\t\t\t\t\t\t\t<\/div>\n\t\t\t\t<\/div>\n\t\t\t\t\t<\/div>\n\t\t\t\t<\/div>\n\t\t\t\t<\/div>","protected":false},"excerpt":{"rendered":"<p>YogaSurfCamp.com (\u201cwe\u201d, \u201cus\u201d, or \u201cour\u201d) operates the YogaSurfCamp.com . This page explains how we collect, use, and disclose your personal information when you use our Service. We will never share your information except as described in this Policy. By using the Service, you agree to the collection and use of information in accordance with this [&hellip;]<\/p>\n","protected":false},"author":1,"featured_media":0,"parent":0,"menu_order":0,"comment_status":"closed","ping_status":"closed","template":"template-canvas.php","meta":{"footnotes":""},"class_list":["post-7840","page","type-page","status-publish","hentry"],"yoast_head":"<!-- This site is optimized with the Yoast SEO Premium plugin v27.1 (Yoast SEO v27.2) - https:\/\/yoast.com\/product\/yoast-seo-premium-wordpress\/ -->\n<title>Privacy Policy - Yoga Surf Camp Morocco<\/title>\n<meta name=\"robots\" content=\"index, follow, max-snippet:-1, max-image-preview:large, max-video-preview:-1\" \/>\n<link rel=\"canonical\" href=\"https:\/\/www.yogasurfcamp.com\/fr\/politique-de-confidentialite\/\" \/>\n<meta property=\"og:locale\" content=\"fr_FR\" \/>\n<meta property=\"og:type\" content=\"article\" \/>\n<meta property=\"og:title\" content=\"Privacy Policy\" \/>\n<meta property=\"og:description\" content=\"YogaSurfCamp.com (\u201cwe\u201d, \u201cus\u201d, or \u201cour\u201d) operates the YogaSurfCamp.com . This page explains how we collect, use, and disclose your personal information when you use our Service. We will never share your information except as described in this Policy. By using the Service, you agree to the collection and use of information in accordance with this [&hellip;]\" \/>\n<meta property=\"og:url\" content=\"https:\/\/www.yogasurfcamp.com\/fr\/politique-de-confidentialite\/\" \/>\n<meta property=\"og:site_name\" content=\"Yoga Surf Camp Morocco\" \/>\n<meta property=\"article:publisher\" content=\"https:\/\/www.facebook.com\/profile.php?id=61578768475831\" \/>\n<meta property=\"article:modified_time\" content=\"2025-07-26T19:45:19+00:00\" \/>\n<meta property=\"og:image\" content=\"https:\/\/www.yogasurfcamp.com\/wp-content\/uploads\/2025\/07\/Logo-2.png\" \/>\n\t<meta property=\"og:image:width\" content=\"1841\" \/>\n\t<meta property=\"og:image:height\" content=\"1797\" \/>\n\t<meta property=\"og:image:type\" content=\"image\/png\" \/>\n<meta name=\"twitter:card\" content=\"summary_large_image\" \/>\n<meta name=\"twitter:label1\" content=\"Dur\u00e9e de lecture estim\u00e9e\" \/>\n\t<meta name=\"twitter:data1\" content=\"3 minutes\" \/>\n<script type=\"application\/ld+json\" class=\"yoast-schema-graph\">{\"@context\":\"https:\/\/schema.org\",\"@graph\":[{\"@type\":\"WebPage\",\"@id\":\"https:\/\/www.yogasurfcamp.com\/privacy-policy\/\",\"url\":\"https:\/\/www.yogasurfcamp.com\/privacy-policy\/\",\"name\":\"Privacy Policy - Yoga Surf Camp Morocco\",\"isPartOf\":{\"@id\":\"https:\/\/www.yogasurfcamp.com\/#website\"},\"datePublished\":\"2025-07-22T12:15:41+00:00\",\"dateModified\":\"2025-07-26T19:45:19+00:00\",\"breadcrumb\":{\"@id\":\"https:\/\/www.yogasurfcamp.com\/privacy-policy\/#breadcrumb\"},\"inLanguage\":\"fr-FR\",\"potentialAction\":[{\"@type\":\"ReadAction\",\"target\":[\"https:\/\/www.yogasurfcamp.com\/privacy-policy\/\"]}]},{\"@type\":\"BreadcrumbList\",\"@id\":\"https:\/\/www.yogasurfcamp.com\/privacy-policy\/#breadcrumb\",\"itemListElement\":[{\"@type\":\"ListItem\",\"position\":1,\"name\":\"Home\",\"item\":\"https:\/\/www.yogasurfcamp.com\/\"},{\"@type\":\"ListItem\",\"position\":2,\"name\":\"Privacy Policy\"}]},{\"@type\":\"WebSite\",\"@id\":\"https:\/\/www.yogasurfcamp.com\/#website\",\"url\":\"https:\/\/www.yogasurfcamp.com\/\",\"name\":\"Yoga Surf Camp Morocco\",\"description\":\"\",\"publisher\":{\"@id\":\"https:\/\/www.yogasurfcamp.com\/#organization\"},\"potentialAction\":[{\"@type\":\"SearchAction\",\"target\":{\"@type\":\"EntryPoint\",\"urlTemplate\":\"https:\/\/www.yogasurfcamp.com\/?s={search_term_string}\"},\"query-input\":{\"@type\":\"PropertyValueSpecification\",\"valueRequired\":true,\"valueName\":\"search_term_string\"}}],\"inLanguage\":\"fr-FR\"},{\"@type\":\"Organization\",\"@id\":\"https:\/\/www.yogasurfcamp.com\/#organization\",\"name\":\"Yoga Surf Camp Morocco\",\"url\":\"https:\/\/www.yogasurfcamp.com\/\",\"logo\":{\"@type\":\"ImageObject\",\"inLanguage\":\"fr-FR\",\"@id\":\"https:\/\/www.yogasurfcamp.com\/#\/schema\/logo\/image\/\",\"url\":\"https:\/\/www.yogasurfcamp.com\/wp-content\/uploads\/2026\/01\/Yoga-Surf-camp-1.png\",\"contentUrl\":\"https:\/\/www.yogasurfcamp.com\/wp-content\/uploads\/2026\/01\/Yoga-Surf-camp-1.png\",\"width\":500,\"height\":500,\"caption\":\"Yoga Surf Camp Morocco\"},\"image\":{\"@id\":\"https:\/\/www.yogasurfcamp.com\/#\/schema\/logo\/image\/\"},\"sameAs\":[\"https:\/\/www.facebook.com\/profile.php?id=61578768475831\",\"https:\/\/www.instagram.com\/theyogasurfcamp\"]}]}<\/script>\n<!-- \/ Yoast SEO Premium plugin. -->","yoast_head_json":{"title":"Politique de confidentialit\u00e9 - Yoga Surf Camp Morocco","robots":{"index":"index","follow":"follow","max-snippet":"max-snippet:-1","max-image-preview":"max-image-preview:large","max-video-preview":"max-video-preview:-1"},"canonical":"https:\/\/www.yogasurfcamp.com\/fr\/politique-de-confidentialite\/","og_locale":"fr_FR","og_type":"article","og_title":"Privacy Policy","og_description":"YogaSurfCamp.com (\u201cwe\u201d, \u201cus\u201d, or \u201cour\u201d) operates the YogaSurfCamp.com . This page explains how we collect, use, and disclose your personal information when you use our Service. We will never share your information except as described in this Policy. By using the Service, you agree to the collection and use of information in accordance with this [&hellip;]","og_url":"https:\/\/www.yogasurfcamp.com\/fr\/politique-de-confidentialite\/","og_site_name":"Yoga Surf Camp Morocco","article_publisher":"https:\/\/www.facebook.com\/profile.php?id=61578768475831","article_modified_time":"2025-07-26T19:45:19+00:00","og_image":[{"width":1841,"height":1797,"url":"https:\/\/www.yogasurfcamp.com\/wp-content\/uploads\/2025\/07\/Logo-2.png","type":"image\/png"}],"twitter_card":"summary_large_image","twitter_misc":{"Dur\u00e9e de lecture estim\u00e9e":"3 minutes"},"schema":{"@context":"https:\/\/schema.org","@graph":[{"@type":"WebPage","@id":"https:\/\/www.yogasurfcamp.com\/privacy-policy\/","url":"https:\/\/www.yogasurfcamp.com\/privacy-policy\/","name":"Politique de confidentialit\u00e9 - Yoga Surf Camp Morocco","isPartOf":{"@id":"https:\/\/www.yogasurfcamp.com\/#website"},"datePublished":"2025-07-22T12:15:41+00:00","dateModified":"2025-07-26T19:45:19+00:00","breadcrumb":{"@id":"https:\/\/www.yogasurfcamp.com\/privacy-policy\/#breadcrumb"},"inLanguage":"fr-FR","potentialAction":[{"@type":"ReadAction","target":["https:\/\/www.yogasurfcamp.com\/privacy-policy\/"]}]},{"@type":"BreadcrumbList","@id":"https:\/\/www.yogasurfcamp.com\/privacy-policy\/#breadcrumb","itemListElement":[{"@type":"ListItem","position":1,"name":"Home","item":"https:\/\/www.yogasurfcamp.com\/"},{"@type":"ListItem","position":2,"name":"Privacy Policy"}]},{"@type":"WebSite","@id":"https:\/\/www.yogasurfcamp.com\/#website","url":"https:\/\/www.yogasurfcamp.com\/","name":"Yoga Surf Camp Maroc","description":"","publisher":{"@id":"https:\/\/www.yogasurfcamp.com\/#organization"},"potentialAction":[{"@type":"SearchAction","target":{"@type":"EntryPoint","urlTemplate":"https:\/\/www.yogasurfcamp.com\/?s={search_term_string}"},"query-input":{"@type":"PropertyValueSpecification","valueRequired":true,"valueName":"search_term_string"}}],"inLanguage":"fr-FR"},{"@type":"Organization","@id":"https:\/\/www.yogasurfcamp.com\/#organization","name":"Yoga Surf Camp Maroc","url":"https:\/\/www.yogasurfcamp.com\/","logo":{"@type":"ImageObject","inLanguage":"fr-FR","@id":"https:\/\/www.yogasurfcamp.com\/#\/schema\/logo\/image\/","url":"https:\/\/www.yogasurfcamp.com\/wp-content\/uploads\/2026\/01\/Yoga-Surf-camp-1.png","contentUrl":"https:\/\/www.yogasurfcamp.com\/wp-content\/uploads\/2026\/01\/Yoga-Surf-camp-1.png","width":500,"height":500,"caption":"Yoga Surf Camp Morocco"},"image":{"@id":"https:\/\/www.yogasurfcamp.com\/#\/schema\/logo\/image\/"},"sameAs":["https:\/\/www.facebook.com\/profile.php?id=61578768475831","https:\/\/www.instagram.com\/theyogasurfcamp"]}]}},"_links":{"self":[{"href":"https:\/\/www.yogasurfcamp.com\/fr\/wp-json\/wp\/v2\/pages\/7840","targetHints":{"allow":["GET"]}}],"collection":[{"href":"https:\/\/www.yogasurfcamp.com\/fr\/wp-json\/wp\/v2\/pages"}],"about":[{"href":"https:\/\/www.yogasurfcamp.com\/fr\/wp-json\/wp\/v2\/types\/page"}],"author":[{"embeddable":true,"href":"https:\/\/www.yogasurfcamp.com\/fr\/wp-json\/wp\/v2\/users\/1"}],"replies":[{"embeddable":true,"href":"https:\/\/www.yogasurfcamp.com\/fr\/wp-json\/wp\/v2\/comments?post=7840"}],"version-history":[{"count":0,"href":"https:\/\/www.yogasurfcamp.com\/fr\/wp-json\/wp\/v2\/pages\/7840\/revisions"}],"wp:attachment":[{"href":"https:\/\/www.yogasurfcamp.com\/fr\/wp-json\/wp\/v2\/media?parent=7840"}],"curies":[{"name":"wp","href":"https:\/\/api.w.org\/{rel}","templated":true}]}}