{"id":7878,"date":"2025-07-23T00:18:25","date_gmt":"2025-07-23T00:18:25","guid":{"rendered":"https:\/\/www.yogasurfcamp.com\/?post_type=product&#038;p=7878"},"modified":"2026-04-23T15:49:29","modified_gmt":"2026-04-23T15:49:29","slug":"quick-flow-escape-2-nuits-3-jours","status":"publish","type":"product","link":"https:\/\/www.yogasurfcamp.com\/fr\/paquets\/quick-flow-escape-2-nuits-3-jours\/","title":{"rendered":"Quick Flow Escape 2 nuits \/ 3 jours"},"content":{"rendered":"<p style=\"text-align: center;\">Camp de Yoga Surf Quick Flow Escape (2 Nuits \/ 3 Jours)<br \/>\nVous cherchez une escapade rapide au Maroc pour faire du surf et du stretching ? Notre escapade Quick Flow au Yoga Surf Camp offre deux nuits de bonheur c\u00f4tier dans la baie de Taghazout, parfaites pour un week-end prolong\u00e9. Combinez le yoga au coucher du soleil avec des cours de surf quotidiens, des repas locaux frais et des vues panoramiques sur l'Atlantique pour une retraite compacte qui maximise le temps pass\u00e9 dans les vagues et les vibrations zen.<\/p>","protected":false},"excerpt":{"rendered":"<p>\u2714 Prise en charge et retour \u00e0 l'a\u00e9roport ou \u00e0 la gare routi\u00e8re d'Agadir<br \/>\n2 nuits d'h\u00e9bergement<br \/>\n\u2714 Petit-d\u00e9jeuner, d\u00e9jeuner et d\u00eener tous les jours<br \/>\n2 jours de cours de surf avec des instructeurs certifi\u00e9s ISA<br \/>\n1 s\u00e9ance de yoga pour s'\u00e9tirer et se d\u00e9tendre<br \/>\n\u2714 Transport vers et depuis les meilleurs spots de surf<br \/>\n\u2714 Location gratuite de planches de surf et de combinaisons toute la journ\u00e9e<br \/>\n\u2714 Temps illimit\u00e9 pour surfer \u00e0 sa guise<br \/>\n\u2714 Photos de surf, terrasse sur le toit et Wi-Fi gratuit<\/p>","protected":false},"featured_media":7882,"template":"","meta":[],"product_brand":[],"product_cat":[15],"product_tag":[],"class_list":{"0":"post-7878","1":"product","2":"type-product","3":"status-publish","4":"has-post-thumbnail","6":"product_cat-packages","8":"first","9":"instock","10":"sale","11":"shipping-taxable","12":"product-type-external"},"yoast_head":"<!-- This site is optimized with the Yoast SEO Premium plugin v27.1 (Yoast SEO v27.4) - https:\/\/yoast.com\/product\/yoast-seo-premium-wordpress\/ -->\n<title>Quick\u202fFlow Escape 2\u202fNights\u202f\/\u202f3\u202fDays - Yoga Surf Camp Morocco<\/title>\n<meta name=\"robots\" content=\"index, follow, max-snippet:-1, max-image-preview:large, max-video-preview:-1\" \/>\n<link rel=\"canonical\" href=\"https:\/\/www.yogasurfcamp.com\/fr\/paquets\/quick-flow-escape-2-nuits-3-jours\/\" \/>\n<meta property=\"og:locale\" content=\"fr_FR\" \/>\n<meta property=\"og:type\" content=\"article\" \/>\n<meta property=\"og:title\" content=\"Quick\u202fFlow Escape 2\u202fNights\u202f\/\u202f3\u202fDays\" \/>\n<meta property=\"og:description\" content=\"\u2714\u202fPick\u2011up and drop\u2011off at Agadir airport or bus station \u2714\u202f2 Nights Accommodation \u2714\u202fBreakfast, lunch, and dinner every day \u2714 2\u202fDay surf lessons with ISA certified instructors \u2714 1 yoga sessions to stretch and relax \u2714\u202fRides to and from the best surf spots \u2714\u202fFree surfboard and wetsuit rental all day \u2714\u202fUnlimited time to surf on your own \u2714\u202fSurf photos, roof\u2011top terrace, and free Wi\u2011Fi\" \/>\n<meta property=\"og:url\" content=\"https:\/\/www.yogasurfcamp.com\/fr\/paquets\/quick-flow-escape-2-nuits-3-jours\/\" \/>\n<meta property=\"og:site_name\" content=\"Yoga Surf Camp Morocco\" \/>\n<meta property=\"article:publisher\" content=\"https:\/\/www.facebook.com\/profile.php?id=61578768475831\" \/>\n<meta property=\"article:modified_time\" content=\"2026-04-23T15:49:29+00:00\" \/>\n<meta property=\"og:image\" content=\"https:\/\/www.yogasurfcamp.com\/wp-content\/uploads\/2025\/07\/Yoga-Surf-Camp--scaled.jpg\" \/>\n\t<meta property=\"og:image:width\" content=\"2560\" \/>\n\t<meta property=\"og:image:height\" content=\"1922\" \/>\n\t<meta property=\"og:image:type\" content=\"image\/jpeg\" \/>\n<meta name=\"twitter:card\" content=\"summary_large_image\" \/>\n<meta name=\"twitter:label1\" content=\"Dur\u00e9e de lecture estim\u00e9e\" \/>\n\t<meta name=\"twitter:data1\" content=\"1 minute\" \/>\n<script type=\"application\/ld+json\" class=\"yoast-schema-graph\">{\"@context\":\"https:\\\/\\\/schema.org\",\"@graph\":[{\"@type\":\"WebPage\",\"@id\":\"https:\\\/\\\/www.yogasurfcamp.com\\\/packages\\\/quick-flow-escape-2-nights-3-days\\\/\",\"url\":\"https:\\\/\\\/www.yogasurfcamp.com\\\/packages\\\/quick-flow-escape-2-nights-3-days\\\/\",\"name\":\"Quick\u202fFlow Escape 2\u202fNights\u202f\\\/\u202f3\u202fDays - Yoga Surf Camp Morocco\",\"isPartOf\":{\"@id\":\"https:\\\/\\\/www.yogasurfcamp.com\\\/#website\"},\"primaryImageOfPage\":{\"@id\":\"https:\\\/\\\/www.yogasurfcamp.com\\\/packages\\\/quick-flow-escape-2-nights-3-days\\\/#primaryimage\"},\"image\":{\"@id\":\"https:\\\/\\\/www.yogasurfcamp.com\\\/packages\\\/quick-flow-escape-2-nights-3-days\\\/#primaryimage\"},\"thumbnailUrl\":\"https:\\\/\\\/www.yogasurfcamp.com\\\/wp-content\\\/uploads\\\/2025\\\/07\\\/Yoga-Surf-Camp--scaled.jpg\",\"datePublished\":\"2025-07-23T00:18:25+00:00\",\"dateModified\":\"2026-04-23T15:49:29+00:00\",\"breadcrumb\":{\"@id\":\"https:\\\/\\\/www.yogasurfcamp.com\\\/packages\\\/quick-flow-escape-2-nights-3-days\\\/#breadcrumb\"},\"inLanguage\":\"fr-FR\",\"potentialAction\":[{\"@type\":\"ReadAction\",\"target\":[\"https:\\\/\\\/www.yogasurfcamp.com\\\/packages\\\/quick-flow-escape-2-nights-3-days\\\/\"]}]},{\"@type\":\"ImageObject\",\"inLanguage\":\"fr-FR\",\"@id\":\"https:\\\/\\\/www.yogasurfcamp.com\\\/packages\\\/quick-flow-escape-2-nights-3-days\\\/#primaryimage\",\"url\":\"https:\\\/\\\/www.yogasurfcamp.com\\\/wp-content\\\/uploads\\\/2025\\\/07\\\/Yoga-Surf-Camp--scaled.jpg\",\"contentUrl\":\"https:\\\/\\\/www.yogasurfcamp.com\\\/wp-content\\\/uploads\\\/2025\\\/07\\\/Yoga-Surf-Camp--scaled.jpg\",\"width\":2560,\"height\":1922,\"caption\":\"Yoga Surf Camp\"},{\"@type\":\"BreadcrumbList\",\"@id\":\"https:\\\/\\\/www.yogasurfcamp.com\\\/packages\\\/quick-flow-escape-2-nights-3-days\\\/#breadcrumb\",\"itemListElement\":[{\"@type\":\"ListItem\",\"position\":1,\"name\":\"Home\",\"item\":\"https:\\\/\\\/www.yogasurfcamp.com\\\/\"},{\"@type\":\"ListItem\",\"position\":2,\"name\":\"Products\",\"item\":\"https:\\\/\\\/www.yogasurfcamp.com\\\/packages__trashed\\\/\"},{\"@type\":\"ListItem\",\"position\":3,\"name\":\"Quick\u202fFlow Escape 2\u202fNights\u202f\\\/\u202f3\u202fDays\"}]},{\"@type\":\"WebSite\",\"@id\":\"https:\\\/\\\/www.yogasurfcamp.com\\\/#website\",\"url\":\"https:\\\/\\\/www.yogasurfcamp.com\\\/\",\"name\":\"Yoga Surf Camp Morocco\",\"description\":\"\",\"publisher\":{\"@id\":\"https:\\\/\\\/www.yogasurfcamp.com\\\/#organization\"},\"potentialAction\":[{\"@type\":\"SearchAction\",\"target\":{\"@type\":\"EntryPoint\",\"urlTemplate\":\"https:\\\/\\\/www.yogasurfcamp.com\\\/?s={search_term_string}\"},\"query-input\":{\"@type\":\"PropertyValueSpecification\",\"valueRequired\":true,\"valueName\":\"search_term_string\"}}],\"inLanguage\":\"fr-FR\"},{\"@type\":\"Organization\",\"@id\":\"https:\\\/\\\/www.yogasurfcamp.com\\\/#organization\",\"name\":\"Yoga Surf Camp Morocco\",\"url\":\"https:\\\/\\\/www.yogasurfcamp.com\\\/\",\"logo\":{\"@type\":\"ImageObject\",\"inLanguage\":\"fr-FR\",\"@id\":\"https:\\\/\\\/www.yogasurfcamp.com\\\/#\\\/schema\\\/logo\\\/image\\\/\",\"url\":\"https:\\\/\\\/www.yogasurfcamp.com\\\/wp-content\\\/uploads\\\/2026\\\/01\\\/Yoga-Surf-camp-1.png\",\"contentUrl\":\"https:\\\/\\\/www.yogasurfcamp.com\\\/wp-content\\\/uploads\\\/2026\\\/01\\\/Yoga-Surf-camp-1.png\",\"width\":500,\"height\":500,\"caption\":\"Yoga Surf Camp Morocco\"},\"image\":{\"@id\":\"https:\\\/\\\/www.yogasurfcamp.com\\\/#\\\/schema\\\/logo\\\/image\\\/\"},\"sameAs\":[\"https:\\\/\\\/www.facebook.com\\\/profile.php?id=61578768475831\",\"https:\\\/\\\/www.instagram.com\\\/theyogasurfcamp\"]}]}<\/script>\n<!-- \/ Yoast SEO Premium plugin. -->","yoast_head_json":{"title":"Quick Flow Escape 2 Nuits \/ 3 Jours - Yoga Surf Camp Maroc","robots":{"index":"index","follow":"follow","max-snippet":"max-snippet:-1","max-image-preview":"max-image-preview:large","max-video-preview":"max-video-preview:-1"},"canonical":"https:\/\/www.yogasurfcamp.com\/fr\/paquets\/quick-flow-escape-2-nuits-3-jours\/","og_locale":"fr_FR","og_type":"article","og_title":"Quick\u202fFlow Escape 2\u202fNights\u202f\/\u202f3\u202fDays","og_description":"\u2714\u202fPick\u2011up and drop\u2011off at Agadir airport or bus station \u2714\u202f2 Nights Accommodation \u2714\u202fBreakfast, lunch, and dinner every day \u2714 2\u202fDay surf lessons with ISA certified instructors \u2714 1 yoga sessions to stretch and relax \u2714\u202fRides to and from the best surf spots \u2714\u202fFree surfboard and wetsuit rental all day \u2714\u202fUnlimited time to surf on your own \u2714\u202fSurf photos, roof\u2011top terrace, and free Wi\u2011Fi","og_url":"https:\/\/www.yogasurfcamp.com\/fr\/paquets\/quick-flow-escape-2-nuits-3-jours\/","og_site_name":"Yoga Surf Camp Morocco","article_publisher":"https:\/\/www.facebook.com\/profile.php?id=61578768475831","article_modified_time":"2026-04-23T15:49:29+00:00","og_image":[{"width":2560,"height":1922,"url":"https:\/\/www.yogasurfcamp.com\/wp-content\/uploads\/2025\/07\/Yoga-Surf-Camp--scaled.jpg","type":"image\/jpeg"}],"twitter_card":"summary_large_image","twitter_misc":{"Dur\u00e9e de lecture estim\u00e9e":"1 minute"},"schema":{"@context":"https:\/\/schema.org","@graph":[{"@type":"WebPage","@id":"https:\/\/www.yogasurfcamp.com\/packages\/quick-flow-escape-2-nights-3-days\/","url":"https:\/\/www.yogasurfcamp.com\/packages\/quick-flow-escape-2-nights-3-days\/","name":"Quick Flow Escape 2 Nuits \/ 3 Jours - Yoga Surf Camp Maroc","isPartOf":{"@id":"https:\/\/www.yogasurfcamp.com\/#website"},"primaryImageOfPage":{"@id":"https:\/\/www.yogasurfcamp.com\/packages\/quick-flow-escape-2-nights-3-days\/#primaryimage"},"image":{"@id":"https:\/\/www.yogasurfcamp.com\/packages\/quick-flow-escape-2-nights-3-days\/#primaryimage"},"thumbnailUrl":"https:\/\/www.yogasurfcamp.com\/wp-content\/uploads\/2025\/07\/Yoga-Surf-Camp--scaled.jpg","datePublished":"2025-07-23T00:18:25+00:00","dateModified":"2026-04-23T15:49:29+00:00","breadcrumb":{"@id":"https:\/\/www.yogasurfcamp.com\/packages\/quick-flow-escape-2-nights-3-days\/#breadcrumb"},"inLanguage":"fr-FR","potentialAction":[{"@type":"ReadAction","target":["https:\/\/www.yogasurfcamp.com\/packages\/quick-flow-escape-2-nights-3-days\/"]}]},{"@type":"ImageObject","inLanguage":"fr-FR","@id":"https:\/\/www.yogasurfcamp.com\/packages\/quick-flow-escape-2-nights-3-days\/#primaryimage","url":"https:\/\/www.yogasurfcamp.com\/wp-content\/uploads\/2025\/07\/Yoga-Surf-Camp--scaled.jpg","contentUrl":"https:\/\/www.yogasurfcamp.com\/wp-content\/uploads\/2025\/07\/Yoga-Surf-Camp--scaled.jpg","width":2560,"height":1922,"caption":"Yoga Surf Camp"},{"@type":"BreadcrumbList","@id":"https:\/\/www.yogasurfcamp.com\/packages\/quick-flow-escape-2-nights-3-days\/#breadcrumb","itemListElement":[{"@type":"ListItem","position":1,"name":"Home","item":"https:\/\/www.yogasurfcamp.com\/"},{"@type":"ListItem","position":2,"name":"Products","item":"https:\/\/www.yogasurfcamp.com\/packages__trashed\/"},{"@type":"ListItem","position":3,"name":"Quick\u202fFlow Escape 2\u202fNights\u202f\/\u202f3\u202fDays"}]},{"@type":"WebSite","@id":"https:\/\/www.yogasurfcamp.com\/#website","url":"https:\/\/www.yogasurfcamp.com\/","name":"Yoga Surf Camp Maroc","description":"","publisher":{"@id":"https:\/\/www.yogasurfcamp.com\/#organization"},"potentialAction":[{"@type":"SearchAction","target":{"@type":"EntryPoint","urlTemplate":"https:\/\/www.yogasurfcamp.com\/?s={search_term_string}"},"query-input":{"@type":"PropertyValueSpecification","valueRequired":true,"valueName":"search_term_string"}}],"inLanguage":"fr-FR"},{"@type":"Organization","@id":"https:\/\/www.yogasurfcamp.com\/#organization","name":"Yoga Surf Camp Maroc","url":"https:\/\/www.yogasurfcamp.com\/","logo":{"@type":"ImageObject","inLanguage":"fr-FR","@id":"https:\/\/www.yogasurfcamp.com\/#\/schema\/logo\/image\/","url":"https:\/\/www.yogasurfcamp.com\/wp-content\/uploads\/2026\/01\/Yoga-Surf-camp-1.png","contentUrl":"https:\/\/www.yogasurfcamp.com\/wp-content\/uploads\/2026\/01\/Yoga-Surf-camp-1.png","width":500,"height":500,"caption":"Yoga Surf Camp Morocco"},"image":{"@id":"https:\/\/www.yogasurfcamp.com\/#\/schema\/logo\/image\/"},"sameAs":["https:\/\/www.facebook.com\/profile.php?id=61578768475831","https:\/\/www.instagram.com\/theyogasurfcamp"]}]}},"_links":{"self":[{"href":"https:\/\/www.yogasurfcamp.com\/fr\/wp-json\/wp\/v2\/product\/7878","targetHints":{"allow":["GET"]}}],"collection":[{"href":"https:\/\/www.yogasurfcamp.com\/fr\/wp-json\/wp\/v2\/product"}],"about":[{"href":"https:\/\/www.yogasurfcamp.com\/fr\/wp-json\/wp\/v2\/types\/product"}],"wp:featuredmedia":[{"embeddable":true,"href":"https:\/\/www.yogasurfcamp.com\/fr\/wp-json\/wp\/v2\/media\/7882"}],"wp:attachment":[{"href":"https:\/\/www.yogasurfcamp.com\/fr\/wp-json\/wp\/v2\/media?parent=7878"}],"wp:term":[{"taxonomy":"product_brand","embeddable":true,"href":"https:\/\/www.yogasurfcamp.com\/fr\/wp-json\/wp\/v2\/product_brand?post=7878"},{"taxonomy":"product_cat","embeddable":true,"href":"https:\/\/www.yogasurfcamp.com\/fr\/wp-json\/wp\/v2\/product_cat?post=7878"},{"taxonomy":"product_tag","embeddable":true,"href":"https:\/\/www.yogasurfcamp.com\/fr\/wp-json\/wp\/v2\/product_tag?post=7878"}],"curies":[{"name":"wp","href":"https:\/\/api.w.org\/{rel}","templated":true}]}}