{"id":7887,"date":"2025-07-23T00:55:20","date_gmt":"2025-07-23T00:55:20","guid":{"rendered":"https:\/\/www.yogasurfcamp.com\/?post_type=product&#038;p=7887"},"modified":"2026-04-23T15:48:37","modified_gmt":"2026-04-23T15:48:37","slug":"long-weekend-surge-3-nuits-4-jours","status":"publish","type":"product","link":"https:\/\/www.yogasurfcamp.com\/fr\/paquets\/long-weekend-surge-3-nuits-4-jours\/","title":{"rendered":"Survol du long week-end 3 nuits \/ 4 jours"},"content":{"rendered":"<p style=\"text-align: center;\" data-start=\"0\" data-end=\"61\"><strong data-start=\"0\" data-end=\"59\">Yoga Surf Camp - Long-Weekend Surge (3 Nuits \/ 4 Jours)<\/strong><\/p>\n<p style=\"text-align: center;\" data-start=\"63\" data-end=\"363\">Partez pour quatre jours de libert\u00e9 et de soleil dans la baie de Taghazout avec notre <strong data-start=\"125\" data-end=\"147\">Augmentation du nombre de week-ends prolong\u00e9s<\/strong> \u00e0 l'adresse suivante <strong data-start=\"159\" data-end=\"177\">Camp de yoga et de surf<\/strong>. Faites l'exp\u00e9rience de progr\u00e8s plus profonds sur la planche et le tapis tout en vous impr\u00e9gnant de l'ambiance d\u00e9contract\u00e9e de la c\u00f4te marocaine, id\u00e9ale pour tous ceux qui ont envie d'un week-end prolong\u00e9 de vagues, de yoga et d'un mode de vie sain.<\/p>","protected":false},"excerpt":{"rendered":"<p data-start=\"0\" data-end=\"61\">\u2714 Prise en charge et retour \u00e0 l'a\u00e9roport ou \u00e0 la gare routi\u00e8re d'Agadir<br \/>\n3 nuits d'h\u00e9bergement<br \/>\n\u2714 Petit-d\u00e9jeuner, d\u00e9jeuner et d\u00eener tous les jours<br \/>\n3 jours de cours de surf avec des instructeurs certifi\u00e9s ISA<br \/>\n1 s\u00e9ance de yoga pour s'\u00e9tirer et se d\u00e9tendre<br \/>\n\u2714 Transport vers et depuis les meilleurs spots de surf<br \/>\n\u2714 Location gratuite de planches de surf et de combinaisons toute la journ\u00e9e<br \/>\n\u2714 Temps illimit\u00e9 pour surfer \u00e0 sa guise<br \/>\n\u2714 Photos de surf, terrasse sur le toit et Wi-Fi gratuit<\/p>","protected":false},"featured_media":7888,"template":"","meta":[],"product_brand":[],"product_cat":[15],"product_tag":[],"class_list":{"0":"post-7887","1":"product","2":"type-product","3":"status-publish","4":"has-post-thumbnail","6":"product_cat-packages","8":"first","9":"instock","10":"sale","11":"shipping-taxable","12":"product-type-external"},"yoast_head":"<!-- This site is optimized with the Yoast SEO Premium plugin v27.1 (Yoast SEO v27.4) - https:\/\/yoast.com\/product\/yoast-seo-premium-wordpress\/ -->\n<title>Long\u2011Weekend Surge 3\u202fNights\u202f\/\u202f4\u202fDays - Yoga Surf Camp Morocco<\/title>\n<meta name=\"robots\" content=\"index, follow, max-snippet:-1, max-image-preview:large, max-video-preview:-1\" \/>\n<link rel=\"canonical\" href=\"https:\/\/www.yogasurfcamp.com\/fr\/paquets\/long-weekend-surge-3-nuits-4-jours\/\" \/>\n<meta property=\"og:locale\" content=\"fr_FR\" \/>\n<meta property=\"og:type\" content=\"article\" \/>\n<meta property=\"og:title\" content=\"Long\u2011Weekend Surge 3\u202fNights\u202f\/\u202f4\u202fDays\" \/>\n<meta property=\"og:description\" content=\"\u2714\u202fPick\u2011up and drop\u2011off at Agadir airport or bus station \u2714\u202f3 Nights Accommodation \u2714\u202fBreakfast, lunch, and dinner every day \u2714 3 Days surf lessons with ISA certified instructors \u2714\u202f1\u00a0 yoga session to stretch and relax \u2714\u202fRides to and from the best surf spots \u2714\u202fFree surfboard and wetsuit rental all day \u2714\u202fUnlimited time to surf on your own \u2714\u202fSurf photos, roof\u2011top terrace, and free Wi\u2011Fi\" \/>\n<meta property=\"og:url\" content=\"https:\/\/www.yogasurfcamp.com\/fr\/paquets\/long-weekend-surge-3-nuits-4-jours\/\" \/>\n<meta property=\"og:site_name\" content=\"Yoga Surf Camp Morocco\" \/>\n<meta property=\"article:publisher\" content=\"https:\/\/www.facebook.com\/profile.php?id=61578768475831\" \/>\n<meta property=\"article:modified_time\" content=\"2026-04-23T15:48:37+00:00\" \/>\n<meta property=\"og:image\" content=\"https:\/\/www.yogasurfcamp.com\/wp-content\/uploads\/2025\/07\/Yoga-Surf-Camp-1-1-scaled.jpg\" \/>\n\t<meta property=\"og:image:width\" content=\"2560\" \/>\n\t<meta property=\"og:image:height\" content=\"1922\" \/>\n\t<meta property=\"og:image:type\" content=\"image\/jpeg\" \/>\n<meta name=\"twitter:card\" content=\"summary_large_image\" \/>\n<meta name=\"twitter:label1\" content=\"Dur\u00e9e de lecture estim\u00e9e\" \/>\n\t<meta name=\"twitter:data1\" content=\"1 minute\" \/>\n<script type=\"application\/ld+json\" class=\"yoast-schema-graph\">{\"@context\":\"https:\\\/\\\/schema.org\",\"@graph\":[{\"@type\":\"WebPage\",\"@id\":\"https:\\\/\\\/www.yogasurfcamp.com\\\/packages\\\/long%e2%80%91weekend-surge-3-nights-4-days\\\/\",\"url\":\"https:\\\/\\\/www.yogasurfcamp.com\\\/packages\\\/long%e2%80%91weekend-surge-3-nights-4-days\\\/\",\"name\":\"Long\u2011Weekend Surge 3\u202fNights\u202f\\\/\u202f4\u202fDays - Yoga Surf Camp Morocco\",\"isPartOf\":{\"@id\":\"https:\\\/\\\/www.yogasurfcamp.com\\\/#website\"},\"primaryImageOfPage\":{\"@id\":\"https:\\\/\\\/www.yogasurfcamp.com\\\/packages\\\/long%e2%80%91weekend-surge-3-nights-4-days\\\/#primaryimage\"},\"image\":{\"@id\":\"https:\\\/\\\/www.yogasurfcamp.com\\\/packages\\\/long%e2%80%91weekend-surge-3-nights-4-days\\\/#primaryimage\"},\"thumbnailUrl\":\"https:\\\/\\\/www.yogasurfcamp.com\\\/wp-content\\\/uploads\\\/2025\\\/07\\\/Yoga-Surf-Camp-1-1-scaled.jpg\",\"datePublished\":\"2025-07-23T00:55:20+00:00\",\"dateModified\":\"2026-04-23T15:48:37+00:00\",\"breadcrumb\":{\"@id\":\"https:\\\/\\\/www.yogasurfcamp.com\\\/packages\\\/long%e2%80%91weekend-surge-3-nights-4-days\\\/#breadcrumb\"},\"inLanguage\":\"fr-FR\",\"potentialAction\":[{\"@type\":\"ReadAction\",\"target\":[\"https:\\\/\\\/www.yogasurfcamp.com\\\/packages\\\/long%e2%80%91weekend-surge-3-nights-4-days\\\/\"]}]},{\"@type\":\"ImageObject\",\"inLanguage\":\"fr-FR\",\"@id\":\"https:\\\/\\\/www.yogasurfcamp.com\\\/packages\\\/long%e2%80%91weekend-surge-3-nights-4-days\\\/#primaryimage\",\"url\":\"https:\\\/\\\/www.yogasurfcamp.com\\\/wp-content\\\/uploads\\\/2025\\\/07\\\/Yoga-Surf-Camp-1-1-scaled.jpg\",\"contentUrl\":\"https:\\\/\\\/www.yogasurfcamp.com\\\/wp-content\\\/uploads\\\/2025\\\/07\\\/Yoga-Surf-Camp-1-1-scaled.jpg\",\"width\":2560,\"height\":1922,\"caption\":\"Yoga\u202fSurf\u202fCamp\"},{\"@type\":\"BreadcrumbList\",\"@id\":\"https:\\\/\\\/www.yogasurfcamp.com\\\/packages\\\/long%e2%80%91weekend-surge-3-nights-4-days\\\/#breadcrumb\",\"itemListElement\":[{\"@type\":\"ListItem\",\"position\":1,\"name\":\"Home\",\"item\":\"https:\\\/\\\/www.yogasurfcamp.com\\\/\"},{\"@type\":\"ListItem\",\"position\":2,\"name\":\"Products\",\"item\":\"https:\\\/\\\/www.yogasurfcamp.com\\\/packages__trashed\\\/\"},{\"@type\":\"ListItem\",\"position\":3,\"name\":\"Long\u2011Weekend Surge 3\u202fNights\u202f\\\/\u202f4\u202fDays\"}]},{\"@type\":\"WebSite\",\"@id\":\"https:\\\/\\\/www.yogasurfcamp.com\\\/#website\",\"url\":\"https:\\\/\\\/www.yogasurfcamp.com\\\/\",\"name\":\"Yoga Surf Camp Morocco\",\"description\":\"\",\"publisher\":{\"@id\":\"https:\\\/\\\/www.yogasurfcamp.com\\\/#organization\"},\"potentialAction\":[{\"@type\":\"SearchAction\",\"target\":{\"@type\":\"EntryPoint\",\"urlTemplate\":\"https:\\\/\\\/www.yogasurfcamp.com\\\/?s={search_term_string}\"},\"query-input\":{\"@type\":\"PropertyValueSpecification\",\"valueRequired\":true,\"valueName\":\"search_term_string\"}}],\"inLanguage\":\"fr-FR\"},{\"@type\":\"Organization\",\"@id\":\"https:\\\/\\\/www.yogasurfcamp.com\\\/#organization\",\"name\":\"Yoga Surf Camp Morocco\",\"url\":\"https:\\\/\\\/www.yogasurfcamp.com\\\/\",\"logo\":{\"@type\":\"ImageObject\",\"inLanguage\":\"fr-FR\",\"@id\":\"https:\\\/\\\/www.yogasurfcamp.com\\\/#\\\/schema\\\/logo\\\/image\\\/\",\"url\":\"https:\\\/\\\/www.yogasurfcamp.com\\\/wp-content\\\/uploads\\\/2026\\\/01\\\/Yoga-Surf-camp-1.png\",\"contentUrl\":\"https:\\\/\\\/www.yogasurfcamp.com\\\/wp-content\\\/uploads\\\/2026\\\/01\\\/Yoga-Surf-camp-1.png\",\"width\":500,\"height\":500,\"caption\":\"Yoga Surf Camp Morocco\"},\"image\":{\"@id\":\"https:\\\/\\\/www.yogasurfcamp.com\\\/#\\\/schema\\\/logo\\\/image\\\/\"},\"sameAs\":[\"https:\\\/\\\/www.facebook.com\\\/profile.php?id=61578768475831\",\"https:\\\/\\\/www.instagram.com\\\/theyogasurfcamp\"]}]}<\/script>\n<!-- \/ Yoast SEO Premium plugin. -->","yoast_head_json":{"title":"Long-Weekend Surge 3 Nuits \/ 4 Jours - Yoga Surf Camp Maroc","robots":{"index":"index","follow":"follow","max-snippet":"max-snippet:-1","max-image-preview":"max-image-preview:large","max-video-preview":"max-video-preview:-1"},"canonical":"https:\/\/www.yogasurfcamp.com\/fr\/paquets\/long-weekend-surge-3-nuits-4-jours\/","og_locale":"fr_FR","og_type":"article","og_title":"Long\u2011Weekend Surge 3\u202fNights\u202f\/\u202f4\u202fDays","og_description":"\u2714\u202fPick\u2011up and drop\u2011off at Agadir airport or bus station \u2714\u202f3 Nights Accommodation \u2714\u202fBreakfast, lunch, and dinner every day \u2714 3 Days surf lessons with ISA certified instructors \u2714\u202f1\u00a0 yoga session to stretch and relax \u2714\u202fRides to and from the best surf spots \u2714\u202fFree surfboard and wetsuit rental all day \u2714\u202fUnlimited time to surf on your own \u2714\u202fSurf photos, roof\u2011top terrace, and free Wi\u2011Fi","og_url":"https:\/\/www.yogasurfcamp.com\/fr\/paquets\/long-weekend-surge-3-nuits-4-jours\/","og_site_name":"Yoga Surf Camp Morocco","article_publisher":"https:\/\/www.facebook.com\/profile.php?id=61578768475831","article_modified_time":"2026-04-23T15:48:37+00:00","og_image":[{"width":2560,"height":1922,"url":"https:\/\/www.yogasurfcamp.com\/wp-content\/uploads\/2025\/07\/Yoga-Surf-Camp-1-1-scaled.jpg","type":"image\/jpeg"}],"twitter_card":"summary_large_image","twitter_misc":{"Dur\u00e9e de lecture estim\u00e9e":"1 minute"},"schema":{"@context":"https:\/\/schema.org","@graph":[{"@type":"WebPage","@id":"https:\/\/www.yogasurfcamp.com\/packages\/long%e2%80%91weekend-surge-3-nights-4-days\/","url":"https:\/\/www.yogasurfcamp.com\/packages\/long%e2%80%91weekend-surge-3-nights-4-days\/","name":"Long-Weekend Surge 3 Nuits \/ 4 Jours - Yoga Surf Camp Maroc","isPartOf":{"@id":"https:\/\/www.yogasurfcamp.com\/#website"},"primaryImageOfPage":{"@id":"https:\/\/www.yogasurfcamp.com\/packages\/long%e2%80%91weekend-surge-3-nights-4-days\/#primaryimage"},"image":{"@id":"https:\/\/www.yogasurfcamp.com\/packages\/long%e2%80%91weekend-surge-3-nights-4-days\/#primaryimage"},"thumbnailUrl":"https:\/\/www.yogasurfcamp.com\/wp-content\/uploads\/2025\/07\/Yoga-Surf-Camp-1-1-scaled.jpg","datePublished":"2025-07-23T00:55:20+00:00","dateModified":"2026-04-23T15:48:37+00:00","breadcrumb":{"@id":"https:\/\/www.yogasurfcamp.com\/packages\/long%e2%80%91weekend-surge-3-nights-4-days\/#breadcrumb"},"inLanguage":"fr-FR","potentialAction":[{"@type":"ReadAction","target":["https:\/\/www.yogasurfcamp.com\/packages\/long%e2%80%91weekend-surge-3-nights-4-days\/"]}]},{"@type":"ImageObject","inLanguage":"fr-FR","@id":"https:\/\/www.yogasurfcamp.com\/packages\/long%e2%80%91weekend-surge-3-nights-4-days\/#primaryimage","url":"https:\/\/www.yogasurfcamp.com\/wp-content\/uploads\/2025\/07\/Yoga-Surf-Camp-1-1-scaled.jpg","contentUrl":"https:\/\/www.yogasurfcamp.com\/wp-content\/uploads\/2025\/07\/Yoga-Surf-Camp-1-1-scaled.jpg","width":2560,"height":1922,"caption":"Yoga\u202fSurf\u202fCamp"},{"@type":"BreadcrumbList","@id":"https:\/\/www.yogasurfcamp.com\/packages\/long%e2%80%91weekend-surge-3-nights-4-days\/#breadcrumb","itemListElement":[{"@type":"ListItem","position":1,"name":"Home","item":"https:\/\/www.yogasurfcamp.com\/"},{"@type":"ListItem","position":2,"name":"Products","item":"https:\/\/www.yogasurfcamp.com\/packages__trashed\/"},{"@type":"ListItem","position":3,"name":"Long\u2011Weekend Surge 3\u202fNights\u202f\/\u202f4\u202fDays"}]},{"@type":"WebSite","@id":"https:\/\/www.yogasurfcamp.com\/#website","url":"https:\/\/www.yogasurfcamp.com\/","name":"Yoga Surf Camp Maroc","description":"","publisher":{"@id":"https:\/\/www.yogasurfcamp.com\/#organization"},"potentialAction":[{"@type":"SearchAction","target":{"@type":"EntryPoint","urlTemplate":"https:\/\/www.yogasurfcamp.com\/?s={search_term_string}"},"query-input":{"@type":"PropertyValueSpecification","valueRequired":true,"valueName":"search_term_string"}}],"inLanguage":"fr-FR"},{"@type":"Organization","@id":"https:\/\/www.yogasurfcamp.com\/#organization","name":"Yoga Surf Camp Maroc","url":"https:\/\/www.yogasurfcamp.com\/","logo":{"@type":"ImageObject","inLanguage":"fr-FR","@id":"https:\/\/www.yogasurfcamp.com\/#\/schema\/logo\/image\/","url":"https:\/\/www.yogasurfcamp.com\/wp-content\/uploads\/2026\/01\/Yoga-Surf-camp-1.png","contentUrl":"https:\/\/www.yogasurfcamp.com\/wp-content\/uploads\/2026\/01\/Yoga-Surf-camp-1.png","width":500,"height":500,"caption":"Yoga Surf Camp Morocco"},"image":{"@id":"https:\/\/www.yogasurfcamp.com\/#\/schema\/logo\/image\/"},"sameAs":["https:\/\/www.facebook.com\/profile.php?id=61578768475831","https:\/\/www.instagram.com\/theyogasurfcamp"]}]}},"_links":{"self":[{"href":"https:\/\/www.yogasurfcamp.com\/fr\/wp-json\/wp\/v2\/product\/7887","targetHints":{"allow":["GET"]}}],"collection":[{"href":"https:\/\/www.yogasurfcamp.com\/fr\/wp-json\/wp\/v2\/product"}],"about":[{"href":"https:\/\/www.yogasurfcamp.com\/fr\/wp-json\/wp\/v2\/types\/product"}],"wp:featuredmedia":[{"embeddable":true,"href":"https:\/\/www.yogasurfcamp.com\/fr\/wp-json\/wp\/v2\/media\/7888"}],"wp:attachment":[{"href":"https:\/\/www.yogasurfcamp.com\/fr\/wp-json\/wp\/v2\/media?parent=7887"}],"wp:term":[{"taxonomy":"product_brand","embeddable":true,"href":"https:\/\/www.yogasurfcamp.com\/fr\/wp-json\/wp\/v2\/product_brand?post=7887"},{"taxonomy":"product_cat","embeddable":true,"href":"https:\/\/www.yogasurfcamp.com\/fr\/wp-json\/wp\/v2\/product_cat?post=7887"},{"taxonomy":"product_tag","embeddable":true,"href":"https:\/\/www.yogasurfcamp.com\/fr\/wp-json\/wp\/v2\/product_tag?post=7887"}],"curies":[{"name":"wp","href":"https:\/\/api.w.org\/{rel}","templated":true}]}}