{"id":7878,"date":"2025-07-23T00:18:25","date_gmt":"2025-07-23T00:18:25","guid":{"rendered":"https:\/\/www.yogasurfcamp.com\/?post_type=product&#038;p=7878"},"modified":"2026-04-23T15:49:29","modified_gmt":"2026-04-23T15:49:29","slug":"quick-flow-escape-2-ejszaka-3-nap","status":"publish","type":"product","link":"https:\/\/www.yogasurfcamp.com\/hu\/csomagok\/quick-flow-escape-2-ejszaka-3-nap\/","title":{"rendered":"Quick Flow Escape 2 \u00e9jszaka \/ 3 nap"},"content":{"rendered":"<p style=\"text-align: center;\">Yoga Surf Camp Quick Flow Escape (2 \u00e9jszaka \/ 3 nap)<br \/>\nGyors sz\u00f6rf\u00f6s-stresszes kiruccan\u00e1st keres Marokk\u00f3ban? Quick Flow Escape a Yoga Surf Campben k\u00e9t \u00e9jszak\u00e1s tengerparti boldogs\u00e1got k\u00edn\u00e1l a Taghazout-\u00f6b\u00f6lben, amely t\u00f6k\u00e9letes egy hossz\u00fa h\u00e9tv\u00e9gi kikapcsol\u00f3d\u00e1shoz. Kombin\u00e1ld a naplement\u00e9s j\u00f3g\u00e1t a napi sz\u00f6rfleck\u00e9kkel, a friss helyi \u00e9telekkel \u00e9s az Atlanti-\u00f3ce\u00e1nra ny\u00edl\u00f3 panor\u00e1m\u00e1val, hogy egy olyan kompakt elvonul\u00e1st kapj, amely maximaliz\u00e1lja a hull\u00e1mok \u00e9s a zen hangulatot.<\/p>","protected":false},"excerpt":{"rendered":"<p>\u2714 Felsz\u00e1ll\u00e1s \u00e9s lesz\u00e1ll\u00e1s Agadir rep\u00fcl\u0151ter\u00e9n vagy buszp\u00e1lyaudvar\u00e1n<br \/>\n\u2714 2 \u00e9jszaka sz\u00e1ll\u00e1s<br \/>\n\u2714 Reggeli, eb\u00e9d \u00e9s vacsora minden nap<br \/>\n\u2714 2 napos sz\u00f6rfleck\u00e9k ISA min\u0151s\u00edtett oktat\u00f3kkal<br \/>\n\u2714 1 j\u00f3gagyakorlat a ny\u00fajt\u00e1shoz \u00e9s a kikapcsol\u00f3d\u00e1shoz<br \/>\n\u2714 Fuvarok a legjobb sz\u00f6rf\u00f6s helyekre \u00e9s vissza<br \/>\n\u2714 Ingyenes sz\u00f6rfdeszka \u00e9s b\u00fav\u00e1rruha k\u00f6lcs\u00f6nz\u00e9s eg\u00e9sz nap<br \/>\n\u2714 Korl\u00e1tlan id\u0151 a saj\u00e1t sz\u00f6rf\u00f6z\u00e9sre<br \/>\n\u2714 Sz\u00f6rf\u00f6s fot\u00f3k, tet\u0151terasz \u00e9s ingyenes Wi-Fi<\/p>","protected":false},"featured_media":7882,"template":"","meta":[],"product_brand":[],"product_cat":[15],"product_tag":[],"class_list":{"0":"post-7878","1":"product","2":"type-product","3":"status-publish","4":"has-post-thumbnail","6":"product_cat-packages","8":"first","9":"instock","10":"sale","11":"shipping-taxable","12":"product-type-external"},"yoast_head":"<!-- This site is optimized with the Yoast SEO Premium plugin v27.1 (Yoast SEO v27.4) - https:\/\/yoast.com\/product\/yoast-seo-premium-wordpress\/ -->\n<title>Quick\u202fFlow Escape 2\u202fNights\u202f\/\u202f3\u202fDays - Yoga Surf Camp Morocco<\/title>\n<meta name=\"robots\" content=\"index, follow, max-snippet:-1, max-image-preview:large, max-video-preview:-1\" \/>\n<link rel=\"canonical\" href=\"https:\/\/www.yogasurfcamp.com\/hu\/csomagok\/quick-flow-escape-2-ejszaka-3-nap\/\" \/>\n<meta property=\"og:locale\" content=\"hu_HU\" \/>\n<meta property=\"og:type\" content=\"article\" \/>\n<meta property=\"og:title\" content=\"Quick\u202fFlow Escape 2\u202fNights\u202f\/\u202f3\u202fDays\" \/>\n<meta property=\"og:description\" content=\"\u2714\u202fPick\u2011up and drop\u2011off at Agadir airport or bus station \u2714\u202f2 Nights Accommodation \u2714\u202fBreakfast, lunch, and dinner every day \u2714 2\u202fDay surf lessons with ISA certified instructors \u2714 1 yoga sessions to stretch and relax \u2714\u202fRides to and from the best surf spots \u2714\u202fFree surfboard and wetsuit rental all day \u2714\u202fUnlimited time to surf on your own \u2714\u202fSurf photos, roof\u2011top terrace, and free Wi\u2011Fi\" \/>\n<meta property=\"og:url\" content=\"https:\/\/www.yogasurfcamp.com\/hu\/csomagok\/quick-flow-escape-2-ejszaka-3-nap\/\" \/>\n<meta property=\"og:site_name\" content=\"Yoga Surf Camp Morocco\" \/>\n<meta property=\"article:publisher\" content=\"https:\/\/www.facebook.com\/profile.php?id=61578768475831\" \/>\n<meta property=\"article:modified_time\" content=\"2026-04-23T15:49:29+00:00\" \/>\n<meta property=\"og:image\" content=\"https:\/\/www.yogasurfcamp.com\/wp-content\/uploads\/2025\/07\/Yoga-Surf-Camp--scaled.jpg\" \/>\n\t<meta property=\"og:image:width\" content=\"2560\" \/>\n\t<meta property=\"og:image:height\" content=\"1922\" \/>\n\t<meta property=\"og:image:type\" content=\"image\/jpeg\" \/>\n<meta name=\"twitter:card\" content=\"summary_large_image\" \/>\n<meta name=\"twitter:label1\" content=\"Becs\u00fclt olvas\u00e1si id\u0151\" \/>\n\t<meta name=\"twitter:data1\" content=\"1 perc\" \/>\n<script type=\"application\/ld+json\" class=\"yoast-schema-graph\">{\"@context\":\"https:\\\/\\\/schema.org\",\"@graph\":[{\"@type\":\"WebPage\",\"@id\":\"https:\\\/\\\/www.yogasurfcamp.com\\\/packages\\\/quick-flow-escape-2-nights-3-days\\\/\",\"url\":\"https:\\\/\\\/www.yogasurfcamp.com\\\/packages\\\/quick-flow-escape-2-nights-3-days\\\/\",\"name\":\"Quick\u202fFlow Escape 2\u202fNights\u202f\\\/\u202f3\u202fDays - Yoga Surf Camp Morocco\",\"isPartOf\":{\"@id\":\"https:\\\/\\\/www.yogasurfcamp.com\\\/#website\"},\"primaryImageOfPage\":{\"@id\":\"https:\\\/\\\/www.yogasurfcamp.com\\\/packages\\\/quick-flow-escape-2-nights-3-days\\\/#primaryimage\"},\"image\":{\"@id\":\"https:\\\/\\\/www.yogasurfcamp.com\\\/packages\\\/quick-flow-escape-2-nights-3-days\\\/#primaryimage\"},\"thumbnailUrl\":\"https:\\\/\\\/www.yogasurfcamp.com\\\/wp-content\\\/uploads\\\/2025\\\/07\\\/Yoga-Surf-Camp--scaled.jpg\",\"datePublished\":\"2025-07-23T00:18:25+00:00\",\"dateModified\":\"2026-04-23T15:49:29+00:00\",\"breadcrumb\":{\"@id\":\"https:\\\/\\\/www.yogasurfcamp.com\\\/packages\\\/quick-flow-escape-2-nights-3-days\\\/#breadcrumb\"},\"inLanguage\":\"hu\",\"potentialAction\":[{\"@type\":\"ReadAction\",\"target\":[\"https:\\\/\\\/www.yogasurfcamp.com\\\/packages\\\/quick-flow-escape-2-nights-3-days\\\/\"]}]},{\"@type\":\"ImageObject\",\"inLanguage\":\"hu\",\"@id\":\"https:\\\/\\\/www.yogasurfcamp.com\\\/packages\\\/quick-flow-escape-2-nights-3-days\\\/#primaryimage\",\"url\":\"https:\\\/\\\/www.yogasurfcamp.com\\\/wp-content\\\/uploads\\\/2025\\\/07\\\/Yoga-Surf-Camp--scaled.jpg\",\"contentUrl\":\"https:\\\/\\\/www.yogasurfcamp.com\\\/wp-content\\\/uploads\\\/2025\\\/07\\\/Yoga-Surf-Camp--scaled.jpg\",\"width\":2560,\"height\":1922,\"caption\":\"Yoga Surf Camp\"},{\"@type\":\"BreadcrumbList\",\"@id\":\"https:\\\/\\\/www.yogasurfcamp.com\\\/packages\\\/quick-flow-escape-2-nights-3-days\\\/#breadcrumb\",\"itemListElement\":[{\"@type\":\"ListItem\",\"position\":1,\"name\":\"Home\",\"item\":\"https:\\\/\\\/www.yogasurfcamp.com\\\/\"},{\"@type\":\"ListItem\",\"position\":2,\"name\":\"Products\",\"item\":\"https:\\\/\\\/www.yogasurfcamp.com\\\/packages__trashed\\\/\"},{\"@type\":\"ListItem\",\"position\":3,\"name\":\"Quick\u202fFlow Escape 2\u202fNights\u202f\\\/\u202f3\u202fDays\"}]},{\"@type\":\"WebSite\",\"@id\":\"https:\\\/\\\/www.yogasurfcamp.com\\\/#website\",\"url\":\"https:\\\/\\\/www.yogasurfcamp.com\\\/\",\"name\":\"Yoga Surf Camp Morocco\",\"description\":\"\",\"publisher\":{\"@id\":\"https:\\\/\\\/www.yogasurfcamp.com\\\/#organization\"},\"potentialAction\":[{\"@type\":\"SearchAction\",\"target\":{\"@type\":\"EntryPoint\",\"urlTemplate\":\"https:\\\/\\\/www.yogasurfcamp.com\\\/?s={search_term_string}\"},\"query-input\":{\"@type\":\"PropertyValueSpecification\",\"valueRequired\":true,\"valueName\":\"search_term_string\"}}],\"inLanguage\":\"hu\"},{\"@type\":\"Organization\",\"@id\":\"https:\\\/\\\/www.yogasurfcamp.com\\\/#organization\",\"name\":\"Yoga Surf Camp Morocco\",\"url\":\"https:\\\/\\\/www.yogasurfcamp.com\\\/\",\"logo\":{\"@type\":\"ImageObject\",\"inLanguage\":\"hu\",\"@id\":\"https:\\\/\\\/www.yogasurfcamp.com\\\/#\\\/schema\\\/logo\\\/image\\\/\",\"url\":\"https:\\\/\\\/www.yogasurfcamp.com\\\/wp-content\\\/uploads\\\/2026\\\/01\\\/Yoga-Surf-camp-1.png\",\"contentUrl\":\"https:\\\/\\\/www.yogasurfcamp.com\\\/wp-content\\\/uploads\\\/2026\\\/01\\\/Yoga-Surf-camp-1.png\",\"width\":500,\"height\":500,\"caption\":\"Yoga Surf Camp Morocco\"},\"image\":{\"@id\":\"https:\\\/\\\/www.yogasurfcamp.com\\\/#\\\/schema\\\/logo\\\/image\\\/\"},\"sameAs\":[\"https:\\\/\\\/www.facebook.com\\\/profile.php?id=61578768475831\",\"https:\\\/\\\/www.instagram.com\\\/theyogasurfcamp\"]}]}<\/script>\n<!-- \/ Yoast SEO Premium plugin. -->","yoast_head_json":{"title":"Quick Flow Escape 2 \u00e9jszaka \/ 3 nap - J\u00f3ga sz\u00f6rf t\u00e1bor Marokk\u00f3ban","robots":{"index":"index","follow":"follow","max-snippet":"max-snippet:-1","max-image-preview":"max-image-preview:large","max-video-preview":"max-video-preview:-1"},"canonical":"https:\/\/www.yogasurfcamp.com\/hu\/csomagok\/quick-flow-escape-2-ejszaka-3-nap\/","og_locale":"hu_HU","og_type":"article","og_title":"Quick\u202fFlow Escape 2\u202fNights\u202f\/\u202f3\u202fDays","og_description":"\u2714\u202fPick\u2011up and drop\u2011off at Agadir airport or bus station \u2714\u202f2 Nights Accommodation \u2714\u202fBreakfast, lunch, and dinner every day \u2714 2\u202fDay surf lessons with ISA certified instructors \u2714 1 yoga sessions to stretch and relax \u2714\u202fRides to and from the best surf spots \u2714\u202fFree surfboard and wetsuit rental all day \u2714\u202fUnlimited time to surf on your own \u2714\u202fSurf photos, roof\u2011top terrace, and free Wi\u2011Fi","og_url":"https:\/\/www.yogasurfcamp.com\/hu\/csomagok\/quick-flow-escape-2-ejszaka-3-nap\/","og_site_name":"Yoga Surf Camp Morocco","article_publisher":"https:\/\/www.facebook.com\/profile.php?id=61578768475831","article_modified_time":"2026-04-23T15:49:29+00:00","og_image":[{"width":2560,"height":1922,"url":"https:\/\/www.yogasurfcamp.com\/wp-content\/uploads\/2025\/07\/Yoga-Surf-Camp--scaled.jpg","type":"image\/jpeg"}],"twitter_card":"summary_large_image","twitter_misc":{"Becs\u00fclt olvas\u00e1si id\u0151":"1 perc"},"schema":{"@context":"https:\/\/schema.org","@graph":[{"@type":"WebPage","@id":"https:\/\/www.yogasurfcamp.com\/packages\/quick-flow-escape-2-nights-3-days\/","url":"https:\/\/www.yogasurfcamp.com\/packages\/quick-flow-escape-2-nights-3-days\/","name":"Quick Flow Escape 2 \u00e9jszaka \/ 3 nap - J\u00f3ga sz\u00f6rf t\u00e1bor Marokk\u00f3ban","isPartOf":{"@id":"https:\/\/www.yogasurfcamp.com\/#website"},"primaryImageOfPage":{"@id":"https:\/\/www.yogasurfcamp.com\/packages\/quick-flow-escape-2-nights-3-days\/#primaryimage"},"image":{"@id":"https:\/\/www.yogasurfcamp.com\/packages\/quick-flow-escape-2-nights-3-days\/#primaryimage"},"thumbnailUrl":"https:\/\/www.yogasurfcamp.com\/wp-content\/uploads\/2025\/07\/Yoga-Surf-Camp--scaled.jpg","datePublished":"2025-07-23T00:18:25+00:00","dateModified":"2026-04-23T15:49:29+00:00","breadcrumb":{"@id":"https:\/\/www.yogasurfcamp.com\/packages\/quick-flow-escape-2-nights-3-days\/#breadcrumb"},"inLanguage":"hu","potentialAction":[{"@type":"ReadAction","target":["https:\/\/www.yogasurfcamp.com\/packages\/quick-flow-escape-2-nights-3-days\/"]}]},{"@type":"ImageObject","inLanguage":"hu","@id":"https:\/\/www.yogasurfcamp.com\/packages\/quick-flow-escape-2-nights-3-days\/#primaryimage","url":"https:\/\/www.yogasurfcamp.com\/wp-content\/uploads\/2025\/07\/Yoga-Surf-Camp--scaled.jpg","contentUrl":"https:\/\/www.yogasurfcamp.com\/wp-content\/uploads\/2025\/07\/Yoga-Surf-Camp--scaled.jpg","width":2560,"height":1922,"caption":"Yoga Surf Camp"},{"@type":"BreadcrumbList","@id":"https:\/\/www.yogasurfcamp.com\/packages\/quick-flow-escape-2-nights-3-days\/#breadcrumb","itemListElement":[{"@type":"ListItem","position":1,"name":"Home","item":"https:\/\/www.yogasurfcamp.com\/"},{"@type":"ListItem","position":2,"name":"Products","item":"https:\/\/www.yogasurfcamp.com\/packages__trashed\/"},{"@type":"ListItem","position":3,"name":"Quick\u202fFlow Escape 2\u202fNights\u202f\/\u202f3\u202fDays"}]},{"@type":"WebSite","@id":"https:\/\/www.yogasurfcamp.com\/#website","url":"https:\/\/www.yogasurfcamp.com\/","name":"J\u00f3ga sz\u00f6rf t\u00e1bor Marokk\u00f3","description":"","publisher":{"@id":"https:\/\/www.yogasurfcamp.com\/#organization"},"potentialAction":[{"@type":"SearchAction","target":{"@type":"EntryPoint","urlTemplate":"https:\/\/www.yogasurfcamp.com\/?s={search_term_string}"},"query-input":{"@type":"PropertyValueSpecification","valueRequired":true,"valueName":"search_term_string"}}],"inLanguage":"hu"},{"@type":"Organization","@id":"https:\/\/www.yogasurfcamp.com\/#organization","name":"J\u00f3ga sz\u00f6rf t\u00e1bor Marokk\u00f3","url":"https:\/\/www.yogasurfcamp.com\/","logo":{"@type":"ImageObject","inLanguage":"hu","@id":"https:\/\/www.yogasurfcamp.com\/#\/schema\/logo\/image\/","url":"https:\/\/www.yogasurfcamp.com\/wp-content\/uploads\/2026\/01\/Yoga-Surf-camp-1.png","contentUrl":"https:\/\/www.yogasurfcamp.com\/wp-content\/uploads\/2026\/01\/Yoga-Surf-camp-1.png","width":500,"height":500,"caption":"Yoga Surf Camp Morocco"},"image":{"@id":"https:\/\/www.yogasurfcamp.com\/#\/schema\/logo\/image\/"},"sameAs":["https:\/\/www.facebook.com\/profile.php?id=61578768475831","https:\/\/www.instagram.com\/theyogasurfcamp"]}]}},"_links":{"self":[{"href":"https:\/\/www.yogasurfcamp.com\/hu\/wp-json\/wp\/v2\/product\/7878","targetHints":{"allow":["GET"]}}],"collection":[{"href":"https:\/\/www.yogasurfcamp.com\/hu\/wp-json\/wp\/v2\/product"}],"about":[{"href":"https:\/\/www.yogasurfcamp.com\/hu\/wp-json\/wp\/v2\/types\/product"}],"wp:featuredmedia":[{"embeddable":true,"href":"https:\/\/www.yogasurfcamp.com\/hu\/wp-json\/wp\/v2\/media\/7882"}],"wp:attachment":[{"href":"https:\/\/www.yogasurfcamp.com\/hu\/wp-json\/wp\/v2\/media?parent=7878"}],"wp:term":[{"taxonomy":"product_brand","embeddable":true,"href":"https:\/\/www.yogasurfcamp.com\/hu\/wp-json\/wp\/v2\/product_brand?post=7878"},{"taxonomy":"product_cat","embeddable":true,"href":"https:\/\/www.yogasurfcamp.com\/hu\/wp-json\/wp\/v2\/product_cat?post=7878"},{"taxonomy":"product_tag","embeddable":true,"href":"https:\/\/www.yogasurfcamp.com\/hu\/wp-json\/wp\/v2\/product_tag?post=7878"}],"curies":[{"name":"wp","href":"https:\/\/api.w.org\/{rel}","templated":true}]}}