{"id":7827,"date":"2025-07-22T11:54:18","date_gmt":"2025-07-22T11:54:18","guid":{"rendered":"https:\/\/www.yogasurfcamp.com\/?page_id=7827"},"modified":"2025-07-22T12:00:10","modified_gmt":"2025-07-22T12:00:10","slug":"termini-e-condizioni","status":"publish","type":"page","link":"https:\/\/www.yogasurfcamp.com\/it\/termini-e-condizioni\/","title":{"rendered":"Termini e condizioni"},"content":{"rendered":"<div data-elementor-type=\"wp-page\" data-elementor-id=\"7827\" class=\"elementor elementor-7827\" data-elementor-post-type=\"page\">\n\t\t\t\t<div class=\"elementor-element elementor-element-0988375 e-flex e-con-boxed e-con e-parent\" data-id=\"0988375\" data-element_type=\"container\" data-e-type=\"container\">\n\t\t\t\t\t<div class=\"e-con-inner\">\n\t\t\t\t<div class=\"elementor-element elementor-element-9d56674 elementor-widget elementor-widget-text-editor\" data-id=\"9d56674\" data-element_type=\"widget\" data-e-type=\"widget\" data-widget_type=\"text-editor.default\">\n\t\t\t\t<div class=\"elementor-widget-container\">\n\t\t\t\t\t\t\t\t\t<div class=\"entry-content\"><div class=\"elementor elementor-7827\" data-elementor-type=\"wp-page\" data-elementor-id=\"7827\" data-elementor-post-type=\"page\"><div class=\"elementor-element elementor-element-0988375 e-flex e-con-boxed e-con e-parent e-lazyloaded\" data-id=\"0988375\" data-element_type=\"container\"><div class=\"e-con-inner\"><div class=\"elementor-element elementor-element-9d56674 elementor-widget elementor-widget-text-editor\" data-id=\"9d56674\" data-element_type=\"widget\" data-widget_type=\"text-editor.default\"><div class=\"elementor-widget-container\"><h2>Introduzione<\/h2><section id=\"introduction\">I presenti termini e condizioni (\"T&amp;C\") costituiscono l'intero accordo tra Yoga Surf Camp e l'utente (\"cliente\", \"ospite\", \"cliente\"). La prenotazione con noi implica che ogni partecipante ha letto, compreso e accettato tutte le clausole qui contenute.<\/section><section id=\"definitions\"><h2>1 - Definizioni<\/h2><p><strong>Pacchetto<\/strong> - qualsiasi servizio venduto da YSC (ad esempio, Settimana Surf &amp; Yoga All-Inclusive, Day Pass, Lezioni private, Trasferimenti aeroportuali).<\/p><p><strong>Fornitore locale<\/strong> - qualsiasi terzo che fornisca parte del Pacchetto (ad esempio, trasporto, escursioni, noleggio di attrezzature).<\/p><p><strong>Forza maggiore<\/strong> - eventi imprevedibili al di fuori del nostro controllo (vedere la Sezione 14).<\/p><\/section><section id=\"booking\"><h2>2 - Prenotazione e contratto<\/h2><ol><li><strong>Deposito<\/strong> - A <strong>15 % deposito non rimborsabile<\/strong> \u00e8 richiesto al momento della prenotazione per assicurarsi il posto.<\/li><li><strong>Conferma<\/strong> - Il vostro contratto con YSC si forma solo quando inviamo una conferma scritta della prenotazione via e-mail.<\/li><li><strong>Prenotazioni di gruppo<\/strong> - Prenotando per conto di altri, si accettano le presenti T&amp;C per loro conto e si deve inoltrare loro questo documento.<\/li><li><strong>Requisiti speciali<\/strong> (preferenze dietetiche, mediche, di camera) devono essere dichiarate al momento della prenotazione e riconfermate al check-in.<\/li><\/ol><\/section><section id=\"payment\"><h2>3 - Prezzi, valute e pagamenti<\/h2><ul><li><strong>Equilibrio<\/strong> - Il restante <strong>85 %<\/strong> \u00e8 da pagare al momento del check-in.<ul><li>Contanti: EUR (\u20ac) o MAD al tasso fisso in loco di YSC (senza commissioni).<\/li><li>Carta: Principali carte di credito\/debito; <strong>5 Tassa di elaborazione %<\/strong> si applica.<\/li><\/ul><\/li><li><strong>Deposito cauzionale<\/strong> - 60 \u20ac a persona (in contanti) vengono prelevati al check-in contro perdite o danni (biancheria, asciugamani, attrezzatura da surf) e rimborsati al check-out quando gli articoli vengono restituiti in buone condizioni.<\/li><li>Tutti i prezzi sono indicati in euro; ci riserviamo il diritto di quotare e accettare pagamenti in altre valute, se necessario.<\/li><\/ul><\/section><section id=\"transfers\"><h2>4 - Trasferimenti<\/h2><p>I pacchetti surf-camp includono un prelievo e una riconsegna gratuiti da <strong>Aeroporto di Agadir (AGA)<\/strong> o <strong>Stazione principale degli autobus di Agadir<\/strong> se i dettagli dell'arrivo vengono forniti con almeno 24 ore di anticipo. Il nostro autista attende al massimo 1 ora dopo l'arrivo previsto; i ritardi devono essere segnalati tempestivamente.<\/p><\/section><section id=\"medical\"><h2>5 - Condizioni mediche e requisiti speciali<\/h2><p>\u00c8 necessario dichiarare qualsiasi condizione (ad esempio, gravidanza, disabilit\u00e0, malattia cronica) che possa influire sull'idoneit\u00e0 a partecipare. L'YSC pu\u00f2 rifiutare la partecipazione senza rimborso se le condizioni non dichiarate si manifestano successivamente.<\/p><\/section><section id=\"packages\"><h2>6 - Pacchetti e inclusioni<\/h2><p>Le foto e le descrizioni sul nostro sito web sono fornite in buona fede; i modelli esatti di alloggio o di attrezzatura possono variare pur rimanendo equivalenti nello standard.<\/p><\/section><section id=\"client-cancel\"><h2>7 - Modifiche o cancellazioni da parte del Cliente<\/h2><table><thead><tr><th>Avviso prima del check-in<\/th><th>Risultato<\/th><\/tr><\/thead><tbody><tr><td><strong>\u2265 30 giorni<\/strong><\/td><td>Il saldo viene rinunciato o rimborsato; il deposito di 15 % viene trattenuto come tassa amministrativa.<\/td><\/tr><tr><td><strong>15-29 giorni<\/strong><\/td><td>Il deposito viene trattenuto; l'eventuale saldo pagato viene convertito in un buono valido 12 mesi.<\/td><\/tr><tr><td><strong>&lt; 15 giorni o mancata presentazione<\/strong><\/td><td>100 % del prezzo del pacchetto dovuto; nessun rimborso o buono.<\/td><\/tr><\/tbody><\/table><p>Tutte le richieste devono essere effettuate per iscritto e sono valide il giorno in cui YSC riceve l'e-mail. Le spese di transazione (max 5 % + 5 \u20ac) vengono detratte da qualsiasi rimborso in contanti.<\/p><\/section><section id=\"ysc-cancel\"><h2>8 - Modifiche o cancellazioni da parte dello YSC<\/h2><p>\u00c8 possibile che si verifichino piccole modifiche al programma o alla stanza senza alcun risarcimento. Se YSC deve cancellare un intero pacchetto, potete scegliere una delle seguenti opzioni:<\/p><ol><li>Un pacchetto equivalente in nuove date,<\/li><li>Un pacchetto pi\u00f9 economico e il rimborso della differenza, oppure<\/li><li>Un rimborso completo di tutte le somme versate (incluso il deposito).<\/li><\/ol><\/section><section id=\"refund\"><h2>9 - Politica di rimborso<\/h2><p>I rimborsi, quando dovuti, vengono elaborati entro 14 giorni, al netto delle spese di transazione come indicato nella Sezione 7. Non sono previsti rimborsi per servizi non utilizzati causati da malattia, arrivo in ritardo, condizioni di surf\/yoga sfavorevoli o ritiro volontario.<\/p><\/section><section id=\"insurance\"><h2>10 - Assicurazione<\/h2><p>\u00c8 obbligatoria un'assicurazione di viaggio completa che copra le cure mediche, il rimpatrio, la cancellazione, il surf e le attivit\u00e0 di yoga. La prova pu\u00f2 essere richiesta al check-in.<\/p><\/section><section id=\"risk\"><h2>11 - Accettazione del rischio e responsabilit\u00e0 del cliente<\/h2><p>Il surf, lo yoga e le escursioni all'aperto comportano rischi intrinseci. Iscrivendosi, si conferma di saper nuotare, di essere in buona salute e di accettare tali rischi. \u00c8 necessario seguire le istruzioni del personale; un comportamento sconsiderato pu\u00f2 comportare l'esclusione senza rimborso.<\/p><\/section><section id=\"equipment\"><h2>12 - Attrezzature<\/h2><p>YSC fornisce tavole da surf, mute e tappetini da yoga per gli ospiti del Pacchetto. I danni intenzionali o per negligenza saranno addebitati al costo di riparazione o sostituzione.<\/p><\/section><section id=\"optional\"><h2>13 - Attivit\u00e0 ed escursioni facoltative<\/h2><p>I supplementi opzionali (ad esempio, sand-boarding, hammam, escursioni nel deserto) sono gestiti da fornitori indipendenti secondo le proprie condizioni. YSC non si assume alcuna responsabilit\u00e0 per le loro azioni o omissioni.<\/p><\/section><section id=\"force-majeure\"><h2>14 - Forza maggiore<\/h2><p>Non siamo responsabili per perdite, ritardi o cancellazioni causati da eventi quali guerre, scioperi, epidemie, condizioni meteorologiche estreme, disastri naturali o qualsiasi circostanza al di fuori del nostro controllo. Ove possibile e sicuro, cercheremo alternative adeguate.<\/p><\/section><section id=\"lost-property\"><h2>15 - Oggetti smarriti<\/h2><p>YSC non \u00e8 responsabile di furti, smarrimenti o danni agli effetti personali nei nostri locali o veicoli. Si raccomanda l'uso di armadietti e casseforti in camera.<\/p><\/section><section id=\"complaints\"><h2>16 - Reclami<\/h2><p>I problemi devono essere segnalati al nostro team di accoglienza <strong>immediatamente<\/strong> in modo da poter tentare di risolverli sul posto. I reclami scritti ricevuti dopo pi\u00f9 di 30 giorni dal check-out non saranno presi in considerazione.<\/p><\/section><section id=\"images\"><h2>17 - Immagini e marketing<\/h2><p>A meno che l'utente non lo comunichi per iscritto, concede a YSC il diritto di utilizzare fotografie o video che lo ritraggono per scopi promozionali senza alcun compenso.<\/p><\/section><section id=\"law\"><h2>18 - Legge e giurisdizione<\/h2><p>Le presenti CGC sono regolate dalla legge marocchina.\u00a0<\/p><\/section><section id=\"updates\"><h2>19 - Aggiornamenti<\/h2><p>YSC pu\u00f2 modificare le presenti T&amp;C in qualsiasi momento; la versione pubblicata su <em>yogasurfcamp.com<\/em> alla data della prenotazione regola il vostro contratto.<\/p><\/section><section id=\"acceptance\"><h2>Accettazione<\/h2><p>Il pagamento del deposito di 15 % costituisce l'accettazione dei presenti Termini e condizioni.<\/p><\/section><\/div><\/div><\/div><\/div><\/div><\/div>\t\t\t\t\t\t\t\t<\/div>\n\t\t\t\t<\/div>\n\t\t\t\t\t<\/div>\n\t\t\t\t<\/div>\n\t\t\t\t<\/div>","protected":false},"excerpt":{"rendered":"<p>Introduction These Terms &amp; Conditions (\u201cT&amp;C\u201d) constitute the entire agreement between Yoga Surf Camp and you (\u201cclient\u201d, \u201cguest\u201d, \u201ccustomer\u201d). Booking with us signifies that every participant has read, understood, and accepted all clauses herein. 1\u00a0\u2013\u00a0Definitions Package \u2013 any service sold by YSC (e.g., All\u2011Inclusive Surf &amp; Yoga Week, Day\u00a0Pass, Private Lessons, Airport Transfers). Local supplier [&hellip;]<\/p>\n","protected":false},"author":1,"featured_media":0,"parent":0,"menu_order":0,"comment_status":"closed","ping_status":"closed","template":"","meta":{"footnotes":""},"class_list":["post-7827","page","type-page","status-publish","hentry"],"yoast_head":"<!-- This site is optimized with the Yoast SEO Premium plugin v27.1 (Yoast SEO v27.2) - https:\/\/yoast.com\/product\/yoast-seo-premium-wordpress\/ -->\n<title>Terms &amp; Conditions - Yoga Surf Camp Morocco<\/title>\n<meta name=\"robots\" content=\"index, follow, max-snippet:-1, max-image-preview:large, max-video-preview:-1\" \/>\n<link rel=\"canonical\" href=\"https:\/\/www.yogasurfcamp.com\/it\/termini-e-condizioni\/\" \/>\n<meta property=\"og:locale\" content=\"it_IT\" \/>\n<meta property=\"og:type\" content=\"article\" \/>\n<meta property=\"og:title\" content=\"Terms &amp; Conditions\" \/>\n<meta property=\"og:description\" content=\"Introduction These Terms &amp; Conditions (\u201cT&amp;C\u201d) constitute the entire agreement between Yoga Surf Camp and you (\u201cclient\u201d, \u201cguest\u201d, \u201ccustomer\u201d). Booking with us signifies that every participant has read, understood, and accepted all clauses herein. 1\u00a0\u2013\u00a0Definitions Package \u2013 any service sold by YSC (e.g., All\u2011Inclusive Surf &amp; Yoga Week, Day\u00a0Pass, Private Lessons, Airport Transfers). Local supplier [&hellip;]\" \/>\n<meta property=\"og:url\" content=\"https:\/\/www.yogasurfcamp.com\/it\/termini-e-condizioni\/\" \/>\n<meta property=\"og:site_name\" content=\"Yoga Surf Camp Morocco\" \/>\n<meta property=\"article:publisher\" content=\"https:\/\/www.facebook.com\/profile.php?id=61578768475831\" \/>\n<meta property=\"article:modified_time\" content=\"2025-07-22T12:00:10+00:00\" \/>\n<meta name=\"twitter:card\" content=\"summary_large_image\" \/>\n<meta name=\"twitter:label1\" content=\"Tempo di lettura stimato\" \/>\n\t<meta name=\"twitter:data1\" content=\"4 minuti\" \/>\n<script type=\"application\/ld+json\" class=\"yoast-schema-graph\">{\"@context\":\"https:\/\/schema.org\",\"@graph\":[{\"@type\":\"WebPage\",\"@id\":\"https:\/\/www.yogasurfcamp.com\/terms-conditions\/\",\"url\":\"https:\/\/www.yogasurfcamp.com\/terms-conditions\/\",\"name\":\"Terms & Conditions - Yoga Surf Camp Morocco\",\"isPartOf\":{\"@id\":\"https:\/\/www.yogasurfcamp.com\/#website\"},\"datePublished\":\"2025-07-22T11:54:18+00:00\",\"dateModified\":\"2025-07-22T12:00:10+00:00\",\"breadcrumb\":{\"@id\":\"https:\/\/www.yogasurfcamp.com\/terms-conditions\/#breadcrumb\"},\"inLanguage\":\"it-IT\",\"potentialAction\":[{\"@type\":\"ReadAction\",\"target\":[\"https:\/\/www.yogasurfcamp.com\/terms-conditions\/\"]}]},{\"@type\":\"BreadcrumbList\",\"@id\":\"https:\/\/www.yogasurfcamp.com\/terms-conditions\/#breadcrumb\",\"itemListElement\":[{\"@type\":\"ListItem\",\"position\":1,\"name\":\"Home\",\"item\":\"https:\/\/www.yogasurfcamp.com\/\"},{\"@type\":\"ListItem\",\"position\":2,\"name\":\"Terms &#038; Conditions\"}]},{\"@type\":\"WebSite\",\"@id\":\"https:\/\/www.yogasurfcamp.com\/#website\",\"url\":\"https:\/\/www.yogasurfcamp.com\/\",\"name\":\"Yoga Surf Camp Morocco\",\"description\":\"\",\"publisher\":{\"@id\":\"https:\/\/www.yogasurfcamp.com\/#organization\"},\"potentialAction\":[{\"@type\":\"SearchAction\",\"target\":{\"@type\":\"EntryPoint\",\"urlTemplate\":\"https:\/\/www.yogasurfcamp.com\/?s={search_term_string}\"},\"query-input\":{\"@type\":\"PropertyValueSpecification\",\"valueRequired\":true,\"valueName\":\"search_term_string\"}}],\"inLanguage\":\"it-IT\"},{\"@type\":\"Organization\",\"@id\":\"https:\/\/www.yogasurfcamp.com\/#organization\",\"name\":\"Yoga Surf Camp Morocco\",\"url\":\"https:\/\/www.yogasurfcamp.com\/\",\"logo\":{\"@type\":\"ImageObject\",\"inLanguage\":\"it-IT\",\"@id\":\"https:\/\/www.yogasurfcamp.com\/#\/schema\/logo\/image\/\",\"url\":\"https:\/\/www.yogasurfcamp.com\/wp-content\/uploads\/2026\/01\/Yoga-Surf-camp-1.png\",\"contentUrl\":\"https:\/\/www.yogasurfcamp.com\/wp-content\/uploads\/2026\/01\/Yoga-Surf-camp-1.png\",\"width\":500,\"height\":500,\"caption\":\"Yoga Surf Camp Morocco\"},\"image\":{\"@id\":\"https:\/\/www.yogasurfcamp.com\/#\/schema\/logo\/image\/\"},\"sameAs\":[\"https:\/\/www.facebook.com\/profile.php?id=61578768475831\",\"https:\/\/www.instagram.com\/theyogasurfcamp\"]}]}<\/script>\n<!-- \/ Yoast SEO Premium plugin. -->","yoast_head_json":{"title":"Termini e condizioni - Yoga Surf Camp Marocco","robots":{"index":"index","follow":"follow","max-snippet":"max-snippet:-1","max-image-preview":"max-image-preview:large","max-video-preview":"max-video-preview:-1"},"canonical":"https:\/\/www.yogasurfcamp.com\/it\/termini-e-condizioni\/","og_locale":"it_IT","og_type":"article","og_title":"Terms & Conditions","og_description":"Introduction These Terms &amp; Conditions (\u201cT&amp;C\u201d) constitute the entire agreement between Yoga Surf Camp and you (\u201cclient\u201d, \u201cguest\u201d, \u201ccustomer\u201d). Booking with us signifies that every participant has read, understood, and accepted all clauses herein. 1\u00a0\u2013\u00a0Definitions Package \u2013 any service sold by YSC (e.g., All\u2011Inclusive Surf &amp; Yoga Week, Day\u00a0Pass, Private Lessons, Airport Transfers). Local supplier [&hellip;]","og_url":"https:\/\/www.yogasurfcamp.com\/it\/termini-e-condizioni\/","og_site_name":"Yoga Surf Camp Morocco","article_publisher":"https:\/\/www.facebook.com\/profile.php?id=61578768475831","article_modified_time":"2025-07-22T12:00:10+00:00","twitter_card":"summary_large_image","twitter_misc":{"Tempo di lettura stimato":"4 minuti"},"schema":{"@context":"https:\/\/schema.org","@graph":[{"@type":"WebPage","@id":"https:\/\/www.yogasurfcamp.com\/terms-conditions\/","url":"https:\/\/www.yogasurfcamp.com\/terms-conditions\/","name":"Termini e condizioni - Yoga Surf Camp Marocco","isPartOf":{"@id":"https:\/\/www.yogasurfcamp.com\/#website"},"datePublished":"2025-07-22T11:54:18+00:00","dateModified":"2025-07-22T12:00:10+00:00","breadcrumb":{"@id":"https:\/\/www.yogasurfcamp.com\/terms-conditions\/#breadcrumb"},"inLanguage":"it-IT","potentialAction":[{"@type":"ReadAction","target":["https:\/\/www.yogasurfcamp.com\/terms-conditions\/"]}]},{"@type":"BreadcrumbList","@id":"https:\/\/www.yogasurfcamp.com\/terms-conditions\/#breadcrumb","itemListElement":[{"@type":"ListItem","position":1,"name":"Home","item":"https:\/\/www.yogasurfcamp.com\/"},{"@type":"ListItem","position":2,"name":"Terms &#038; Conditions"}]},{"@type":"WebSite","@id":"https:\/\/www.yogasurfcamp.com\/#website","url":"https:\/\/www.yogasurfcamp.com\/","name":"Yoga Surf Camp Marocco","description":"","publisher":{"@id":"https:\/\/www.yogasurfcamp.com\/#organization"},"potentialAction":[{"@type":"SearchAction","target":{"@type":"EntryPoint","urlTemplate":"https:\/\/www.yogasurfcamp.com\/?s={search_term_string}"},"query-input":{"@type":"PropertyValueSpecification","valueRequired":true,"valueName":"search_term_string"}}],"inLanguage":"it-IT"},{"@type":"Organization","@id":"https:\/\/www.yogasurfcamp.com\/#organization","name":"Yoga Surf Camp Marocco","url":"https:\/\/www.yogasurfcamp.com\/","logo":{"@type":"ImageObject","inLanguage":"it-IT","@id":"https:\/\/www.yogasurfcamp.com\/#\/schema\/logo\/image\/","url":"https:\/\/www.yogasurfcamp.com\/wp-content\/uploads\/2026\/01\/Yoga-Surf-camp-1.png","contentUrl":"https:\/\/www.yogasurfcamp.com\/wp-content\/uploads\/2026\/01\/Yoga-Surf-camp-1.png","width":500,"height":500,"caption":"Yoga Surf Camp Morocco"},"image":{"@id":"https:\/\/www.yogasurfcamp.com\/#\/schema\/logo\/image\/"},"sameAs":["https:\/\/www.facebook.com\/profile.php?id=61578768475831","https:\/\/www.instagram.com\/theyogasurfcamp"]}]}},"_links":{"self":[{"href":"https:\/\/www.yogasurfcamp.com\/it\/wp-json\/wp\/v2\/pages\/7827","targetHints":{"allow":["GET"]}}],"collection":[{"href":"https:\/\/www.yogasurfcamp.com\/it\/wp-json\/wp\/v2\/pages"}],"about":[{"href":"https:\/\/www.yogasurfcamp.com\/it\/wp-json\/wp\/v2\/types\/page"}],"author":[{"embeddable":true,"href":"https:\/\/www.yogasurfcamp.com\/it\/wp-json\/wp\/v2\/users\/1"}],"replies":[{"embeddable":true,"href":"https:\/\/www.yogasurfcamp.com\/it\/wp-json\/wp\/v2\/comments?post=7827"}],"version-history":[{"count":0,"href":"https:\/\/www.yogasurfcamp.com\/it\/wp-json\/wp\/v2\/pages\/7827\/revisions"}],"wp:attachment":[{"href":"https:\/\/www.yogasurfcamp.com\/it\/wp-json\/wp\/v2\/media?parent=7827"}],"curies":[{"name":"wp","href":"https:\/\/api.w.org\/{rel}","templated":true}]}}