{"id":7840,"date":"2025-07-22T12:15:41","date_gmt":"2025-07-22T12:15:41","guid":{"rendered":"https:\/\/www.yogasurfcamp.com\/?page_id=7840"},"modified":"2025-07-26T19:45:19","modified_gmt":"2025-07-26T19:45:19","slug":"privatumo-politika","status":"publish","type":"page","link":"https:\/\/www.yogasurfcamp.com\/lt\/privatumo-politika\/","title":{"rendered":"Privatumo politika"},"content":{"rendered":"<div data-elementor-type=\"wp-page\" data-elementor-id=\"7840\" class=\"elementor elementor-7840\" data-elementor-post-type=\"page\">\n\t\t\t\t<div class=\"elementor-element elementor-element-fc93f45 e-flex e-con-boxed e-con e-parent\" data-id=\"fc93f45\" data-element_type=\"container\" data-e-type=\"container\">\n\t\t\t\t\t<div class=\"e-con-inner\">\n\t\t\t\t<div class=\"elementor-element elementor-element-b5916bd elementor-widget elementor-widget-text-editor\" data-id=\"b5916bd\" data-element_type=\"widget\" data-e-type=\"widget\" data-widget_type=\"text-editor.default\">\n\t\t\t\t<div class=\"elementor-widget-container\">\n\t\t\t\t\t\t\t\t\t<p><strong>YogaSurfCamp.com<\/strong> (\"<strong>mes<\/strong>\", \"<strong>mus<\/strong>\", <strong>arba<\/strong> \"<strong>m\u016bs\u0173<\/strong>\") valdo YogaSurfCamp.com . \u0160iame puslapyje paai\u0161kinama, kaip renkame, naudojame ir atskleid\u017eiame j\u016bs\u0173 asmenin\u0119 informacij\u0105, kai naudojat\u0117s m\u016bs\u0173 Paslauga.<\/p><p>Niekada nesidalinsime j\u016bs\u0173 informacija, i\u0161skyrus \u0161ioje Politikoje apra\u0161ytus atvejus. Naudodamiesi Paslauga sutinkate, kad informacija b\u016bt\u0173 renkama ir naudojama pagal \u0161\u012f dokument\u0105. \u010cia neapibr\u0117\u017etos s\u0105vokos did\u017eiosiomis raid\u0117mis turi m\u016bs\u0173 S\u0105lygose ir s\u0105lygose nurodytas reik\u0161mes.<\/p><h2><br \/>1. Informacijos rinkimas ir naudojimas<\/h2><p>Naudodamiesi m\u016bs\u0173 Paslauga galime papra\u0161yti j\u016bs\u0173 pateikti tam tikr\u0105 asmenin\u0119 informacij\u0105 (toliau - asmenin\u0117 informacija), kuri gali b\u016bti naudojama susisiekti su jumis arba nustatyti j\u016bs\u0173 tapatyb\u0119. Tai gali b\u016bti, be kita ko, \u0161ie duomenys:<\/p><p>Pavadinimas<br \/>El. pa\u0161to adresas<br \/>Telefono numeris<br \/>Pa\u0161to adresas<br \/>Mok\u0117jimo duomenys (juos saugiai tvarko m\u016bs\u0173 mok\u0117jimo procesorius; mes nesaugome vis\u0173 korteli\u0173 numeri\u0173).<\/p><h2>2. \u017durnalo duomenys<\/h2><p>Kai lankot\u0117s Paslaugoje, m\u016bs\u0173 serveriai automati\u0161kai \u012fra\u0161o j\u016bs\u0173 nar\u0161ykl\u0117s siun\u010diam\u0105 informacij\u0105 (\"\u017eurnalo duomenys\"). \u0160ie \u017eurnalo duomenys gali apimti j\u016bs\u0173 IP adres\u0105, nar\u0161ykl\u0117s tip\u0105 ir versij\u0105, lankomus puslapius, apsilankymo dat\u0105 ir laik\u0105, \u0161iuose puslapiuose praleist\u0105 laik\u0105 ir kit\u0105 statistik\u0105.<\/p><h2><br \/>3. Slapukai<\/h2><p>Slapukai yra ma\u017ei tekstiniai failai, dedami \u012f j\u016bs\u0173 \u012frengin\u012f, kad b\u016bt\u0173 renkama standartin\u0117 interneto \u017eurnalo informacija ir lankytoj\u0173 elgsenos duomenys. Mes naudojame slapukus, kad:<\/p><p>\u012fsiminti j\u016bs\u0173 nuostatas (pvz., kalb\u0105, valiut\u0105, sutikim\u0105 naudoti slapukus).<br \/>Analizuokite svetain\u0117s sraut\u0105 ir naudojim\u0105, kad pagerintum\u0117te na\u0161um\u0105.<br \/>rodyti atitinkamus rinkodaros prane\u0161imus per patikimus partnerius<\/p><p>Galite nustatyti nar\u0161ykl\u0119 taip, kad ji atsisakyt\u0173 slapuk\u0173 arba \u012fsp\u0117t\u0173 apie siun\u010diamus slapukus. Jei taip padarysite, kai kurios Paslaugos dalys gali tinkamai neveikti.<\/p><h2><br \/>4. Paslaug\u0173 teik\u0117jai<\/h2><p>Galime samdyti tre\u010di\u0173j\u0173 \u0161ali\u0173 \u012fmones, kad jos palengvint\u0173 m\u016bs\u0173 Paslaugos teikim\u0105, atlikt\u0173 su Paslauga susijusias u\u017eduotis arba pad\u0117t\u0173 mums analizuoti, kaip naudojama m\u016bs\u0173 Paslauga. \u0160ios tre\u010diosios \u0161alys turi prieig\u0105 prie j\u016bs\u0173 Asmens duomen\u0173 tik tam, kad gal\u0117t\u0173 atlikti \u0161ias u\u017eduotis m\u016bs\u0173 vardu, ir yra \u012fpareigotos saugoti j\u016bs\u0173 duomen\u0173 konfidencialum\u0105.<\/p><h2><br \/>5. Saugumas<\/h2><p>Vertiname j\u016bs\u0173 pasitik\u0117jim\u0105, kai pateikiate mums savo asmenin\u0119 informacij\u0105, ir stengiam\u0117s naudoti komerci\u0161kai priimtinas jos apsaugos priemones. Ta\u010diau nepamir\u0161kite, kad joks perdavimo internetu ar elektroninio saugojimo b\u016bdas n\u0117ra 100 % saugus ir mes negalime garantuoti visi\u0161ko saugumo.<br \/>6. Nuorodos \u012f kitas svetaines<\/p><p>M\u016bs\u0173 Paslaugoje gali b\u016bti nuorod\u0173 \u012f i\u0161orines svetaines, kuri\u0173 mes nevaldome. Primygtinai rekomenduojame per\u017ei\u016br\u0117ti kiekvienos svetain\u0117s, kurioje lankot\u0117s, privatumo politik\u0105. Mes nekontroliuojame ir neprisiimame jokios atsakomyb\u0117s u\u017e tre\u010di\u0173j\u0173 \u0161ali\u0173 svetaini\u0173 turin\u012f ar privatumo praktik\u0105.<\/p><h2><br \/>7. Vaik\u0173 privatumas<\/h2><p>M\u016bs\u0173 Paslauga n\u0117ra skirta jaunesniems nei 18 met\u0173 asmenims (toliau - vaikai). Mes s\u0105moningai nerenkame asmenin\u0117s informacijos i\u0161 vaik\u0173. Jei manote, kad j\u016bs\u0173 vaikas pateik\u0117 mums asmenin\u0119 informacij\u0105, nedelsdami susisiekite su mumis ir mes pa\u0161alinsime \u0161iuos duomenis.<\/p><h2><br \/>8. \u012estatym\u0173 laikymasis<\/h2><p>Atskleisime j\u016bs\u0173 asmenin\u0119 informacij\u0105, jei to bus reikalaujama pagal \u012fstatym\u0105 arba teismo \u0161aukim\u0105.<\/p><h2><br \/>9. \u0160ios privatumo politikos pakeitimai<\/h2><p>Kartais galime atnaujinti \u0161i\u0105 privatumo politik\u0105. Pakeist\u0105 versij\u0105 paskelbsime \u0161iame puslapyje ir atnaujinsime vir\u0161uje esan\u010di\u0105 \"Paskutinio atnaujinimo\" dat\u0105. Jei paskelbus pakeitimus toliau naudosit\u0117s Paslauga, tai rei\u0161kia, kad sutinkate su atnaujintomis s\u0105lygomis.<\/p><h2><br \/>10. Susisiekite su mumis<\/h2><p>Jei turite klausim\u0173 apie \u0161i\u0105 privatumo politik\u0105 arba savo duomenis, susisiekite su mumis:<\/p><p>El. pa\u0161tas: contact@yogasurfcamp.com<br \/>Telefonas: +212 6 00 00 00 00<\/p>\t\t\t\t\t\t\t\t<\/div>\n\t\t\t\t<\/div>\n\t\t\t\t\t<\/div>\n\t\t\t\t<\/div>\n\t\t\t\t<\/div>","protected":false},"excerpt":{"rendered":"<p>YogaSurfCamp.com (\u201cwe\u201d, \u201cus\u201d, or \u201cour\u201d) operates the YogaSurfCamp.com . This page explains how we collect, use, and disclose your personal information when you use our Service. We will never share your information except as described in this Policy. By using the Service, you agree to the collection and use of information in accordance with this [&hellip;]<\/p>\n","protected":false},"author":1,"featured_media":0,"parent":0,"menu_order":0,"comment_status":"closed","ping_status":"closed","template":"template-canvas.php","meta":{"footnotes":""},"class_list":["post-7840","page","type-page","status-publish","hentry"],"yoast_head":"<!-- This site is optimized with the Yoast SEO Premium plugin v27.1 (Yoast SEO v27.2) - https:\/\/yoast.com\/product\/yoast-seo-premium-wordpress\/ -->\n<title>Privacy Policy - Yoga Surf Camp Morocco<\/title>\n<meta name=\"robots\" content=\"index, follow, max-snippet:-1, max-image-preview:large, max-video-preview:-1\" \/>\n<link rel=\"canonical\" href=\"https:\/\/www.yogasurfcamp.com\/lt\/privatumo-politika\/\" \/>\n<meta property=\"og:locale\" content=\"lt_LT\" \/>\n<meta property=\"og:type\" content=\"article\" \/>\n<meta property=\"og:title\" content=\"Privacy Policy\" \/>\n<meta property=\"og:description\" content=\"YogaSurfCamp.com (\u201cwe\u201d, \u201cus\u201d, or \u201cour\u201d) operates the YogaSurfCamp.com . This page explains how we collect, use, and disclose your personal information when you use our Service. We will never share your information except as described in this Policy. By using the Service, you agree to the collection and use of information in accordance with this [&hellip;]\" \/>\n<meta property=\"og:url\" content=\"https:\/\/www.yogasurfcamp.com\/lt\/privatumo-politika\/\" \/>\n<meta property=\"og:site_name\" content=\"Yoga Surf Camp Morocco\" \/>\n<meta property=\"article:publisher\" content=\"https:\/\/www.facebook.com\/profile.php?id=61578768475831\" \/>\n<meta property=\"article:modified_time\" content=\"2025-07-26T19:45:19+00:00\" \/>\n<meta property=\"og:image\" content=\"https:\/\/www.yogasurfcamp.com\/wp-content\/uploads\/2025\/07\/Logo-2.png\" \/>\n\t<meta property=\"og:image:width\" content=\"1841\" \/>\n\t<meta property=\"og:image:height\" content=\"1797\" \/>\n\t<meta property=\"og:image:type\" content=\"image\/png\" \/>\n<meta name=\"twitter:card\" content=\"summary_large_image\" \/>\n<meta name=\"twitter:label1\" content=\"Est. reading time\" \/>\n\t<meta name=\"twitter:data1\" content=\"3 minut\u0117s\" \/>\n<script type=\"application\/ld+json\" class=\"yoast-schema-graph\">{\"@context\":\"https:\/\/schema.org\",\"@graph\":[{\"@type\":\"WebPage\",\"@id\":\"https:\/\/www.yogasurfcamp.com\/privacy-policy\/\",\"url\":\"https:\/\/www.yogasurfcamp.com\/privacy-policy\/\",\"name\":\"Privacy Policy - Yoga Surf Camp Morocco\",\"isPartOf\":{\"@id\":\"https:\/\/www.yogasurfcamp.com\/#website\"},\"datePublished\":\"2025-07-22T12:15:41+00:00\",\"dateModified\":\"2025-07-26T19:45:19+00:00\",\"breadcrumb\":{\"@id\":\"https:\/\/www.yogasurfcamp.com\/privacy-policy\/#breadcrumb\"},\"inLanguage\":\"lt-LT\",\"potentialAction\":[{\"@type\":\"ReadAction\",\"target\":[\"https:\/\/www.yogasurfcamp.com\/privacy-policy\/\"]}]},{\"@type\":\"BreadcrumbList\",\"@id\":\"https:\/\/www.yogasurfcamp.com\/privacy-policy\/#breadcrumb\",\"itemListElement\":[{\"@type\":\"ListItem\",\"position\":1,\"name\":\"Home\",\"item\":\"https:\/\/www.yogasurfcamp.com\/\"},{\"@type\":\"ListItem\",\"position\":2,\"name\":\"Privacy Policy\"}]},{\"@type\":\"WebSite\",\"@id\":\"https:\/\/www.yogasurfcamp.com\/#website\",\"url\":\"https:\/\/www.yogasurfcamp.com\/\",\"name\":\"Yoga Surf Camp Morocco\",\"description\":\"\",\"publisher\":{\"@id\":\"https:\/\/www.yogasurfcamp.com\/#organization\"},\"potentialAction\":[{\"@type\":\"SearchAction\",\"target\":{\"@type\":\"EntryPoint\",\"urlTemplate\":\"https:\/\/www.yogasurfcamp.com\/?s={search_term_string}\"},\"query-input\":{\"@type\":\"PropertyValueSpecification\",\"valueRequired\":true,\"valueName\":\"search_term_string\"}}],\"inLanguage\":\"lt-LT\"},{\"@type\":\"Organization\",\"@id\":\"https:\/\/www.yogasurfcamp.com\/#organization\",\"name\":\"Yoga Surf Camp Morocco\",\"url\":\"https:\/\/www.yogasurfcamp.com\/\",\"logo\":{\"@type\":\"ImageObject\",\"inLanguage\":\"lt-LT\",\"@id\":\"https:\/\/www.yogasurfcamp.com\/#\/schema\/logo\/image\/\",\"url\":\"https:\/\/www.yogasurfcamp.com\/wp-content\/uploads\/2026\/01\/Yoga-Surf-camp-1.png\",\"contentUrl\":\"https:\/\/www.yogasurfcamp.com\/wp-content\/uploads\/2026\/01\/Yoga-Surf-camp-1.png\",\"width\":500,\"height\":500,\"caption\":\"Yoga Surf Camp Morocco\"},\"image\":{\"@id\":\"https:\/\/www.yogasurfcamp.com\/#\/schema\/logo\/image\/\"},\"sameAs\":[\"https:\/\/www.facebook.com\/profile.php?id=61578768475831\",\"https:\/\/www.instagram.com\/theyogasurfcamp\"]}]}<\/script>\n<!-- \/ Yoast SEO Premium plugin. -->","yoast_head_json":{"title":"Privatumo politika - Yoga Surf Camp Morocco","robots":{"index":"index","follow":"follow","max-snippet":"max-snippet:-1","max-image-preview":"max-image-preview:large","max-video-preview":"max-video-preview:-1"},"canonical":"https:\/\/www.yogasurfcamp.com\/lt\/privatumo-politika\/","og_locale":"lt_LT","og_type":"article","og_title":"Privacy Policy","og_description":"YogaSurfCamp.com (\u201cwe\u201d, \u201cus\u201d, or \u201cour\u201d) operates the YogaSurfCamp.com . This page explains how we collect, use, and disclose your personal information when you use our Service. We will never share your information except as described in this Policy. By using the Service, you agree to the collection and use of information in accordance with this [&hellip;]","og_url":"https:\/\/www.yogasurfcamp.com\/lt\/privatumo-politika\/","og_site_name":"Yoga Surf Camp Morocco","article_publisher":"https:\/\/www.facebook.com\/profile.php?id=61578768475831","article_modified_time":"2025-07-26T19:45:19+00:00","og_image":[{"width":1841,"height":1797,"url":"https:\/\/www.yogasurfcamp.com\/wp-content\/uploads\/2025\/07\/Logo-2.png","type":"image\/png"}],"twitter_card":"summary_large_image","twitter_misc":{"Est. reading time":"3 minut\u0117s"},"schema":{"@context":"https:\/\/schema.org","@graph":[{"@type":"WebPage","@id":"https:\/\/www.yogasurfcamp.com\/privacy-policy\/","url":"https:\/\/www.yogasurfcamp.com\/privacy-policy\/","name":"Privatumo politika - Yoga Surf Camp Morocco","isPartOf":{"@id":"https:\/\/www.yogasurfcamp.com\/#website"},"datePublished":"2025-07-22T12:15:41+00:00","dateModified":"2025-07-26T19:45:19+00:00","breadcrumb":{"@id":"https:\/\/www.yogasurfcamp.com\/privacy-policy\/#breadcrumb"},"inLanguage":"lt-LT","potentialAction":[{"@type":"ReadAction","target":["https:\/\/www.yogasurfcamp.com\/privacy-policy\/"]}]},{"@type":"BreadcrumbList","@id":"https:\/\/www.yogasurfcamp.com\/privacy-policy\/#breadcrumb","itemListElement":[{"@type":"ListItem","position":1,"name":"Home","item":"https:\/\/www.yogasurfcamp.com\/"},{"@type":"ListItem","position":2,"name":"Privacy Policy"}]},{"@type":"WebSite","@id":"https:\/\/www.yogasurfcamp.com\/#website","url":"https:\/\/www.yogasurfcamp.com\/","name":"Jogos banglen\u010di\u0173 stovykla Maroke","description":"","publisher":{"@id":"https:\/\/www.yogasurfcamp.com\/#organization"},"potentialAction":[{"@type":"SearchAction","target":{"@type":"EntryPoint","urlTemplate":"https:\/\/www.yogasurfcamp.com\/?s={search_term_string}"},"query-input":{"@type":"PropertyValueSpecification","valueRequired":true,"valueName":"search_term_string"}}],"inLanguage":"lt-LT"},{"@type":"Organization","@id":"https:\/\/www.yogasurfcamp.com\/#organization","name":"Jogos banglen\u010di\u0173 stovykla Maroke","url":"https:\/\/www.yogasurfcamp.com\/","logo":{"@type":"ImageObject","inLanguage":"lt-LT","@id":"https:\/\/www.yogasurfcamp.com\/#\/schema\/logo\/image\/","url":"https:\/\/www.yogasurfcamp.com\/wp-content\/uploads\/2026\/01\/Yoga-Surf-camp-1.png","contentUrl":"https:\/\/www.yogasurfcamp.com\/wp-content\/uploads\/2026\/01\/Yoga-Surf-camp-1.png","width":500,"height":500,"caption":"Yoga Surf Camp Morocco"},"image":{"@id":"https:\/\/www.yogasurfcamp.com\/#\/schema\/logo\/image\/"},"sameAs":["https:\/\/www.facebook.com\/profile.php?id=61578768475831","https:\/\/www.instagram.com\/theyogasurfcamp"]}]}},"_links":{"self":[{"href":"https:\/\/www.yogasurfcamp.com\/lt\/wp-json\/wp\/v2\/pages\/7840","targetHints":{"allow":["GET"]}}],"collection":[{"href":"https:\/\/www.yogasurfcamp.com\/lt\/wp-json\/wp\/v2\/pages"}],"about":[{"href":"https:\/\/www.yogasurfcamp.com\/lt\/wp-json\/wp\/v2\/types\/page"}],"author":[{"embeddable":true,"href":"https:\/\/www.yogasurfcamp.com\/lt\/wp-json\/wp\/v2\/users\/1"}],"replies":[{"embeddable":true,"href":"https:\/\/www.yogasurfcamp.com\/lt\/wp-json\/wp\/v2\/comments?post=7840"}],"version-history":[{"count":0,"href":"https:\/\/www.yogasurfcamp.com\/lt\/wp-json\/wp\/v2\/pages\/7840\/revisions"}],"wp:attachment":[{"href":"https:\/\/www.yogasurfcamp.com\/lt\/wp-json\/wp\/v2\/media?parent=7840"}],"curies":[{"name":"wp","href":"https:\/\/api.w.org\/{rel}","templated":true}]}}