{"id":7892,"date":"2025-07-23T01:02:54","date_gmt":"2025-07-23T01:02:54","guid":{"rendered":"https:\/\/www.yogasurfcamp.com\/?post_type=product&#038;p=7892"},"modified":"2026-03-13T18:49:56","modified_gmt":"2026-03-13T18:49:56","slug":"zen-swell-getaway-4-naktys-ir-5-dienos","status":"publish","type":"product","link":"https:\/\/www.yogasurfcamp.com\/lt\/paketai\/zen-swell-getaway-4-naktys-ir-5-dienos\/","title":{"rendered":"Zen &amp; Swell Getaway 4 naktys \/ 5 dienos"},"content":{"rendered":"<p style=\"text-align: center;\" data-start=\"0\" data-end=\"62\"><strong data-start=\"0\" data-end=\"60\">Jogos banglen\u010di\u0173 stovykla - Zen &amp; Swell Getaway (4 naktys \/ 5 dienos)<\/strong><\/p>\n<p style=\"text-align: center;\" data-start=\"64\" data-end=\"403\">Pasisemkite j\u0117g\u0173 penkioms dienoms Taghazout \u012flankoje: patobulinkite banglen\u010di\u0173 sportavimo technik\u0105, pagilinkite jogos pratimus ir pasim\u0117gaukite gyvybinga Maroko pakrant\u0117s kult\u016bra. Svetain\u0117 <strong data-start=\"221\" data-end=\"244\">Zen &amp; Swell Getaway<\/strong> adresu <strong data-start=\"248\" data-end=\"266\">Jogos banglen\u010di\u0173 stovykla<\/strong> \u010dia derinamas s\u0105moningas jud\u0117jimas ir jodin\u0117jimas bangomis, puikiai tinkantis keliautojams, kurie nori ne tik greitai paragauti, bet ir negali skirti visos savait\u0117s.<\/p>","protected":false},"excerpt":{"rendered":"<p>\u2714 Pasitikimas ir i\u0161laipinimas Agadiro oro uoste arba autobus\u0173 stotyje<br \/>\n\u2714 4 nakvyn\u0117s Apgyvendinimas<br \/>\n\u2714 Pusry\u010diai, piet\u016bs ir vakarien\u0117 kiekvien\u0105 dien\u0105<br \/>\n\u2714 4 dien\u0173 banglen\u010di\u0173 sporto pamokos su ISA sertifikuotais instruktoriais<br \/>\n\u2714 2 jogos u\u017esi\u0117mimai, skirti atsipalaiduoti ir pasitempti<br \/>\n\u2714 Kelion\u0117s \u012f geriausias banglen\u010di\u0173 sporto vietas ir i\u0161 j\u0173<br \/>\n\u2714 Nemokama banglent\u0117s ir hidrokostiumo nuoma vis\u0105 dien\u0105<br \/>\n\u2714 Neribotas laikas nar\u0161yti savaranki\u0161kai<br \/>\n\u2714 banglen\u010di\u0173 nuotraukos, terasa ant stogo ir nemokamas \"Wi-Fi<\/p>","protected":false},"featured_media":7893,"template":"","meta":[],"product_brand":[],"product_cat":[15],"product_tag":[],"class_list":{"0":"post-7892","1":"product","2":"type-product","3":"status-publish","4":"has-post-thumbnail","6":"product_cat-packages","8":"first","9":"instock","10":"sale","11":"shipping-taxable","12":"product-type-external"},"yoast_head":"<!-- This site is optimized with the Yoast SEO Premium plugin v27.1 (Yoast SEO v27.2) - https:\/\/yoast.com\/product\/yoast-seo-premium-wordpress\/ -->\n<title>Zen\u202f&amp;\u202fSwell Getaway 4\u202fNights\u202f\/\u202f5\u202fDays - Yoga Surf Camp Morocco<\/title>\n<meta name=\"robots\" content=\"index, follow, max-snippet:-1, max-image-preview:large, max-video-preview:-1\" \/>\n<link rel=\"canonical\" href=\"https:\/\/www.yogasurfcamp.com\/lt\/paketai\/zen-swell-getaway-4-naktys-ir-5-dienos\/\" \/>\n<meta property=\"og:locale\" content=\"lt_LT\" \/>\n<meta property=\"og:type\" content=\"article\" \/>\n<meta property=\"og:title\" content=\"Zen\u202f&amp;\u202fSwell Getaway 4\u202fNights\u202f\/\u202f5\u202fDays\" \/>\n<meta property=\"og:description\" content=\"\u2714\u202fPick\u2011up and drop\u2011off at Agadir airport or bus station \u2714\u202f4 Nights Accommodation \u2714\u202fBreakfast, lunch, and dinner every day \u2714 4 Days surf lessons with ISA certified instructors \u2714 2 yoga sessions to stretch and relax \u2714\u202fRides to and from the best surf spots \u2714\u202fFree surfboard and wetsuit rental all day \u2714\u202fUnlimited time to surf on your own \u2714\u202fSurf photos, roof\u2011top terrace, and free Wi\u2011Fi\" \/>\n<meta property=\"og:url\" content=\"https:\/\/www.yogasurfcamp.com\/lt\/paketai\/zen-swell-getaway-4-naktys-ir-5-dienos\/\" \/>\n<meta property=\"og:site_name\" content=\"Yoga Surf Camp Morocco\" \/>\n<meta property=\"article:publisher\" content=\"https:\/\/www.facebook.com\/profile.php?id=61578768475831\" \/>\n<meta property=\"article:modified_time\" content=\"2026-03-13T18:49:56+00:00\" \/>\n<meta property=\"og:image\" content=\"https:\/\/www.yogasurfcamp.com\/wp-content\/uploads\/2025\/07\/Yoga-Surf-Camp-1-2-scaled.jpg\" \/>\n\t<meta property=\"og:image:width\" content=\"2560\" \/>\n\t<meta property=\"og:image:height\" content=\"1441\" \/>\n\t<meta property=\"og:image:type\" content=\"image\/jpeg\" \/>\n<meta name=\"twitter:card\" content=\"summary_large_image\" \/>\n<meta name=\"twitter:label1\" content=\"Est. reading time\" \/>\n\t<meta name=\"twitter:data1\" content=\"1 minut\u0117\" \/>\n<script type=\"application\/ld+json\" class=\"yoast-schema-graph\">{\"@context\":\"https:\/\/schema.org\",\"@graph\":[{\"@type\":\"WebPage\",\"@id\":\"https:\/\/www.yogasurfcamp.com\/packages\/zen-swell-getaway-4-nights-5-days\/\",\"url\":\"https:\/\/www.yogasurfcamp.com\/packages\/zen-swell-getaway-4-nights-5-days\/\",\"name\":\"Zen\u202f&\u202fSwell Getaway 4\u202fNights\u202f\/\u202f5\u202fDays - Yoga Surf Camp Morocco\",\"isPartOf\":{\"@id\":\"https:\/\/www.yogasurfcamp.com\/#website\"},\"primaryImageOfPage\":{\"@id\":\"https:\/\/www.yogasurfcamp.com\/packages\/zen-swell-getaway-4-nights-5-days\/#primaryimage\"},\"image\":{\"@id\":\"https:\/\/www.yogasurfcamp.com\/packages\/zen-swell-getaway-4-nights-5-days\/#primaryimage\"},\"thumbnailUrl\":\"https:\/\/www.yogasurfcamp.com\/wp-content\/uploads\/2025\/07\/Yoga-Surf-Camp-1-2-scaled.jpg\",\"datePublished\":\"2025-07-23T01:02:54+00:00\",\"dateModified\":\"2026-03-13T18:49:56+00:00\",\"breadcrumb\":{\"@id\":\"https:\/\/www.yogasurfcamp.com\/packages\/zen-swell-getaway-4-nights-5-days\/#breadcrumb\"},\"inLanguage\":\"lt-LT\",\"potentialAction\":[{\"@type\":\"ReadAction\",\"target\":[\"https:\/\/www.yogasurfcamp.com\/packages\/zen-swell-getaway-4-nights-5-days\/\"]}]},{\"@type\":\"ImageObject\",\"inLanguage\":\"lt-LT\",\"@id\":\"https:\/\/www.yogasurfcamp.com\/packages\/zen-swell-getaway-4-nights-5-days\/#primaryimage\",\"url\":\"https:\/\/www.yogasurfcamp.com\/wp-content\/uploads\/2025\/07\/Yoga-Surf-Camp-1-2-scaled.jpg\",\"contentUrl\":\"https:\/\/www.yogasurfcamp.com\/wp-content\/uploads\/2025\/07\/Yoga-Surf-Camp-1-2-scaled.jpg\",\"width\":2560,\"height\":1441,\"caption\":\"Yoga\u202fSurf\u202fCamp\"},{\"@type\":\"BreadcrumbList\",\"@id\":\"https:\/\/www.yogasurfcamp.com\/packages\/zen-swell-getaway-4-nights-5-days\/#breadcrumb\",\"itemListElement\":[{\"@type\":\"ListItem\",\"position\":1,\"name\":\"Home\",\"item\":\"https:\/\/www.yogasurfcamp.com\/\"},{\"@type\":\"ListItem\",\"position\":2,\"name\":\"Products\",\"item\":\"https:\/\/www.yogasurfcamp.com\/packages__trashed\/\"},{\"@type\":\"ListItem\",\"position\":3,\"name\":\"Zen\u202f&#038;\u202fSwell Getaway 4\u202fNights\u202f\/\u202f5\u202fDays\"}]},{\"@type\":\"WebSite\",\"@id\":\"https:\/\/www.yogasurfcamp.com\/#website\",\"url\":\"https:\/\/www.yogasurfcamp.com\/\",\"name\":\"Yoga Surf Camp Morocco\",\"description\":\"\",\"publisher\":{\"@id\":\"https:\/\/www.yogasurfcamp.com\/#organization\"},\"potentialAction\":[{\"@type\":\"SearchAction\",\"target\":{\"@type\":\"EntryPoint\",\"urlTemplate\":\"https:\/\/www.yogasurfcamp.com\/?s={search_term_string}\"},\"query-input\":{\"@type\":\"PropertyValueSpecification\",\"valueRequired\":true,\"valueName\":\"search_term_string\"}}],\"inLanguage\":\"lt-LT\"},{\"@type\":\"Organization\",\"@id\":\"https:\/\/www.yogasurfcamp.com\/#organization\",\"name\":\"Yoga Surf Camp Morocco\",\"url\":\"https:\/\/www.yogasurfcamp.com\/\",\"logo\":{\"@type\":\"ImageObject\",\"inLanguage\":\"lt-LT\",\"@id\":\"https:\/\/www.yogasurfcamp.com\/#\/schema\/logo\/image\/\",\"url\":\"https:\/\/www.yogasurfcamp.com\/wp-content\/uploads\/2026\/01\/Yoga-Surf-camp-1.png\",\"contentUrl\":\"https:\/\/www.yogasurfcamp.com\/wp-content\/uploads\/2026\/01\/Yoga-Surf-camp-1.png\",\"width\":500,\"height\":500,\"caption\":\"Yoga Surf Camp Morocco\"},\"image\":{\"@id\":\"https:\/\/www.yogasurfcamp.com\/#\/schema\/logo\/image\/\"},\"sameAs\":[\"https:\/\/www.facebook.com\/profile.php?id=61578768475831\",\"https:\/\/www.instagram.com\/theyogasurfcamp\"]}]}<\/script>\n<!-- \/ Yoast SEO Premium plugin. -->","yoast_head_json":{"title":"Zen &amp; Swell Getaway 4 naktys \/ 5 dienos - Yoga Surf Camp Morocco","robots":{"index":"index","follow":"follow","max-snippet":"max-snippet:-1","max-image-preview":"max-image-preview:large","max-video-preview":"max-video-preview:-1"},"canonical":"https:\/\/www.yogasurfcamp.com\/lt\/paketai\/zen-swell-getaway-4-naktys-ir-5-dienos\/","og_locale":"lt_LT","og_type":"article","og_title":"Zen\u202f&\u202fSwell Getaway 4\u202fNights\u202f\/\u202f5\u202fDays","og_description":"\u2714\u202fPick\u2011up and drop\u2011off at Agadir airport or bus station \u2714\u202f4 Nights Accommodation \u2714\u202fBreakfast, lunch, and dinner every day \u2714 4 Days surf lessons with ISA certified instructors \u2714 2 yoga sessions to stretch and relax \u2714\u202fRides to and from the best surf spots \u2714\u202fFree surfboard and wetsuit rental all day \u2714\u202fUnlimited time to surf on your own \u2714\u202fSurf photos, roof\u2011top terrace, and free Wi\u2011Fi","og_url":"https:\/\/www.yogasurfcamp.com\/lt\/paketai\/zen-swell-getaway-4-naktys-ir-5-dienos\/","og_site_name":"Yoga Surf Camp Morocco","article_publisher":"https:\/\/www.facebook.com\/profile.php?id=61578768475831","article_modified_time":"2026-03-13T18:49:56+00:00","og_image":[{"width":2560,"height":1441,"url":"https:\/\/www.yogasurfcamp.com\/wp-content\/uploads\/2025\/07\/Yoga-Surf-Camp-1-2-scaled.jpg","type":"image\/jpeg"}],"twitter_card":"summary_large_image","twitter_misc":{"Est. reading time":"1 minut\u0117"},"schema":{"@context":"https:\/\/schema.org","@graph":[{"@type":"WebPage","@id":"https:\/\/www.yogasurfcamp.com\/packages\/zen-swell-getaway-4-nights-5-days\/","url":"https:\/\/www.yogasurfcamp.com\/packages\/zen-swell-getaway-4-nights-5-days\/","name":"Zen &amp; Swell Getaway 4 naktys \/ 5 dienos - Yoga Surf Camp Morocco","isPartOf":{"@id":"https:\/\/www.yogasurfcamp.com\/#website"},"primaryImageOfPage":{"@id":"https:\/\/www.yogasurfcamp.com\/packages\/zen-swell-getaway-4-nights-5-days\/#primaryimage"},"image":{"@id":"https:\/\/www.yogasurfcamp.com\/packages\/zen-swell-getaway-4-nights-5-days\/#primaryimage"},"thumbnailUrl":"https:\/\/www.yogasurfcamp.com\/wp-content\/uploads\/2025\/07\/Yoga-Surf-Camp-1-2-scaled.jpg","datePublished":"2025-07-23T01:02:54+00:00","dateModified":"2026-03-13T18:49:56+00:00","breadcrumb":{"@id":"https:\/\/www.yogasurfcamp.com\/packages\/zen-swell-getaway-4-nights-5-days\/#breadcrumb"},"inLanguage":"lt-LT","potentialAction":[{"@type":"ReadAction","target":["https:\/\/www.yogasurfcamp.com\/packages\/zen-swell-getaway-4-nights-5-days\/"]}]},{"@type":"ImageObject","inLanguage":"lt-LT","@id":"https:\/\/www.yogasurfcamp.com\/packages\/zen-swell-getaway-4-nights-5-days\/#primaryimage","url":"https:\/\/www.yogasurfcamp.com\/wp-content\/uploads\/2025\/07\/Yoga-Surf-Camp-1-2-scaled.jpg","contentUrl":"https:\/\/www.yogasurfcamp.com\/wp-content\/uploads\/2025\/07\/Yoga-Surf-Camp-1-2-scaled.jpg","width":2560,"height":1441,"caption":"Yoga\u202fSurf\u202fCamp"},{"@type":"BreadcrumbList","@id":"https:\/\/www.yogasurfcamp.com\/packages\/zen-swell-getaway-4-nights-5-days\/#breadcrumb","itemListElement":[{"@type":"ListItem","position":1,"name":"Home","item":"https:\/\/www.yogasurfcamp.com\/"},{"@type":"ListItem","position":2,"name":"Products","item":"https:\/\/www.yogasurfcamp.com\/packages__trashed\/"},{"@type":"ListItem","position":3,"name":"Zen\u202f&#038;\u202fSwell Getaway 4\u202fNights\u202f\/\u202f5\u202fDays"}]},{"@type":"WebSite","@id":"https:\/\/www.yogasurfcamp.com\/#website","url":"https:\/\/www.yogasurfcamp.com\/","name":"Jogos banglen\u010di\u0173 stovykla Maroke","description":"","publisher":{"@id":"https:\/\/www.yogasurfcamp.com\/#organization"},"potentialAction":[{"@type":"SearchAction","target":{"@type":"EntryPoint","urlTemplate":"https:\/\/www.yogasurfcamp.com\/?s={search_term_string}"},"query-input":{"@type":"PropertyValueSpecification","valueRequired":true,"valueName":"search_term_string"}}],"inLanguage":"lt-LT"},{"@type":"Organization","@id":"https:\/\/www.yogasurfcamp.com\/#organization","name":"Jogos banglen\u010di\u0173 stovykla Maroke","url":"https:\/\/www.yogasurfcamp.com\/","logo":{"@type":"ImageObject","inLanguage":"lt-LT","@id":"https:\/\/www.yogasurfcamp.com\/#\/schema\/logo\/image\/","url":"https:\/\/www.yogasurfcamp.com\/wp-content\/uploads\/2026\/01\/Yoga-Surf-camp-1.png","contentUrl":"https:\/\/www.yogasurfcamp.com\/wp-content\/uploads\/2026\/01\/Yoga-Surf-camp-1.png","width":500,"height":500,"caption":"Yoga Surf Camp Morocco"},"image":{"@id":"https:\/\/www.yogasurfcamp.com\/#\/schema\/logo\/image\/"},"sameAs":["https:\/\/www.facebook.com\/profile.php?id=61578768475831","https:\/\/www.instagram.com\/theyogasurfcamp"]}]}},"_links":{"self":[{"href":"https:\/\/www.yogasurfcamp.com\/lt\/wp-json\/wp\/v2\/product\/7892","targetHints":{"allow":["GET"]}}],"collection":[{"href":"https:\/\/www.yogasurfcamp.com\/lt\/wp-json\/wp\/v2\/product"}],"about":[{"href":"https:\/\/www.yogasurfcamp.com\/lt\/wp-json\/wp\/v2\/types\/product"}],"wp:featuredmedia":[{"embeddable":true,"href":"https:\/\/www.yogasurfcamp.com\/lt\/wp-json\/wp\/v2\/media\/7893"}],"wp:attachment":[{"href":"https:\/\/www.yogasurfcamp.com\/lt\/wp-json\/wp\/v2\/media?parent=7892"}],"wp:term":[{"taxonomy":"product_brand","embeddable":true,"href":"https:\/\/www.yogasurfcamp.com\/lt\/wp-json\/wp\/v2\/product_brand?post=7892"},{"taxonomy":"product_cat","embeddable":true,"href":"https:\/\/www.yogasurfcamp.com\/lt\/wp-json\/wp\/v2\/product_cat?post=7892"},{"taxonomy":"product_tag","embeddable":true,"href":"https:\/\/www.yogasurfcamp.com\/lt\/wp-json\/wp\/v2\/product_tag?post=7892"}],"curies":[{"name":"wp","href":"https:\/\/api.w.org\/{rel}","templated":true}]}}