{"id":7906,"date":"2025-07-23T01:13:10","date_gmt":"2025-07-23T01:13:10","guid":{"rendered":"https:\/\/www.yogasurfcamp.com\/?post_type=product&#038;p=7906"},"modified":"2026-02-15T23:44:52","modified_gmt":"2026-02-15T23:44:52","slug":"harmonijos-bangos-savaite-6-naktys-7-dienos","status":"publish","type":"product","link":"https:\/\/www.yogasurfcamp.com\/lt\/paketai\/harmonijos-bangos-savaite-6-naktys-7-dienos\/","title":{"rendered":"Harmonijos bang\u0173 savait\u0117 6 naktys \/ 7 dienos"},"content":{"rendered":"<p style=\"text-align: center;\" data-start=\"0\" data-end=\"60\"><strong data-start=\"0\" data-end=\"58\">Jogos banglen\u010di\u0173 stovykla - \"Harmony Wave\" savait\u0117 (6 naktys \/ 7 dienos)<\/strong><\/p>\n<p style=\"text-align: center;\" data-start=\"62\" data-end=\"353\">Vis\u0105 savait\u0119 m\u0117gaukit\u0117s legendin\u0117mis Taghazout \u012flankos bangomis ir kasdien u\u017esiimdami joga atstatysite k\u016bn\u0105 ir prot\u0105. Svetain\u0117 <strong data-start=\"174\" data-end=\"195\">Harmonijos bang\u0173 savait\u0117<\/strong> adresu <strong data-start=\"199\" data-end=\"217\">Jogos banglen\u010di\u0173 stovykla<\/strong> gal\u0117site tobulinti banglen\u010di\u0173 sporto \u012fg\u016bd\u017eius, gilinti praktik\u0105 ir m\u0117gautis gyvybinga Maroko pakrant\u0117s kult\u016bra - visa tai vyksta ramiai ir neskubant.<\/p>","protected":false},"excerpt":{"rendered":"<p>\u2714 Pasitikimas ir i\u0161laipinimas Agadiro oro uoste arba autobus\u0173 stotyje<br \/>\n\u2714 6 nakvyn\u0117s Apgyvendinimas<br \/>\n\u2714 Pusry\u010diai, piet\u016bs ir vakarien\u0117 kiekvien\u0105 dien\u0105<br \/>\n\u2714 6 dien\u0173 banglen\u010di\u0173 sporto pamokos su ISA sertifikuotais instruktoriais<br \/>\n\u2714 2 jogos u\u017esi\u0117mimai, skirti atsipalaiduoti ir pasitempti<br \/>\n\u2714 Kelion\u0117s \u012f geriausias banglen\u010di\u0173 sporto vietas ir i\u0161 j\u0173<br \/>\n\u2714 Nemokama banglent\u0117s ir hidrokostiumo nuoma vis\u0105 dien\u0105<br \/>\n\u2714 Neribotas laikas nar\u0161yti savaranki\u0161kai<br \/>\n\u2714 Terasa ant stogo ir nemokamas \"Wi-Fi<\/p>","protected":false},"featured_media":7907,"template":"","meta":[],"product_brand":[],"product_cat":[15],"product_tag":[],"class_list":{"0":"post-7906","1":"product","2":"type-product","3":"status-publish","4":"has-post-thumbnail","6":"product_cat-packages","8":"first","9":"instock","10":"sale","11":"shipping-taxable","12":"product-type-external"},"yoast_head":"<!-- This site is optimized with the Yoast SEO Premium plugin v27.1 (Yoast SEO v27.2) - https:\/\/yoast.com\/product\/yoast-seo-premium-wordpress\/ -->\n<title>Harmony\u202fWave Week 6\u202fNights\u202f\/\u202f7\u202fDays - Yoga Surf Camp Morocco<\/title>\n<meta name=\"robots\" content=\"index, follow, max-snippet:-1, max-image-preview:large, max-video-preview:-1\" \/>\n<link rel=\"canonical\" href=\"https:\/\/www.yogasurfcamp.com\/lt\/paketai\/harmonijos-bangos-savaite-6-naktys-7-dienos\/\" \/>\n<meta property=\"og:locale\" content=\"lt_LT\" \/>\n<meta property=\"og:type\" content=\"article\" \/>\n<meta property=\"og:title\" content=\"Harmony\u202fWave Week 6\u202fNights\u202f\/\u202f7\u202fDays\" \/>\n<meta property=\"og:description\" content=\"\u2714\u202fPick\u2011up and drop\u2011off at Agadir airport or bus station \u2714\u202f6 Nights Accommodation \u2714\u202fBreakfast, lunch, and dinner every day \u2714 6 Days surf lessons with ISA certified instructors \u2714 2 yoga sessions to stretch and relax \u2714\u202fRides to and from the best surf spots \u2714\u202fFree surfboard and wetsuit rental all day \u2714\u202fUnlimited time to surf on your own \u2714\u202fRoof\u2011top terrace, and free Wi\u2011Fi\" \/>\n<meta property=\"og:url\" content=\"https:\/\/www.yogasurfcamp.com\/lt\/paketai\/harmonijos-bangos-savaite-6-naktys-7-dienos\/\" \/>\n<meta property=\"og:site_name\" content=\"Yoga Surf Camp Morocco\" \/>\n<meta property=\"article:publisher\" content=\"https:\/\/www.facebook.com\/profile.php?id=61578768475831\" \/>\n<meta property=\"article:modified_time\" content=\"2026-02-15T23:44:52+00:00\" \/>\n<meta property=\"og:image\" content=\"https:\/\/www.yogasurfcamp.com\/wp-content\/uploads\/2025\/07\/Yoga-Surf-Camp-1-4-scaled.jpg\" \/>\n\t<meta property=\"og:image:width\" content=\"2560\" \/>\n\t<meta property=\"og:image:height\" content=\"1708\" \/>\n\t<meta property=\"og:image:type\" content=\"image\/jpeg\" \/>\n<meta name=\"twitter:card\" content=\"summary_large_image\" \/>\n<meta name=\"twitter:label1\" content=\"Est. reading time\" \/>\n\t<meta name=\"twitter:data1\" content=\"1 minut\u0117\" \/>\n<script type=\"application\/ld+json\" class=\"yoast-schema-graph\">{\"@context\":\"https:\/\/schema.org\",\"@graph\":[{\"@type\":\"WebPage\",\"@id\":\"https:\/\/www.yogasurfcamp.com\/packages\/harmony-wave-week-6-nights-7-days\/\",\"url\":\"https:\/\/www.yogasurfcamp.com\/packages\/harmony-wave-week-6-nights-7-days\/\",\"name\":\"Harmony\u202fWave Week 6\u202fNights\u202f\/\u202f7\u202fDays - Yoga Surf Camp Morocco\",\"isPartOf\":{\"@id\":\"https:\/\/www.yogasurfcamp.com\/#website\"},\"primaryImageOfPage\":{\"@id\":\"https:\/\/www.yogasurfcamp.com\/packages\/harmony-wave-week-6-nights-7-days\/#primaryimage\"},\"image\":{\"@id\":\"https:\/\/www.yogasurfcamp.com\/packages\/harmony-wave-week-6-nights-7-days\/#primaryimage\"},\"thumbnailUrl\":\"https:\/\/www.yogasurfcamp.com\/wp-content\/uploads\/2025\/07\/Yoga-Surf-Camp-1-4-scaled.jpg\",\"datePublished\":\"2025-07-23T01:13:10+00:00\",\"dateModified\":\"2026-02-15T23:44:52+00:00\",\"breadcrumb\":{\"@id\":\"https:\/\/www.yogasurfcamp.com\/packages\/harmony-wave-week-6-nights-7-days\/#breadcrumb\"},\"inLanguage\":\"lt-LT\",\"potentialAction\":[{\"@type\":\"ReadAction\",\"target\":[\"https:\/\/www.yogasurfcamp.com\/packages\/harmony-wave-week-6-nights-7-days\/\"]}]},{\"@type\":\"ImageObject\",\"inLanguage\":\"lt-LT\",\"@id\":\"https:\/\/www.yogasurfcamp.com\/packages\/harmony-wave-week-6-nights-7-days\/#primaryimage\",\"url\":\"https:\/\/www.yogasurfcamp.com\/wp-content\/uploads\/2025\/07\/Yoga-Surf-Camp-1-4-scaled.jpg\",\"contentUrl\":\"https:\/\/www.yogasurfcamp.com\/wp-content\/uploads\/2025\/07\/Yoga-Surf-Camp-1-4-scaled.jpg\",\"width\":2560,\"height\":1708,\"caption\":\"Yoga\u202fSurf\u202fCamp\"},{\"@type\":\"BreadcrumbList\",\"@id\":\"https:\/\/www.yogasurfcamp.com\/packages\/harmony-wave-week-6-nights-7-days\/#breadcrumb\",\"itemListElement\":[{\"@type\":\"ListItem\",\"position\":1,\"name\":\"Home\",\"item\":\"https:\/\/www.yogasurfcamp.com\/\"},{\"@type\":\"ListItem\",\"position\":2,\"name\":\"Products\",\"item\":\"https:\/\/www.yogasurfcamp.com\/packages__trashed\/\"},{\"@type\":\"ListItem\",\"position\":3,\"name\":\"Harmony\u202fWave Week 6\u202fNights\u202f\/\u202f7\u202fDays\"}]},{\"@type\":\"WebSite\",\"@id\":\"https:\/\/www.yogasurfcamp.com\/#website\",\"url\":\"https:\/\/www.yogasurfcamp.com\/\",\"name\":\"Yoga Surf Camp Morocco\",\"description\":\"\",\"publisher\":{\"@id\":\"https:\/\/www.yogasurfcamp.com\/#organization\"},\"potentialAction\":[{\"@type\":\"SearchAction\",\"target\":{\"@type\":\"EntryPoint\",\"urlTemplate\":\"https:\/\/www.yogasurfcamp.com\/?s={search_term_string}\"},\"query-input\":{\"@type\":\"PropertyValueSpecification\",\"valueRequired\":true,\"valueName\":\"search_term_string\"}}],\"inLanguage\":\"lt-LT\"},{\"@type\":\"Organization\",\"@id\":\"https:\/\/www.yogasurfcamp.com\/#organization\",\"name\":\"Yoga Surf Camp Morocco\",\"url\":\"https:\/\/www.yogasurfcamp.com\/\",\"logo\":{\"@type\":\"ImageObject\",\"inLanguage\":\"lt-LT\",\"@id\":\"https:\/\/www.yogasurfcamp.com\/#\/schema\/logo\/image\/\",\"url\":\"https:\/\/www.yogasurfcamp.com\/wp-content\/uploads\/2026\/01\/Yoga-Surf-camp-1.png\",\"contentUrl\":\"https:\/\/www.yogasurfcamp.com\/wp-content\/uploads\/2026\/01\/Yoga-Surf-camp-1.png\",\"width\":500,\"height\":500,\"caption\":\"Yoga Surf Camp Morocco\"},\"image\":{\"@id\":\"https:\/\/www.yogasurfcamp.com\/#\/schema\/logo\/image\/\"},\"sameAs\":[\"https:\/\/www.facebook.com\/profile.php?id=61578768475831\",\"https:\/\/www.instagram.com\/theyogasurfcamp\"]}]}<\/script>\n<!-- \/ Yoast SEO Premium plugin. -->","yoast_head_json":{"title":"\"Harmony Wave\" savait\u0117 6 naktys \/ 7 dienos - Jogos banglen\u010di\u0173 stovykla Maroke","robots":{"index":"index","follow":"follow","max-snippet":"max-snippet:-1","max-image-preview":"max-image-preview:large","max-video-preview":"max-video-preview:-1"},"canonical":"https:\/\/www.yogasurfcamp.com\/lt\/paketai\/harmonijos-bangos-savaite-6-naktys-7-dienos\/","og_locale":"lt_LT","og_type":"article","og_title":"Harmony\u202fWave Week 6\u202fNights\u202f\/\u202f7\u202fDays","og_description":"\u2714\u202fPick\u2011up and drop\u2011off at Agadir airport or bus station \u2714\u202f6 Nights Accommodation \u2714\u202fBreakfast, lunch, and dinner every day \u2714 6 Days surf lessons with ISA certified instructors \u2714 2 yoga sessions to stretch and relax \u2714\u202fRides to and from the best surf spots \u2714\u202fFree surfboard and wetsuit rental all day \u2714\u202fUnlimited time to surf on your own \u2714\u202fRoof\u2011top terrace, and free Wi\u2011Fi","og_url":"https:\/\/www.yogasurfcamp.com\/lt\/paketai\/harmonijos-bangos-savaite-6-naktys-7-dienos\/","og_site_name":"Yoga Surf Camp Morocco","article_publisher":"https:\/\/www.facebook.com\/profile.php?id=61578768475831","article_modified_time":"2026-02-15T23:44:52+00:00","og_image":[{"width":2560,"height":1708,"url":"https:\/\/www.yogasurfcamp.com\/wp-content\/uploads\/2025\/07\/Yoga-Surf-Camp-1-4-scaled.jpg","type":"image\/jpeg"}],"twitter_card":"summary_large_image","twitter_misc":{"Est. reading time":"1 minut\u0117"},"schema":{"@context":"https:\/\/schema.org","@graph":[{"@type":"WebPage","@id":"https:\/\/www.yogasurfcamp.com\/packages\/harmony-wave-week-6-nights-7-days\/","url":"https:\/\/www.yogasurfcamp.com\/packages\/harmony-wave-week-6-nights-7-days\/","name":"\"Harmony Wave\" savait\u0117 6 naktys \/ 7 dienos - Jogos banglen\u010di\u0173 stovykla Maroke","isPartOf":{"@id":"https:\/\/www.yogasurfcamp.com\/#website"},"primaryImageOfPage":{"@id":"https:\/\/www.yogasurfcamp.com\/packages\/harmony-wave-week-6-nights-7-days\/#primaryimage"},"image":{"@id":"https:\/\/www.yogasurfcamp.com\/packages\/harmony-wave-week-6-nights-7-days\/#primaryimage"},"thumbnailUrl":"https:\/\/www.yogasurfcamp.com\/wp-content\/uploads\/2025\/07\/Yoga-Surf-Camp-1-4-scaled.jpg","datePublished":"2025-07-23T01:13:10+00:00","dateModified":"2026-02-15T23:44:52+00:00","breadcrumb":{"@id":"https:\/\/www.yogasurfcamp.com\/packages\/harmony-wave-week-6-nights-7-days\/#breadcrumb"},"inLanguage":"lt-LT","potentialAction":[{"@type":"ReadAction","target":["https:\/\/www.yogasurfcamp.com\/packages\/harmony-wave-week-6-nights-7-days\/"]}]},{"@type":"ImageObject","inLanguage":"lt-LT","@id":"https:\/\/www.yogasurfcamp.com\/packages\/harmony-wave-week-6-nights-7-days\/#primaryimage","url":"https:\/\/www.yogasurfcamp.com\/wp-content\/uploads\/2025\/07\/Yoga-Surf-Camp-1-4-scaled.jpg","contentUrl":"https:\/\/www.yogasurfcamp.com\/wp-content\/uploads\/2025\/07\/Yoga-Surf-Camp-1-4-scaled.jpg","width":2560,"height":1708,"caption":"Yoga\u202fSurf\u202fCamp"},{"@type":"BreadcrumbList","@id":"https:\/\/www.yogasurfcamp.com\/packages\/harmony-wave-week-6-nights-7-days\/#breadcrumb","itemListElement":[{"@type":"ListItem","position":1,"name":"Home","item":"https:\/\/www.yogasurfcamp.com\/"},{"@type":"ListItem","position":2,"name":"Products","item":"https:\/\/www.yogasurfcamp.com\/packages__trashed\/"},{"@type":"ListItem","position":3,"name":"Harmony\u202fWave Week 6\u202fNights\u202f\/\u202f7\u202fDays"}]},{"@type":"WebSite","@id":"https:\/\/www.yogasurfcamp.com\/#website","url":"https:\/\/www.yogasurfcamp.com\/","name":"Jogos banglen\u010di\u0173 stovykla Maroke","description":"","publisher":{"@id":"https:\/\/www.yogasurfcamp.com\/#organization"},"potentialAction":[{"@type":"SearchAction","target":{"@type":"EntryPoint","urlTemplate":"https:\/\/www.yogasurfcamp.com\/?s={search_term_string}"},"query-input":{"@type":"PropertyValueSpecification","valueRequired":true,"valueName":"search_term_string"}}],"inLanguage":"lt-LT"},{"@type":"Organization","@id":"https:\/\/www.yogasurfcamp.com\/#organization","name":"Jogos banglen\u010di\u0173 stovykla Maroke","url":"https:\/\/www.yogasurfcamp.com\/","logo":{"@type":"ImageObject","inLanguage":"lt-LT","@id":"https:\/\/www.yogasurfcamp.com\/#\/schema\/logo\/image\/","url":"https:\/\/www.yogasurfcamp.com\/wp-content\/uploads\/2026\/01\/Yoga-Surf-camp-1.png","contentUrl":"https:\/\/www.yogasurfcamp.com\/wp-content\/uploads\/2026\/01\/Yoga-Surf-camp-1.png","width":500,"height":500,"caption":"Yoga Surf Camp Morocco"},"image":{"@id":"https:\/\/www.yogasurfcamp.com\/#\/schema\/logo\/image\/"},"sameAs":["https:\/\/www.facebook.com\/profile.php?id=61578768475831","https:\/\/www.instagram.com\/theyogasurfcamp"]}]}},"_links":{"self":[{"href":"https:\/\/www.yogasurfcamp.com\/lt\/wp-json\/wp\/v2\/product\/7906","targetHints":{"allow":["GET"]}}],"collection":[{"href":"https:\/\/www.yogasurfcamp.com\/lt\/wp-json\/wp\/v2\/product"}],"about":[{"href":"https:\/\/www.yogasurfcamp.com\/lt\/wp-json\/wp\/v2\/types\/product"}],"wp:featuredmedia":[{"embeddable":true,"href":"https:\/\/www.yogasurfcamp.com\/lt\/wp-json\/wp\/v2\/media\/7907"}],"wp:attachment":[{"href":"https:\/\/www.yogasurfcamp.com\/lt\/wp-json\/wp\/v2\/media?parent=7906"}],"wp:term":[{"taxonomy":"product_brand","embeddable":true,"href":"https:\/\/www.yogasurfcamp.com\/lt\/wp-json\/wp\/v2\/product_brand?post=7906"},{"taxonomy":"product_cat","embeddable":true,"href":"https:\/\/www.yogasurfcamp.com\/lt\/wp-json\/wp\/v2\/product_cat?post=7906"},{"taxonomy":"product_tag","embeddable":true,"href":"https:\/\/www.yogasurfcamp.com\/lt\/wp-json\/wp\/v2\/product_tag?post=7906"}],"curies":[{"name":"wp","href":"https:\/\/api.w.org\/{rel}","templated":true}]}}