{"id":7911,"date":"2025-07-23T01:20:00","date_gmt":"2025-07-23T01:20:00","guid":{"rendered":"https:\/\/www.yogasurfcamp.com\/?post_type=product&#038;p=7911"},"modified":"2026-02-15T23:37:17","modified_gmt":"2026-02-15T23:37:17","slug":"vienos-savaites-jogos-ir-banglenciu-poilsis","status":"publish","type":"product","link":"https:\/\/www.yogasurfcamp.com\/lt\/paketai\/vienos-savaites-jogos-ir-banglenciu-poilsis\/","title":{"rendered":"Vienos savait\u0117s jogos ir banglen\u010di\u0173 sporto i\u0161vyka 7 naktys \/ 8 dienos"},"content":{"rendered":"<p style=\"text-align: center;\" data-start=\"0\" data-end=\"65\"><strong data-start=\"0\" data-end=\"63\">Jogos ir banglen\u010di\u0173 sporto stovykla - savait\u0117s trukm\u0117s jogos ir banglen\u010di\u0173 sporto i\u0161vyka (7 naktys \/ 8 dienos)<\/strong><\/p>\n<p style=\"text-align: center;\" data-start=\"67\" data-end=\"433\">Pasidovanokite sau i\u0161skirtin\u0119 Taghazout \u012flankos patirt\u012f: a\u0161tuonias saul\u0117s nutviekstas dienas, skirtas banglen\u010di\u0173 sportui, jogai ir autenti\u0161kam marokieti\u0161kam svetingumui. Svetain\u0117 <strong data-start=\"208\" data-end=\"234\">\"Ultimate Ocean-Om\" savait\u0117<\/strong> adresu <strong data-start=\"238\" data-end=\"256\">Jogos banglen\u010di\u0173 stovykla<\/strong> suteiks jums vis\u0105 laik\u0105, kurio reikia naujoms pertraukoms \u012fvaldyti, praktikai pagilinti ir pakrantei tyrin\u0117ti, kuris puikiai tinka skaitmeninei detoksikacijai, met\u0173 pertraukos nuotykiams ar u\u017etarnautoms atostogoms.<\/p>","protected":false},"excerpt":{"rendered":"<p>\u2714 Pasitikimas ir i\u0161laipinimas Agadiro oro uoste arba autobus\u0173 stotyje<br \/>\n\u2714 7 nakvyn\u0117s Apgyvendinimas<br \/>\n\u2714 Pusry\u010diai, piet\u016bs ir vakarien\u0117 kiekvien\u0105 dien\u0105<br \/>\n\u2714 6 dien\u0173 banglen\u010di\u0173 sporto pamokos su ISA sertifikuotais instruktoriais<br \/>\n\u2714 3 jogos u\u017esi\u0117mimai, skirti atsipalaiduoti ir atsipalaiduoti<br \/>\n\u2714 Kelion\u0117s \u012f geriausias banglen\u010di\u0173 sporto vietas ir i\u0161 j\u0173<br \/>\n\u2714 Nemokama banglent\u0117s ir hidrokostiumo nuoma vis\u0105 dien\u0105<br \/>\n\u2714 Neribotas laikas nar\u0161yti savaranki\u0161kai<br \/>\n\u2714 Dienos i\u0161vyka \u012f Rojaus sl\u0117n\u012f ir Argano aliejaus kaim\u0105<br \/>\n\u2714 Apsilankykite gyvybingame vietiniame turguje (Souk)<br \/>\n\u2714 Terasa ant stogo ir nemokamas \"Wi-Fi<\/p>","protected":false},"featured_media":8297,"template":"","meta":[],"product_brand":[],"product_cat":[15],"product_tag":[],"class_list":{"0":"post-7911","1":"product","2":"type-product","3":"status-publish","4":"has-post-thumbnail","6":"product_cat-packages","8":"first","9":"instock","10":"sale","11":"shipping-taxable","12":"product-type-external"},"yoast_head":"<!-- This site is optimized with the Yoast SEO Premium plugin v27.1 (Yoast SEO v27.2) - https:\/\/yoast.com\/product\/yoast-seo-premium-wordpress\/ -->\n<title>One-Week Yoga &amp; Surf Getaway 7\u202fNights\u202f\/\u202f8\u202fDays - Yoga Surf Camp Morocco<\/title>\n<meta name=\"robots\" content=\"index, follow, max-snippet:-1, max-image-preview:large, max-video-preview:-1\" \/>\n<link rel=\"canonical\" href=\"https:\/\/www.yogasurfcamp.com\/lt\/paketai\/vienos-savaites-jogos-ir-banglenciu-poilsis\/\" \/>\n<meta property=\"og:locale\" content=\"lt_LT\" \/>\n<meta property=\"og:type\" content=\"article\" \/>\n<meta property=\"og:title\" content=\"One-Week Yoga &amp; Surf Getaway 7\u202fNights\u202f\/\u202f8\u202fDays\" \/>\n<meta property=\"og:description\" content=\"\u2714\u202fPick\u2011up and drop\u2011off at Agadir airport or bus station \u2714\u202f7 Nights Accommodation \u2714\u202fBreakfast, lunch, and dinner every day \u2714 6 Days surf lessons with ISA certified instructors \u2714 3 yoga sessions to stretch and relax \u2714\u202fRides to and from the best surf spots \u2714\u202fFree surfboard and wetsuit rental all day \u2714\u202fUnlimited time to surf on your own \u2714\u202fDay trip to Paradise Valley and an Argan\u2011oil village \u2714\u202fVisit the lively local market (Souk) \u2714\u202fRoof\u2011top terrace, and free Wi\u2011Fi\" \/>\n<meta property=\"og:url\" content=\"https:\/\/www.yogasurfcamp.com\/lt\/paketai\/vienos-savaites-jogos-ir-banglenciu-poilsis\/\" \/>\n<meta property=\"og:site_name\" content=\"Yoga Surf Camp Morocco\" \/>\n<meta property=\"article:publisher\" content=\"https:\/\/www.facebook.com\/profile.php?id=61578768475831\" \/>\n<meta property=\"article:modified_time\" content=\"2026-02-15T23:37:17+00:00\" \/>\n<meta property=\"og:image\" content=\"https:\/\/www.yogasurfcamp.com\/wp-content\/uploads\/2025\/07\/Yoga-Surf-Camp-1-6-scaled.jpg\" \/>\n\t<meta property=\"og:image:width\" content=\"2560\" \/>\n\t<meta property=\"og:image:height\" content=\"1441\" \/>\n\t<meta property=\"og:image:type\" content=\"image\/jpeg\" \/>\n<meta name=\"twitter:card\" content=\"summary_large_image\" \/>\n<meta name=\"twitter:label1\" content=\"Est. reading time\" \/>\n\t<meta name=\"twitter:data1\" content=\"1 minut\u0117\" \/>\n<script type=\"application\/ld+json\" class=\"yoast-schema-graph\">{\"@context\":\"https:\/\/schema.org\",\"@graph\":[{\"@type\":\"WebPage\",\"@id\":\"https:\/\/www.yogasurfcamp.com\/packages\/one-week-yoga-surf-getaway\/\",\"url\":\"https:\/\/www.yogasurfcamp.com\/packages\/one-week-yoga-surf-getaway\/\",\"name\":\"One-Week Yoga & Surf Getaway 7\u202fNights\u202f\/\u202f8\u202fDays - Yoga Surf Camp Morocco\",\"isPartOf\":{\"@id\":\"https:\/\/www.yogasurfcamp.com\/#website\"},\"primaryImageOfPage\":{\"@id\":\"https:\/\/www.yogasurfcamp.com\/packages\/one-week-yoga-surf-getaway\/#primaryimage\"},\"image\":{\"@id\":\"https:\/\/www.yogasurfcamp.com\/packages\/one-week-yoga-surf-getaway\/#primaryimage\"},\"thumbnailUrl\":\"https:\/\/www.yogasurfcamp.com\/wp-content\/uploads\/2025\/07\/Yoga-Surf-Camp-1-6-scaled.jpg\",\"datePublished\":\"2025-07-23T01:20:00+00:00\",\"dateModified\":\"2026-02-15T23:37:17+00:00\",\"breadcrumb\":{\"@id\":\"https:\/\/www.yogasurfcamp.com\/packages\/one-week-yoga-surf-getaway\/#breadcrumb\"},\"inLanguage\":\"lt-LT\",\"potentialAction\":[{\"@type\":\"ReadAction\",\"target\":[\"https:\/\/www.yogasurfcamp.com\/packages\/one-week-yoga-surf-getaway\/\"]}]},{\"@type\":\"ImageObject\",\"inLanguage\":\"lt-LT\",\"@id\":\"https:\/\/www.yogasurfcamp.com\/packages\/one-week-yoga-surf-getaway\/#primaryimage\",\"url\":\"https:\/\/www.yogasurfcamp.com\/wp-content\/uploads\/2025\/07\/Yoga-Surf-Camp-1-6-scaled.jpg\",\"contentUrl\":\"https:\/\/www.yogasurfcamp.com\/wp-content\/uploads\/2025\/07\/Yoga-Surf-Camp-1-6-scaled.jpg\",\"width\":2560,\"height\":1441,\"caption\":\"Yoga\u202fSurf\u202fCamp\"},{\"@type\":\"BreadcrumbList\",\"@id\":\"https:\/\/www.yogasurfcamp.com\/packages\/one-week-yoga-surf-getaway\/#breadcrumb\",\"itemListElement\":[{\"@type\":\"ListItem\",\"position\":1,\"name\":\"Home\",\"item\":\"https:\/\/www.yogasurfcamp.com\/\"},{\"@type\":\"ListItem\",\"position\":2,\"name\":\"Products\",\"item\":\"https:\/\/www.yogasurfcamp.com\/packages__trashed\/\"},{\"@type\":\"ListItem\",\"position\":3,\"name\":\"One-Week Yoga &#038; Surf Getaway 7\u202fNights\u202f\/\u202f8\u202fDays\"}]},{\"@type\":\"WebSite\",\"@id\":\"https:\/\/www.yogasurfcamp.com\/#website\",\"url\":\"https:\/\/www.yogasurfcamp.com\/\",\"name\":\"Yoga Surf Camp Morocco\",\"description\":\"\",\"publisher\":{\"@id\":\"https:\/\/www.yogasurfcamp.com\/#organization\"},\"potentialAction\":[{\"@type\":\"SearchAction\",\"target\":{\"@type\":\"EntryPoint\",\"urlTemplate\":\"https:\/\/www.yogasurfcamp.com\/?s={search_term_string}\"},\"query-input\":{\"@type\":\"PropertyValueSpecification\",\"valueRequired\":true,\"valueName\":\"search_term_string\"}}],\"inLanguage\":\"lt-LT\"},{\"@type\":\"Organization\",\"@id\":\"https:\/\/www.yogasurfcamp.com\/#organization\",\"name\":\"Yoga Surf Camp Morocco\",\"url\":\"https:\/\/www.yogasurfcamp.com\/\",\"logo\":{\"@type\":\"ImageObject\",\"inLanguage\":\"lt-LT\",\"@id\":\"https:\/\/www.yogasurfcamp.com\/#\/schema\/logo\/image\/\",\"url\":\"https:\/\/www.yogasurfcamp.com\/wp-content\/uploads\/2026\/01\/Yoga-Surf-camp-1.png\",\"contentUrl\":\"https:\/\/www.yogasurfcamp.com\/wp-content\/uploads\/2026\/01\/Yoga-Surf-camp-1.png\",\"width\":500,\"height\":500,\"caption\":\"Yoga Surf Camp Morocco\"},\"image\":{\"@id\":\"https:\/\/www.yogasurfcamp.com\/#\/schema\/logo\/image\/\"},\"sameAs\":[\"https:\/\/www.facebook.com\/profile.php?id=61578768475831\",\"https:\/\/www.instagram.com\/theyogasurfcamp\"]}]}<\/script>\n<!-- \/ Yoast SEO Premium plugin. -->","yoast_head_json":{"title":"Vienos savait\u0117s jogos ir banglen\u010di\u0173 sporto i\u0161vyka 7 naktys \/ 8 dienos - Yoga Surf Camp Morocco","robots":{"index":"index","follow":"follow","max-snippet":"max-snippet:-1","max-image-preview":"max-image-preview:large","max-video-preview":"max-video-preview:-1"},"canonical":"https:\/\/www.yogasurfcamp.com\/lt\/paketai\/vienos-savaites-jogos-ir-banglenciu-poilsis\/","og_locale":"lt_LT","og_type":"article","og_title":"One-Week Yoga & Surf Getaway 7\u202fNights\u202f\/\u202f8\u202fDays","og_description":"\u2714\u202fPick\u2011up and drop\u2011off at Agadir airport or bus station \u2714\u202f7 Nights Accommodation \u2714\u202fBreakfast, lunch, and dinner every day \u2714 6 Days surf lessons with ISA certified instructors \u2714 3 yoga sessions to stretch and relax \u2714\u202fRides to and from the best surf spots \u2714\u202fFree surfboard and wetsuit rental all day \u2714\u202fUnlimited time to surf on your own \u2714\u202fDay trip to Paradise Valley and an Argan\u2011oil village \u2714\u202fVisit the lively local market (Souk) \u2714\u202fRoof\u2011top terrace, and free Wi\u2011Fi","og_url":"https:\/\/www.yogasurfcamp.com\/lt\/paketai\/vienos-savaites-jogos-ir-banglenciu-poilsis\/","og_site_name":"Yoga Surf Camp Morocco","article_publisher":"https:\/\/www.facebook.com\/profile.php?id=61578768475831","article_modified_time":"2026-02-15T23:37:17+00:00","og_image":[{"width":2560,"height":1441,"url":"https:\/\/www.yogasurfcamp.com\/wp-content\/uploads\/2025\/07\/Yoga-Surf-Camp-1-6-scaled.jpg","type":"image\/jpeg"}],"twitter_card":"summary_large_image","twitter_misc":{"Est. reading time":"1 minut\u0117"},"schema":{"@context":"https:\/\/schema.org","@graph":[{"@type":"WebPage","@id":"https:\/\/www.yogasurfcamp.com\/packages\/one-week-yoga-surf-getaway\/","url":"https:\/\/www.yogasurfcamp.com\/packages\/one-week-yoga-surf-getaway\/","name":"Vienos savait\u0117s jogos ir banglen\u010di\u0173 sporto i\u0161vyka 7 naktys \/ 8 dienos - Yoga Surf Camp Morocco","isPartOf":{"@id":"https:\/\/www.yogasurfcamp.com\/#website"},"primaryImageOfPage":{"@id":"https:\/\/www.yogasurfcamp.com\/packages\/one-week-yoga-surf-getaway\/#primaryimage"},"image":{"@id":"https:\/\/www.yogasurfcamp.com\/packages\/one-week-yoga-surf-getaway\/#primaryimage"},"thumbnailUrl":"https:\/\/www.yogasurfcamp.com\/wp-content\/uploads\/2025\/07\/Yoga-Surf-Camp-1-6-scaled.jpg","datePublished":"2025-07-23T01:20:00+00:00","dateModified":"2026-02-15T23:37:17+00:00","breadcrumb":{"@id":"https:\/\/www.yogasurfcamp.com\/packages\/one-week-yoga-surf-getaway\/#breadcrumb"},"inLanguage":"lt-LT","potentialAction":[{"@type":"ReadAction","target":["https:\/\/www.yogasurfcamp.com\/packages\/one-week-yoga-surf-getaway\/"]}]},{"@type":"ImageObject","inLanguage":"lt-LT","@id":"https:\/\/www.yogasurfcamp.com\/packages\/one-week-yoga-surf-getaway\/#primaryimage","url":"https:\/\/www.yogasurfcamp.com\/wp-content\/uploads\/2025\/07\/Yoga-Surf-Camp-1-6-scaled.jpg","contentUrl":"https:\/\/www.yogasurfcamp.com\/wp-content\/uploads\/2025\/07\/Yoga-Surf-Camp-1-6-scaled.jpg","width":2560,"height":1441,"caption":"Yoga\u202fSurf\u202fCamp"},{"@type":"BreadcrumbList","@id":"https:\/\/www.yogasurfcamp.com\/packages\/one-week-yoga-surf-getaway\/#breadcrumb","itemListElement":[{"@type":"ListItem","position":1,"name":"Home","item":"https:\/\/www.yogasurfcamp.com\/"},{"@type":"ListItem","position":2,"name":"Products","item":"https:\/\/www.yogasurfcamp.com\/packages__trashed\/"},{"@type":"ListItem","position":3,"name":"One-Week Yoga &#038; Surf Getaway 7\u202fNights\u202f\/\u202f8\u202fDays"}]},{"@type":"WebSite","@id":"https:\/\/www.yogasurfcamp.com\/#website","url":"https:\/\/www.yogasurfcamp.com\/","name":"Jogos banglen\u010di\u0173 stovykla Maroke","description":"","publisher":{"@id":"https:\/\/www.yogasurfcamp.com\/#organization"},"potentialAction":[{"@type":"SearchAction","target":{"@type":"EntryPoint","urlTemplate":"https:\/\/www.yogasurfcamp.com\/?s={search_term_string}"},"query-input":{"@type":"PropertyValueSpecification","valueRequired":true,"valueName":"search_term_string"}}],"inLanguage":"lt-LT"},{"@type":"Organization","@id":"https:\/\/www.yogasurfcamp.com\/#organization","name":"Jogos banglen\u010di\u0173 stovykla Maroke","url":"https:\/\/www.yogasurfcamp.com\/","logo":{"@type":"ImageObject","inLanguage":"lt-LT","@id":"https:\/\/www.yogasurfcamp.com\/#\/schema\/logo\/image\/","url":"https:\/\/www.yogasurfcamp.com\/wp-content\/uploads\/2026\/01\/Yoga-Surf-camp-1.png","contentUrl":"https:\/\/www.yogasurfcamp.com\/wp-content\/uploads\/2026\/01\/Yoga-Surf-camp-1.png","width":500,"height":500,"caption":"Yoga Surf Camp Morocco"},"image":{"@id":"https:\/\/www.yogasurfcamp.com\/#\/schema\/logo\/image\/"},"sameAs":["https:\/\/www.facebook.com\/profile.php?id=61578768475831","https:\/\/www.instagram.com\/theyogasurfcamp"]}]}},"_links":{"self":[{"href":"https:\/\/www.yogasurfcamp.com\/lt\/wp-json\/wp\/v2\/product\/7911","targetHints":{"allow":["GET"]}}],"collection":[{"href":"https:\/\/www.yogasurfcamp.com\/lt\/wp-json\/wp\/v2\/product"}],"about":[{"href":"https:\/\/www.yogasurfcamp.com\/lt\/wp-json\/wp\/v2\/types\/product"}],"wp:featuredmedia":[{"embeddable":true,"href":"https:\/\/www.yogasurfcamp.com\/lt\/wp-json\/wp\/v2\/media\/8297"}],"wp:attachment":[{"href":"https:\/\/www.yogasurfcamp.com\/lt\/wp-json\/wp\/v2\/media?parent=7911"}],"wp:term":[{"taxonomy":"product_brand","embeddable":true,"href":"https:\/\/www.yogasurfcamp.com\/lt\/wp-json\/wp\/v2\/product_brand?post=7911"},{"taxonomy":"product_cat","embeddable":true,"href":"https:\/\/www.yogasurfcamp.com\/lt\/wp-json\/wp\/v2\/product_cat?post=7911"},{"taxonomy":"product_tag","embeddable":true,"href":"https:\/\/www.yogasurfcamp.com\/lt\/wp-json\/wp\/v2\/product_tag?post=7911"}],"curies":[{"name":"wp","href":"https:\/\/api.w.org\/{rel}","templated":true}]}}