{"id":7840,"date":"2025-07-22T12:15:41","date_gmt":"2025-07-22T12:15:41","guid":{"rendered":"https:\/\/www.yogasurfcamp.com\/?page_id=7840"},"modified":"2025-07-26T19:45:19","modified_gmt":"2025-07-26T19:45:19","slug":"privatuma-politika","status":"publish","type":"page","link":"https:\/\/www.yogasurfcamp.com\/lv\/privatuma-politika\/","title":{"rendered":"Konfidencialit\u0101tes politika"},"content":{"rendered":"<div data-elementor-type=\"wp-page\" data-elementor-id=\"7840\" class=\"elementor elementor-7840\" data-elementor-post-type=\"page\">\n\t\t\t\t<div class=\"elementor-element elementor-element-fc93f45 e-flex e-con-boxed e-con e-parent\" data-id=\"fc93f45\" data-element_type=\"container\" data-e-type=\"container\">\n\t\t\t\t\t<div class=\"e-con-inner\">\n\t\t\t\t<div class=\"elementor-element elementor-element-b5916bd elementor-widget elementor-widget-text-editor\" data-id=\"b5916bd\" data-element_type=\"widget\" data-e-type=\"widget\" data-widget_type=\"text-editor.default\">\n\t\t\t\t<div class=\"elementor-widget-container\">\n\t\t\t\t\t\t\t\t\t<p><strong>YogaSurfCamp.com<\/strong> (\"<strong>m\u0113s<\/strong>\", \"<strong>mums<\/strong>\", <strong>vai<\/strong> \"<strong>m\u016bsu<\/strong>\") darbojas YogaSurfCamp.com . \u0160aj\u0101 lap\u0101 ir izskaidrots, k\u0101 m\u0113s v\u0101cam, izmantojam un izpau\u017eam j\u016bsu personisko inform\u0101ciju, kad j\u016bs izmantojat m\u016bsu Pakalpojumu.<\/p><p>M\u0113s nekad nedal\u012bsimies ar j\u016bsu inform\u0101ciju, iz\u0146emot gad\u012bjumus, kas aprakst\u012bti \u0161aj\u0101 politik\u0101. Izmantojot Pakalpojumu, j\u016bs piekr\u012btat inform\u0101cijas v\u0101k\u0161anai un izmanto\u0161anai saska\u0146\u0101 ar \u0161o dokumentu. \u0160eit nedefin\u0113tiem terminiem ar lielajiem burtiem ir t\u0101da noz\u012bme, k\u0101da tiem pie\u0161\u0137irta m\u016bsu Noteikumos un nosac\u012bjumos.<\/p><h2><br \/>1. Inform\u0101cijas v\u0101k\u0161ana un izmanto\u0161ana<\/h2><p>Izmantojot m\u016bsu Pakalpojumu, m\u0113s varam l\u016bgt jums sniegt noteiktu personiski identific\u0113jamu inform\u0101ciju (\"Personisk\u0101 inform\u0101cija\"), ko var izmantot, lai ar jums sazin\u0101tos vai j\u016bs identific\u0113tu. Tas var ietvert, bet ne tikai:<\/p><p>Nosaukums<br \/>E-pasta adrese<br \/>T\u0101lru\u0146a numurs<br \/>Pasta adrese<br \/>Maks\u0101juma dati (tos dro\u0161i apstr\u0101d\u0101 m\u016bsu maks\u0101jumu apstr\u0101d\u0101t\u0101js; m\u0113s neuzglab\u0101jam visus kartes numurus).<\/p><h2>2. Re\u0123istr\u0101cijas dati<\/h2><p>Katru reizi, kad apmekl\u0113jat Pakalpojumu, m\u016bsu serveri autom\u0101tiski re\u0123istr\u0113 j\u016bsu p\u0101rl\u016bkprogrammas nos\u016bt\u012bto inform\u0101ciju (\"\u017eurn\u0101la dati\"). \u0160ie \u017eurn\u0101la dati var ietvert j\u016bsu IP adresi, p\u0101rl\u016bkprogrammas veidu un versiju, apmekl\u0113t\u0101s lapas, apmekl\u0113juma datumu un laiku, \u0161aj\u0101s lap\u0101s pavad\u012bto laiku un citu statistiku.<\/p><h2><br \/>3. S\u012bkfaili<\/h2><p>S\u012bkfaili ir nelieli teksta faili, kas tiek ievietoti j\u016bsu ier\u012bc\u0113, lai apkopotu standarta interneta \u017eurn\u0101la inform\u0101ciju un apmekl\u0113t\u0101ju uzved\u012bbas datus. M\u0113s izmantojam s\u012bkfailus, lai:<\/p><p>atcer\u0113ties j\u016bsu preferences (piem\u0113ram, valodu, val\u016btu, s\u012bkfailu piekri\u0161anu).<br \/>analiz\u0113t vietnes datpl\u016bsmu un izmanto\u0161anu, lai uzlabotu veiktsp\u0113ju<br \/>R\u0101d\u012bt atbilsto\u0161us m\u0101rketinga zi\u0146ojumus, izmantojot uzticamus partnerus<\/p><p>Varat iestat\u012bt p\u0101rl\u016bkprogrammu t\u0101, lai t\u0101 atteiktos no s\u012bkfailiem vai br\u012bdin\u0101tu par s\u012bkfailu s\u016bt\u012b\u0161anu. Ja t\u0101 r\u012bkojaties, da\u017eas Pakalpojuma da\u013cas var nedarboties pareizi.<\/p><h2><br \/>4. Pakalpojumu sniedz\u0113ji<\/h2><p>M\u0113s varam izmantot tre\u0161o pu\u0161u uz\u0146\u0113mumus, lai atvieglotu m\u016bsu Pakalpojumu, veiktu ar Pakalpojumu saist\u012btus uzdevumus vai pal\u012bdz\u0113tu mums analiz\u0113t, k\u0101 tiek izmantots m\u016bsu Pakalpojums. \u0160\u012bm tre\u0161aj\u0101m person\u0101m ir piek\u013cuve j\u016bsu Personas inform\u0101cijai tikai t\u0101d\u0113\u013c, lai veiktu \u0161os uzdevumus m\u016bsu uzdevum\u0101, un t\u0101m ir pien\u0101kums saglab\u0101t j\u016bsu datu konfidencialit\u0101ti.<\/p><h2><br \/>5. Dro\u0161\u012bba<\/h2><p>M\u0113s augstu v\u0113rt\u0113jam j\u016bsu uztic\u012bbu, sniedzot mums savu personisko inform\u0101ciju, un cen\u0161amies izmantot komerci\u0101li pie\u0146emamus l\u012bdzek\u013cus t\u0101s aizsardz\u012bbai. Tom\u0113r atcerieties, ka neviena p\u0101rraides metode internet\u0101 vai elektronisk\u0101s glab\u0101\u0161anas metode nav 100 % dro\u0161a, un m\u0113s nevaram garant\u0113t piln\u012bgu dro\u0161\u012bbu.<br \/>6. Saites uz cit\u0101m vietn\u0113m<\/p><p>M\u016bsu Pakalpojums var satur\u0113t saites uz \u0101r\u0113j\u0101m vietn\u0113m, kuras m\u0113s neapsaimniekojam. M\u0113s iesak\u0101m iepaz\u012bties ar katras apmekl\u0113t\u0101s vietnes konfidencialit\u0101tes politiku. M\u0113s nekontrol\u0113jam un neuz\u0146emamies nek\u0101du atbild\u012bbu par tre\u0161o pu\u0161u viet\u0146u saturu vai priv\u0101tuma aizsardz\u012bbas praksi.<\/p><h2><br \/>7. B\u0113rnu priv\u0101tums<\/h2><p>M\u016bsu Pakalpojums nav paredz\u0113ts person\u0101m, kas jaun\u0101kas par 18 gadiem (\"B\u0113rni\"). M\u0113s apzin\u0101ti nev\u0101cam personisko inform\u0101ciju no b\u0113rniem. Ja uzskat\u0101t, ka j\u016bsu b\u0113rns ir sniedzis mums personisko inform\u0101ciju, l\u016bdzu, nekav\u0113joties sazinieties ar mums, un m\u0113s \u0161os datus dz\u0113s\u012bsim.<\/p><h2><br \/>8. Atbilst\u012bba likumiem<\/h2><p>M\u0113s atkl\u0101sim j\u016bsu Personas inform\u0101ciju, ja to pieprasa likums vai tiesas pav\u0113ste.<\/p><h2><br \/>9. Izmai\u0146as \u0161aj\u0101 konfidencialit\u0101tes politik\u0101<\/h2><p>M\u0113s laiku pa laikam varam atjaunin\u0101t \u0161o konfidencialit\u0101tes politiku. M\u0113s public\u0113sim p\u0101rskat\u012bto versiju \u0161aj\u0101 lap\u0101 un atjaunin\u0101sim virs t\u0101s nor\u0101d\u012bto datumu \"P\u0113d\u0113jo reizi atjaunin\u0101ts\". Pakalpojuma lieto\u0161anas turpin\u0101\u0161ana p\u0113c izmai\u0146u public\u0113\u0161anas nor\u0101da, ka piekr\u012btat atjaunin\u0101tajiem noteikumiem.<\/p><h2><br \/>10. Sazinieties ar mums<\/h2><p>Ja jums ir k\u0101di jaut\u0101jumi par \u0161o konfidencialit\u0101tes politiku vai j\u016bsu datiem, l\u016bdzu, sazinieties ar mums:<\/p><p>E-pasts: contact@yogasurfcamp.com<br \/>T\u0101lrunis: +212 6 00 00 00 00<\/p>\t\t\t\t\t\t\t\t<\/div>\n\t\t\t\t<\/div>\n\t\t\t\t\t<\/div>\n\t\t\t\t<\/div>\n\t\t\t\t<\/div>","protected":false},"excerpt":{"rendered":"<p>YogaSurfCamp.com (\u201cwe\u201d, \u201cus\u201d, or \u201cour\u201d) operates the YogaSurfCamp.com . This page explains how we collect, use, and disclose your personal information when you use our Service. We will never share your information except as described in this Policy. By using the Service, you agree to the collection and use of information in accordance with this [&hellip;]<\/p>\n","protected":false},"author":1,"featured_media":0,"parent":0,"menu_order":0,"comment_status":"closed","ping_status":"closed","template":"template-canvas.php","meta":{"footnotes":""},"class_list":["post-7840","page","type-page","status-publish","hentry"],"yoast_head":"<!-- This site is optimized with the Yoast SEO Premium plugin v27.1 (Yoast SEO v27.2) - https:\/\/yoast.com\/product\/yoast-seo-premium-wordpress\/ -->\n<title>Privacy Policy - Yoga Surf Camp Morocco<\/title>\n<meta name=\"robots\" content=\"index, follow, max-snippet:-1, max-image-preview:large, max-video-preview:-1\" \/>\n<link rel=\"canonical\" href=\"https:\/\/www.yogasurfcamp.com\/lv\/privatuma-politika\/\" \/>\n<meta property=\"og:locale\" content=\"lv_LV\" \/>\n<meta property=\"og:type\" content=\"article\" \/>\n<meta property=\"og:title\" content=\"Privacy Policy\" \/>\n<meta property=\"og:description\" content=\"YogaSurfCamp.com (\u201cwe\u201d, \u201cus\u201d, or \u201cour\u201d) operates the YogaSurfCamp.com . This page explains how we collect, use, and disclose your personal information when you use our Service. We will never share your information except as described in this Policy. By using the Service, you agree to the collection and use of information in accordance with this [&hellip;]\" \/>\n<meta property=\"og:url\" content=\"https:\/\/www.yogasurfcamp.com\/lv\/privatuma-politika\/\" \/>\n<meta property=\"og:site_name\" content=\"Yoga Surf Camp Morocco\" \/>\n<meta property=\"article:publisher\" content=\"https:\/\/www.facebook.com\/profile.php?id=61578768475831\" \/>\n<meta property=\"article:modified_time\" content=\"2025-07-26T19:45:19+00:00\" \/>\n<meta property=\"og:image\" content=\"https:\/\/www.yogasurfcamp.com\/wp-content\/uploads\/2025\/07\/Logo-2.png\" \/>\n\t<meta property=\"og:image:width\" content=\"1841\" \/>\n\t<meta property=\"og:image:height\" content=\"1797\" \/>\n\t<meta property=\"og:image:type\" content=\"image\/png\" \/>\n<meta name=\"twitter:card\" content=\"summary_large_image\" \/>\n<meta name=\"twitter:label1\" content=\"Est. reading time\" \/>\n\t<meta name=\"twitter:data1\" content=\"3 min\u016btes\" \/>\n<script type=\"application\/ld+json\" class=\"yoast-schema-graph\">{\"@context\":\"https:\/\/schema.org\",\"@graph\":[{\"@type\":\"WebPage\",\"@id\":\"https:\/\/www.yogasurfcamp.com\/privacy-policy\/\",\"url\":\"https:\/\/www.yogasurfcamp.com\/privacy-policy\/\",\"name\":\"Privacy Policy - Yoga Surf Camp Morocco\",\"isPartOf\":{\"@id\":\"https:\/\/www.yogasurfcamp.com\/#website\"},\"datePublished\":\"2025-07-22T12:15:41+00:00\",\"dateModified\":\"2025-07-26T19:45:19+00:00\",\"breadcrumb\":{\"@id\":\"https:\/\/www.yogasurfcamp.com\/privacy-policy\/#breadcrumb\"},\"inLanguage\":\"lv-LV\",\"potentialAction\":[{\"@type\":\"ReadAction\",\"target\":[\"https:\/\/www.yogasurfcamp.com\/privacy-policy\/\"]}]},{\"@type\":\"BreadcrumbList\",\"@id\":\"https:\/\/www.yogasurfcamp.com\/privacy-policy\/#breadcrumb\",\"itemListElement\":[{\"@type\":\"ListItem\",\"position\":1,\"name\":\"Home\",\"item\":\"https:\/\/www.yogasurfcamp.com\/\"},{\"@type\":\"ListItem\",\"position\":2,\"name\":\"Privacy Policy\"}]},{\"@type\":\"WebSite\",\"@id\":\"https:\/\/www.yogasurfcamp.com\/#website\",\"url\":\"https:\/\/www.yogasurfcamp.com\/\",\"name\":\"Yoga Surf Camp Morocco\",\"description\":\"\",\"publisher\":{\"@id\":\"https:\/\/www.yogasurfcamp.com\/#organization\"},\"potentialAction\":[{\"@type\":\"SearchAction\",\"target\":{\"@type\":\"EntryPoint\",\"urlTemplate\":\"https:\/\/www.yogasurfcamp.com\/?s={search_term_string}\"},\"query-input\":{\"@type\":\"PropertyValueSpecification\",\"valueRequired\":true,\"valueName\":\"search_term_string\"}}],\"inLanguage\":\"lv-LV\"},{\"@type\":\"Organization\",\"@id\":\"https:\/\/www.yogasurfcamp.com\/#organization\",\"name\":\"Yoga Surf Camp Morocco\",\"url\":\"https:\/\/www.yogasurfcamp.com\/\",\"logo\":{\"@type\":\"ImageObject\",\"inLanguage\":\"lv-LV\",\"@id\":\"https:\/\/www.yogasurfcamp.com\/#\/schema\/logo\/image\/\",\"url\":\"https:\/\/www.yogasurfcamp.com\/wp-content\/uploads\/2026\/01\/Yoga-Surf-camp-1.png\",\"contentUrl\":\"https:\/\/www.yogasurfcamp.com\/wp-content\/uploads\/2026\/01\/Yoga-Surf-camp-1.png\",\"width\":500,\"height\":500,\"caption\":\"Yoga Surf Camp Morocco\"},\"image\":{\"@id\":\"https:\/\/www.yogasurfcamp.com\/#\/schema\/logo\/image\/\"},\"sameAs\":[\"https:\/\/www.facebook.com\/profile.php?id=61578768475831\",\"https:\/\/www.instagram.com\/theyogasurfcamp\"]}]}<\/script>\n<!-- \/ Yoast SEO Premium plugin. -->","yoast_head_json":{"title":"Priv\u0101tuma politika - Yoga Surf Camp Morocco","robots":{"index":"index","follow":"follow","max-snippet":"max-snippet:-1","max-image-preview":"max-image-preview:large","max-video-preview":"max-video-preview:-1"},"canonical":"https:\/\/www.yogasurfcamp.com\/lv\/privatuma-politika\/","og_locale":"lv_LV","og_type":"article","og_title":"Privacy Policy","og_description":"YogaSurfCamp.com (\u201cwe\u201d, \u201cus\u201d, or \u201cour\u201d) operates the YogaSurfCamp.com . This page explains how we collect, use, and disclose your personal information when you use our Service. We will never share your information except as described in this Policy. By using the Service, you agree to the collection and use of information in accordance with this [&hellip;]","og_url":"https:\/\/www.yogasurfcamp.com\/lv\/privatuma-politika\/","og_site_name":"Yoga Surf Camp Morocco","article_publisher":"https:\/\/www.facebook.com\/profile.php?id=61578768475831","article_modified_time":"2025-07-26T19:45:19+00:00","og_image":[{"width":1841,"height":1797,"url":"https:\/\/www.yogasurfcamp.com\/wp-content\/uploads\/2025\/07\/Logo-2.png","type":"image\/png"}],"twitter_card":"summary_large_image","twitter_misc":{"Est. reading time":"3 min\u016btes"},"schema":{"@context":"https:\/\/schema.org","@graph":[{"@type":"WebPage","@id":"https:\/\/www.yogasurfcamp.com\/privacy-policy\/","url":"https:\/\/www.yogasurfcamp.com\/privacy-policy\/","name":"Priv\u0101tuma politika - Yoga Surf Camp Morocco","isPartOf":{"@id":"https:\/\/www.yogasurfcamp.com\/#website"},"datePublished":"2025-07-22T12:15:41+00:00","dateModified":"2025-07-26T19:45:19+00:00","breadcrumb":{"@id":"https:\/\/www.yogasurfcamp.com\/privacy-policy\/#breadcrumb"},"inLanguage":"lv-LV","potentialAction":[{"@type":"ReadAction","target":["https:\/\/www.yogasurfcamp.com\/privacy-policy\/"]}]},{"@type":"BreadcrumbList","@id":"https:\/\/www.yogasurfcamp.com\/privacy-policy\/#breadcrumb","itemListElement":[{"@type":"ListItem","position":1,"name":"Home","item":"https:\/\/www.yogasurfcamp.com\/"},{"@type":"ListItem","position":2,"name":"Privacy Policy"}]},{"@type":"WebSite","@id":"https:\/\/www.yogasurfcamp.com\/#website","url":"https:\/\/www.yogasurfcamp.com\/","name":"Jogas s\u0113rfo\u0161anas nometne Maroka","description":"","publisher":{"@id":"https:\/\/www.yogasurfcamp.com\/#organization"},"potentialAction":[{"@type":"SearchAction","target":{"@type":"EntryPoint","urlTemplate":"https:\/\/www.yogasurfcamp.com\/?s={search_term_string}"},"query-input":{"@type":"PropertyValueSpecification","valueRequired":true,"valueName":"search_term_string"}}],"inLanguage":"lv-LV"},{"@type":"Organization","@id":"https:\/\/www.yogasurfcamp.com\/#organization","name":"Jogas s\u0113rfo\u0161anas nometne Maroka","url":"https:\/\/www.yogasurfcamp.com\/","logo":{"@type":"ImageObject","inLanguage":"lv-LV","@id":"https:\/\/www.yogasurfcamp.com\/#\/schema\/logo\/image\/","url":"https:\/\/www.yogasurfcamp.com\/wp-content\/uploads\/2026\/01\/Yoga-Surf-camp-1.png","contentUrl":"https:\/\/www.yogasurfcamp.com\/wp-content\/uploads\/2026\/01\/Yoga-Surf-camp-1.png","width":500,"height":500,"caption":"Yoga Surf Camp Morocco"},"image":{"@id":"https:\/\/www.yogasurfcamp.com\/#\/schema\/logo\/image\/"},"sameAs":["https:\/\/www.facebook.com\/profile.php?id=61578768475831","https:\/\/www.instagram.com\/theyogasurfcamp"]}]}},"_links":{"self":[{"href":"https:\/\/www.yogasurfcamp.com\/lv\/wp-json\/wp\/v2\/pages\/7840","targetHints":{"allow":["GET"]}}],"collection":[{"href":"https:\/\/www.yogasurfcamp.com\/lv\/wp-json\/wp\/v2\/pages"}],"about":[{"href":"https:\/\/www.yogasurfcamp.com\/lv\/wp-json\/wp\/v2\/types\/page"}],"author":[{"embeddable":true,"href":"https:\/\/www.yogasurfcamp.com\/lv\/wp-json\/wp\/v2\/users\/1"}],"replies":[{"embeddable":true,"href":"https:\/\/www.yogasurfcamp.com\/lv\/wp-json\/wp\/v2\/comments?post=7840"}],"version-history":[{"count":0,"href":"https:\/\/www.yogasurfcamp.com\/lv\/wp-json\/wp\/v2\/pages\/7840\/revisions"}],"wp:attachment":[{"href":"https:\/\/www.yogasurfcamp.com\/lv\/wp-json\/wp\/v2\/media?parent=7840"}],"curies":[{"name":"wp","href":"https:\/\/api.w.org\/{rel}","templated":true}]}}