{"id":7901,"date":"2025-07-23T01:10:58","date_gmt":"2025-07-23T01:10:58","guid":{"rendered":"https:\/\/www.yogasurfcamp.com\/?post_type=product&#038;p=7901"},"modified":"2026-02-15T23:38:04","modified_gmt":"2026-02-15T23:38:04","slug":"sabalansets-svetlaimes-retrits-5-naktis-6-dienas","status":"publish","type":"product","link":"https:\/\/www.yogasurfcamp.com\/lv\/paketes\/sabalansets-svetlaimes-retrits-5-naktis-6-dienas\/","title":{"rendered":"L\u012bdzsvarota Bliss Retreat 5 naktis \/ 6 dienas"},"content":{"rendered":"<p style=\"text-align: center;\" data-start=\"0\" data-end=\"65\"><strong data-start=\"0\" data-end=\"63\">Jogas s\u0113rfot\u0101ju nometne - Balanced Bliss Retreat (5 naktis \/ 6 dienas)<\/strong><\/p>\n<p style=\"text-align: center;\" data-start=\"67\" data-end=\"324\">Atp\u016btieties se\u0161\u0101s saules pieliet\u0101s dien\u0101s, lai apzin\u012bgi un ar vi\u013c\u0146iem brauktu pa Taghazout l\u012bci. Uz <strong data-start=\"152\" data-end=\"178\">L\u012bdzsvarota Bliss Retreat<\/strong> vietn\u0113 <strong data-start=\"182\" data-end=\"200\">Jogas s\u0113rfo\u0161anas nometne<\/strong> sniedz jums papildu laiku, kas nepiecie\u0161ams, lai pilnveidotu tehniku, padzi\u013cin\u0101tu praksi un patiesi atp\u016bstos.<\/p>","protected":false},"excerpt":{"rendered":"<p>\u2714 Pacel\u0161ana un nog\u0101d\u0101\u0161ana Agadiras lidost\u0101 vai autoost\u0101<br \/>\n\u2714 5 naktis Izmitin\u0101\u0161ana<br \/>\n\u2714 Brokastis, pusdienas un vakari\u0146as katru dienu<br \/>\n\u27145 dienu s\u0113rfo\u0161anas nodarb\u012bbas ar ISA sertific\u0113tiem instruktoriem<br \/>\n\u27142 jogas sesijas, lai izstieptos un atp\u016bstos<br \/>\n\u2714 Braucieni uz un no lab\u0101kaj\u0101m s\u0113rfo\u0161anas viet\u0101m<br \/>\n\u2714 Bezmaksas s\u0113rfo\u0161anas d\u0113\u013ca un hidrot\u0113rpa noma visu dienu<br \/>\n\u2714 Neierobe\u017eots laiks, lai s\u0113rfotu p\u0113c saviem ieskatiem<br \/>\n\u2714 Terase uz jumta un bezmaksas Wi-Fi<\/p>","protected":false},"featured_media":7902,"template":"","meta":[],"product_brand":[],"product_cat":[15],"product_tag":[],"class_list":{"0":"post-7901","1":"product","2":"type-product","3":"status-publish","4":"has-post-thumbnail","6":"product_cat-packages","8":"first","9":"instock","10":"sale","11":"shipping-taxable","12":"product-type-external"},"yoast_head":"<!-- This site is optimized with the Yoast SEO Premium plugin v27.1 (Yoast SEO v27.2) - https:\/\/yoast.com\/product\/yoast-seo-premium-wordpress\/ -->\n<title>Balanced\u202fBliss Retreat 5\u202fNights\u202f\/\u202f6\u202fDays - Yoga Surf Camp Morocco<\/title>\n<meta name=\"robots\" content=\"index, follow, max-snippet:-1, max-image-preview:large, max-video-preview:-1\" \/>\n<link rel=\"canonical\" href=\"https:\/\/www.yogasurfcamp.com\/lv\/paketes\/sabalansets-svetlaimes-retrits-5-naktis-6-dienas\/\" \/>\n<meta property=\"og:locale\" content=\"lv_LV\" \/>\n<meta property=\"og:type\" content=\"article\" \/>\n<meta property=\"og:title\" content=\"Balanced\u202fBliss Retreat 5\u202fNights\u202f\/\u202f6\u202fDays\" \/>\n<meta property=\"og:description\" content=\"\u2714\u202fPick\u2011up and drop\u2011off at Agadir airport or bus station \u2714\u202f5 Nights Accommodation \u2714\u202fBreakfast, lunch, and dinner every day \u27145 Days surf lessons with ISA certified instructors \u27142 yoga sessions to stretch and relax \u2714\u202fRides to and from the best surf spots \u2714\u202fFree surfboard and wetsuit rental all day \u2714\u202fUnlimited time to surf on your own \u2714\u202fRoof\u2011top terrace, and free Wi\u2011Fi\" \/>\n<meta property=\"og:url\" content=\"https:\/\/www.yogasurfcamp.com\/lv\/paketes\/sabalansets-svetlaimes-retrits-5-naktis-6-dienas\/\" \/>\n<meta property=\"og:site_name\" content=\"Yoga Surf Camp Morocco\" \/>\n<meta property=\"article:publisher\" content=\"https:\/\/www.facebook.com\/profile.php?id=61578768475831\" \/>\n<meta property=\"article:modified_time\" content=\"2026-02-15T23:38:04+00:00\" \/>\n<meta property=\"og:image\" content=\"https:\/\/www.yogasurfcamp.com\/wp-content\/uploads\/2025\/07\/Yoga-Surf-Camp-1-3-scaled.jpg\" \/>\n\t<meta property=\"og:image:width\" content=\"2560\" \/>\n\t<meta property=\"og:image:height\" content=\"1922\" \/>\n\t<meta property=\"og:image:type\" content=\"image\/jpeg\" \/>\n<meta name=\"twitter:card\" content=\"summary_large_image\" \/>\n<meta name=\"twitter:label1\" content=\"Est. reading time\" \/>\n\t<meta name=\"twitter:data1\" content=\"1 min\u016bte\" \/>\n<script type=\"application\/ld+json\" class=\"yoast-schema-graph\">{\"@context\":\"https:\/\/schema.org\",\"@graph\":[{\"@type\":\"WebPage\",\"@id\":\"https:\/\/www.yogasurfcamp.com\/packages\/balanced-bliss-retreat-5-nights-6-days\/\",\"url\":\"https:\/\/www.yogasurfcamp.com\/packages\/balanced-bliss-retreat-5-nights-6-days\/\",\"name\":\"Balanced\u202fBliss Retreat 5\u202fNights\u202f\/\u202f6\u202fDays - Yoga Surf Camp Morocco\",\"isPartOf\":{\"@id\":\"https:\/\/www.yogasurfcamp.com\/#website\"},\"primaryImageOfPage\":{\"@id\":\"https:\/\/www.yogasurfcamp.com\/packages\/balanced-bliss-retreat-5-nights-6-days\/#primaryimage\"},\"image\":{\"@id\":\"https:\/\/www.yogasurfcamp.com\/packages\/balanced-bliss-retreat-5-nights-6-days\/#primaryimage\"},\"thumbnailUrl\":\"https:\/\/www.yogasurfcamp.com\/wp-content\/uploads\/2025\/07\/Yoga-Surf-Camp-1-3-scaled.jpg\",\"datePublished\":\"2025-07-23T01:10:58+00:00\",\"dateModified\":\"2026-02-15T23:38:04+00:00\",\"breadcrumb\":{\"@id\":\"https:\/\/www.yogasurfcamp.com\/packages\/balanced-bliss-retreat-5-nights-6-days\/#breadcrumb\"},\"inLanguage\":\"lv-LV\",\"potentialAction\":[{\"@type\":\"ReadAction\",\"target\":[\"https:\/\/www.yogasurfcamp.com\/packages\/balanced-bliss-retreat-5-nights-6-days\/\"]}]},{\"@type\":\"ImageObject\",\"inLanguage\":\"lv-LV\",\"@id\":\"https:\/\/www.yogasurfcamp.com\/packages\/balanced-bliss-retreat-5-nights-6-days\/#primaryimage\",\"url\":\"https:\/\/www.yogasurfcamp.com\/wp-content\/uploads\/2025\/07\/Yoga-Surf-Camp-1-3-scaled.jpg\",\"contentUrl\":\"https:\/\/www.yogasurfcamp.com\/wp-content\/uploads\/2025\/07\/Yoga-Surf-Camp-1-3-scaled.jpg\",\"width\":2560,\"height\":1922,\"caption\":\"Yoga\u202fSurf\u202fCamp\"},{\"@type\":\"BreadcrumbList\",\"@id\":\"https:\/\/www.yogasurfcamp.com\/packages\/balanced-bliss-retreat-5-nights-6-days\/#breadcrumb\",\"itemListElement\":[{\"@type\":\"ListItem\",\"position\":1,\"name\":\"Home\",\"item\":\"https:\/\/www.yogasurfcamp.com\/\"},{\"@type\":\"ListItem\",\"position\":2,\"name\":\"Products\",\"item\":\"https:\/\/www.yogasurfcamp.com\/packages__trashed\/\"},{\"@type\":\"ListItem\",\"position\":3,\"name\":\"Balanced\u202fBliss Retreat 5\u202fNights\u202f\/\u202f6\u202fDays\"}]},{\"@type\":\"WebSite\",\"@id\":\"https:\/\/www.yogasurfcamp.com\/#website\",\"url\":\"https:\/\/www.yogasurfcamp.com\/\",\"name\":\"Yoga Surf Camp Morocco\",\"description\":\"\",\"publisher\":{\"@id\":\"https:\/\/www.yogasurfcamp.com\/#organization\"},\"potentialAction\":[{\"@type\":\"SearchAction\",\"target\":{\"@type\":\"EntryPoint\",\"urlTemplate\":\"https:\/\/www.yogasurfcamp.com\/?s={search_term_string}\"},\"query-input\":{\"@type\":\"PropertyValueSpecification\",\"valueRequired\":true,\"valueName\":\"search_term_string\"}}],\"inLanguage\":\"lv-LV\"},{\"@type\":\"Organization\",\"@id\":\"https:\/\/www.yogasurfcamp.com\/#organization\",\"name\":\"Yoga Surf Camp Morocco\",\"url\":\"https:\/\/www.yogasurfcamp.com\/\",\"logo\":{\"@type\":\"ImageObject\",\"inLanguage\":\"lv-LV\",\"@id\":\"https:\/\/www.yogasurfcamp.com\/#\/schema\/logo\/image\/\",\"url\":\"https:\/\/www.yogasurfcamp.com\/wp-content\/uploads\/2026\/01\/Yoga-Surf-camp-1.png\",\"contentUrl\":\"https:\/\/www.yogasurfcamp.com\/wp-content\/uploads\/2026\/01\/Yoga-Surf-camp-1.png\",\"width\":500,\"height\":500,\"caption\":\"Yoga Surf Camp Morocco\"},\"image\":{\"@id\":\"https:\/\/www.yogasurfcamp.com\/#\/schema\/logo\/image\/\"},\"sameAs\":[\"https:\/\/www.facebook.com\/profile.php?id=61578768475831\",\"https:\/\/www.instagram.com\/theyogasurfcamp\"]}]}<\/script>\n<!-- \/ Yoast SEO Premium plugin. -->","yoast_head_json":{"title":"Balanced Bliss Retreat 5 naktis \/ 6 dienas - Yoga Surf Camp Morocco","robots":{"index":"index","follow":"follow","max-snippet":"max-snippet:-1","max-image-preview":"max-image-preview:large","max-video-preview":"max-video-preview:-1"},"canonical":"https:\/\/www.yogasurfcamp.com\/lv\/paketes\/sabalansets-svetlaimes-retrits-5-naktis-6-dienas\/","og_locale":"lv_LV","og_type":"article","og_title":"Balanced\u202fBliss Retreat 5\u202fNights\u202f\/\u202f6\u202fDays","og_description":"\u2714\u202fPick\u2011up and drop\u2011off at Agadir airport or bus station \u2714\u202f5 Nights Accommodation \u2714\u202fBreakfast, lunch, and dinner every day \u27145 Days surf lessons with ISA certified instructors \u27142 yoga sessions to stretch and relax \u2714\u202fRides to and from the best surf spots \u2714\u202fFree surfboard and wetsuit rental all day \u2714\u202fUnlimited time to surf on your own \u2714\u202fRoof\u2011top terrace, and free Wi\u2011Fi","og_url":"https:\/\/www.yogasurfcamp.com\/lv\/paketes\/sabalansets-svetlaimes-retrits-5-naktis-6-dienas\/","og_site_name":"Yoga Surf Camp Morocco","article_publisher":"https:\/\/www.facebook.com\/profile.php?id=61578768475831","article_modified_time":"2026-02-15T23:38:04+00:00","og_image":[{"width":2560,"height":1922,"url":"https:\/\/www.yogasurfcamp.com\/wp-content\/uploads\/2025\/07\/Yoga-Surf-Camp-1-3-scaled.jpg","type":"image\/jpeg"}],"twitter_card":"summary_large_image","twitter_misc":{"Est. reading time":"1 min\u016bte"},"schema":{"@context":"https:\/\/schema.org","@graph":[{"@type":"WebPage","@id":"https:\/\/www.yogasurfcamp.com\/packages\/balanced-bliss-retreat-5-nights-6-days\/","url":"https:\/\/www.yogasurfcamp.com\/packages\/balanced-bliss-retreat-5-nights-6-days\/","name":"Balanced Bliss Retreat 5 naktis \/ 6 dienas - Yoga Surf Camp Morocco","isPartOf":{"@id":"https:\/\/www.yogasurfcamp.com\/#website"},"primaryImageOfPage":{"@id":"https:\/\/www.yogasurfcamp.com\/packages\/balanced-bliss-retreat-5-nights-6-days\/#primaryimage"},"image":{"@id":"https:\/\/www.yogasurfcamp.com\/packages\/balanced-bliss-retreat-5-nights-6-days\/#primaryimage"},"thumbnailUrl":"https:\/\/www.yogasurfcamp.com\/wp-content\/uploads\/2025\/07\/Yoga-Surf-Camp-1-3-scaled.jpg","datePublished":"2025-07-23T01:10:58+00:00","dateModified":"2026-02-15T23:38:04+00:00","breadcrumb":{"@id":"https:\/\/www.yogasurfcamp.com\/packages\/balanced-bliss-retreat-5-nights-6-days\/#breadcrumb"},"inLanguage":"lv-LV","potentialAction":[{"@type":"ReadAction","target":["https:\/\/www.yogasurfcamp.com\/packages\/balanced-bliss-retreat-5-nights-6-days\/"]}]},{"@type":"ImageObject","inLanguage":"lv-LV","@id":"https:\/\/www.yogasurfcamp.com\/packages\/balanced-bliss-retreat-5-nights-6-days\/#primaryimage","url":"https:\/\/www.yogasurfcamp.com\/wp-content\/uploads\/2025\/07\/Yoga-Surf-Camp-1-3-scaled.jpg","contentUrl":"https:\/\/www.yogasurfcamp.com\/wp-content\/uploads\/2025\/07\/Yoga-Surf-Camp-1-3-scaled.jpg","width":2560,"height":1922,"caption":"Yoga\u202fSurf\u202fCamp"},{"@type":"BreadcrumbList","@id":"https:\/\/www.yogasurfcamp.com\/packages\/balanced-bliss-retreat-5-nights-6-days\/#breadcrumb","itemListElement":[{"@type":"ListItem","position":1,"name":"Home","item":"https:\/\/www.yogasurfcamp.com\/"},{"@type":"ListItem","position":2,"name":"Products","item":"https:\/\/www.yogasurfcamp.com\/packages__trashed\/"},{"@type":"ListItem","position":3,"name":"Balanced\u202fBliss Retreat 5\u202fNights\u202f\/\u202f6\u202fDays"}]},{"@type":"WebSite","@id":"https:\/\/www.yogasurfcamp.com\/#website","url":"https:\/\/www.yogasurfcamp.com\/","name":"Jogas s\u0113rfo\u0161anas nometne Maroka","description":"","publisher":{"@id":"https:\/\/www.yogasurfcamp.com\/#organization"},"potentialAction":[{"@type":"SearchAction","target":{"@type":"EntryPoint","urlTemplate":"https:\/\/www.yogasurfcamp.com\/?s={search_term_string}"},"query-input":{"@type":"PropertyValueSpecification","valueRequired":true,"valueName":"search_term_string"}}],"inLanguage":"lv-LV"},{"@type":"Organization","@id":"https:\/\/www.yogasurfcamp.com\/#organization","name":"Jogas s\u0113rfo\u0161anas nometne Maroka","url":"https:\/\/www.yogasurfcamp.com\/","logo":{"@type":"ImageObject","inLanguage":"lv-LV","@id":"https:\/\/www.yogasurfcamp.com\/#\/schema\/logo\/image\/","url":"https:\/\/www.yogasurfcamp.com\/wp-content\/uploads\/2026\/01\/Yoga-Surf-camp-1.png","contentUrl":"https:\/\/www.yogasurfcamp.com\/wp-content\/uploads\/2026\/01\/Yoga-Surf-camp-1.png","width":500,"height":500,"caption":"Yoga Surf Camp Morocco"},"image":{"@id":"https:\/\/www.yogasurfcamp.com\/#\/schema\/logo\/image\/"},"sameAs":["https:\/\/www.facebook.com\/profile.php?id=61578768475831","https:\/\/www.instagram.com\/theyogasurfcamp"]}]}},"_links":{"self":[{"href":"https:\/\/www.yogasurfcamp.com\/lv\/wp-json\/wp\/v2\/product\/7901","targetHints":{"allow":["GET"]}}],"collection":[{"href":"https:\/\/www.yogasurfcamp.com\/lv\/wp-json\/wp\/v2\/product"}],"about":[{"href":"https:\/\/www.yogasurfcamp.com\/lv\/wp-json\/wp\/v2\/types\/product"}],"wp:featuredmedia":[{"embeddable":true,"href":"https:\/\/www.yogasurfcamp.com\/lv\/wp-json\/wp\/v2\/media\/7902"}],"wp:attachment":[{"href":"https:\/\/www.yogasurfcamp.com\/lv\/wp-json\/wp\/v2\/media?parent=7901"}],"wp:term":[{"taxonomy":"product_brand","embeddable":true,"href":"https:\/\/www.yogasurfcamp.com\/lv\/wp-json\/wp\/v2\/product_brand?post=7901"},{"taxonomy":"product_cat","embeddable":true,"href":"https:\/\/www.yogasurfcamp.com\/lv\/wp-json\/wp\/v2\/product_cat?post=7901"},{"taxonomy":"product_tag","embeddable":true,"href":"https:\/\/www.yogasurfcamp.com\/lv\/wp-json\/wp\/v2\/product_tag?post=7901"}],"curies":[{"name":"wp","href":"https:\/\/api.w.org\/{rel}","templated":true}]}}