{"id":7906,"date":"2025-07-23T01:13:10","date_gmt":"2025-07-23T01:13:10","guid":{"rendered":"https:\/\/www.yogasurfcamp.com\/?post_type=product&#038;p=7906"},"modified":"2026-02-15T23:44:52","modified_gmt":"2026-02-15T23:44:52","slug":"harmony-wave-uke-6-netter-7-dager","status":"publish","type":"product","link":"https:\/\/www.yogasurfcamp.com\/nb\/pakker\/harmony-wave-uke-6-netter-7-dager\/","title":{"rendered":"Harmony Wave Week 6 netter \/ 7 dager"},"content":{"rendered":"<p style=\"text-align: center;\" data-start=\"0\" data-end=\"60\"><strong data-start=\"0\" data-end=\"58\">Yoga Surf Camp - Harmony Wave Week (6 netter \/ 7 dager)<\/strong><\/p>\n<p style=\"text-align: center;\" data-start=\"62\" data-end=\"353\">Tilbring en hel uke i Taghazoutbuktens legendariske d\u00f8nninger mens du restituerer kropp og sinn med daglig yoga. Den <strong data-start=\"174\" data-end=\"195\">Harmony Wave-uken<\/strong> p\u00e5 <strong data-start=\"199\" data-end=\"217\">Yoga Surf Camp<\/strong> Her kan du finpusse surfeferferdighetene dine, fordype deg og nyte Marokkos livlige kystkultur i et avslappet og rolig tempo.<\/p>","protected":false},"excerpt":{"rendered":"<p>\u2714 Henting og bringing p\u00e5 flyplassen eller busstasjonen i Agadir<br \/>\n\u2714 6 netters overnatting<br \/>\nFrokost, lunsj og middag hver dag<br \/>\n\u2714 6 dagers surfetimer med ISA-sertifiserte instrukt\u00f8rer<br \/>\n\u2714 2 yogatimer for \u00e5 t\u00f8ye ut og slappe av<br \/>\n\u2714 Skyss til og fra de beste surfestedene<br \/>\n\u2714 Gratis leie av surfebrett og v\u00e5tdrakt hele dagen<br \/>\n\u2714 Ubegrenset tid til \u00e5 surfe p\u00e5 egen h\u00e5nd<br \/>\n\u2714 Takterrasse og gratis Wi-Fi<\/p>","protected":false},"featured_media":7907,"template":"","meta":[],"product_brand":[],"product_cat":[15],"product_tag":[],"class_list":{"0":"post-7906","1":"product","2":"type-product","3":"status-publish","4":"has-post-thumbnail","6":"product_cat-packages","8":"first","9":"instock","10":"sale","11":"shipping-taxable","12":"product-type-external"},"yoast_head":"<!-- This site is optimized with the Yoast SEO Premium plugin v27.1 (Yoast SEO v27.2) - https:\/\/yoast.com\/product\/yoast-seo-premium-wordpress\/ -->\n<title>Harmony\u202fWave Week 6\u202fNights\u202f\/\u202f7\u202fDays - Yoga Surf Camp Morocco<\/title>\n<meta name=\"robots\" content=\"index, follow, max-snippet:-1, max-image-preview:large, max-video-preview:-1\" \/>\n<link rel=\"canonical\" href=\"https:\/\/www.yogasurfcamp.com\/nb\/pakker\/harmony-wave-uke-6-netter-7-dager\/\" \/>\n<meta property=\"og:locale\" content=\"nb_NO\" \/>\n<meta property=\"og:type\" content=\"article\" \/>\n<meta property=\"og:title\" content=\"Harmony\u202fWave Week 6\u202fNights\u202f\/\u202f7\u202fDays\" \/>\n<meta property=\"og:description\" content=\"\u2714\u202fPick\u2011up and drop\u2011off at Agadir airport or bus station \u2714\u202f6 Nights Accommodation \u2714\u202fBreakfast, lunch, and dinner every day \u2714 6 Days surf lessons with ISA certified instructors \u2714 2 yoga sessions to stretch and relax \u2714\u202fRides to and from the best surf spots \u2714\u202fFree surfboard and wetsuit rental all day \u2714\u202fUnlimited time to surf on your own \u2714\u202fRoof\u2011top terrace, and free Wi\u2011Fi\" \/>\n<meta property=\"og:url\" content=\"https:\/\/www.yogasurfcamp.com\/nb\/pakker\/harmony-wave-uke-6-netter-7-dager\/\" \/>\n<meta property=\"og:site_name\" content=\"Yoga Surf Camp Morocco\" \/>\n<meta property=\"article:publisher\" content=\"https:\/\/www.facebook.com\/profile.php?id=61578768475831\" \/>\n<meta property=\"article:modified_time\" content=\"2026-02-15T23:44:52+00:00\" \/>\n<meta property=\"og:image\" content=\"https:\/\/www.yogasurfcamp.com\/wp-content\/uploads\/2025\/07\/Yoga-Surf-Camp-1-4-scaled.jpg\" \/>\n\t<meta property=\"og:image:width\" content=\"2560\" \/>\n\t<meta property=\"og:image:height\" content=\"1708\" \/>\n\t<meta property=\"og:image:type\" content=\"image\/jpeg\" \/>\n<meta name=\"twitter:card\" content=\"summary_large_image\" \/>\n<meta name=\"twitter:label1\" content=\"Ansl. lesetid\" \/>\n\t<meta name=\"twitter:data1\" content=\"1 minutt\" \/>\n<script type=\"application\/ld+json\" class=\"yoast-schema-graph\">{\"@context\":\"https:\/\/schema.org\",\"@graph\":[{\"@type\":\"WebPage\",\"@id\":\"https:\/\/www.yogasurfcamp.com\/packages\/harmony-wave-week-6-nights-7-days\/\",\"url\":\"https:\/\/www.yogasurfcamp.com\/packages\/harmony-wave-week-6-nights-7-days\/\",\"name\":\"Harmony\u202fWave Week 6\u202fNights\u202f\/\u202f7\u202fDays - Yoga Surf Camp Morocco\",\"isPartOf\":{\"@id\":\"https:\/\/www.yogasurfcamp.com\/#website\"},\"primaryImageOfPage\":{\"@id\":\"https:\/\/www.yogasurfcamp.com\/packages\/harmony-wave-week-6-nights-7-days\/#primaryimage\"},\"image\":{\"@id\":\"https:\/\/www.yogasurfcamp.com\/packages\/harmony-wave-week-6-nights-7-days\/#primaryimage\"},\"thumbnailUrl\":\"https:\/\/www.yogasurfcamp.com\/wp-content\/uploads\/2025\/07\/Yoga-Surf-Camp-1-4-scaled.jpg\",\"datePublished\":\"2025-07-23T01:13:10+00:00\",\"dateModified\":\"2026-02-15T23:44:52+00:00\",\"breadcrumb\":{\"@id\":\"https:\/\/www.yogasurfcamp.com\/packages\/harmony-wave-week-6-nights-7-days\/#breadcrumb\"},\"inLanguage\":\"nb-NO\",\"potentialAction\":[{\"@type\":\"ReadAction\",\"target\":[\"https:\/\/www.yogasurfcamp.com\/packages\/harmony-wave-week-6-nights-7-days\/\"]}]},{\"@type\":\"ImageObject\",\"inLanguage\":\"nb-NO\",\"@id\":\"https:\/\/www.yogasurfcamp.com\/packages\/harmony-wave-week-6-nights-7-days\/#primaryimage\",\"url\":\"https:\/\/www.yogasurfcamp.com\/wp-content\/uploads\/2025\/07\/Yoga-Surf-Camp-1-4-scaled.jpg\",\"contentUrl\":\"https:\/\/www.yogasurfcamp.com\/wp-content\/uploads\/2025\/07\/Yoga-Surf-Camp-1-4-scaled.jpg\",\"width\":2560,\"height\":1708,\"caption\":\"Yoga\u202fSurf\u202fCamp\"},{\"@type\":\"BreadcrumbList\",\"@id\":\"https:\/\/www.yogasurfcamp.com\/packages\/harmony-wave-week-6-nights-7-days\/#breadcrumb\",\"itemListElement\":[{\"@type\":\"ListItem\",\"position\":1,\"name\":\"Home\",\"item\":\"https:\/\/www.yogasurfcamp.com\/\"},{\"@type\":\"ListItem\",\"position\":2,\"name\":\"Products\",\"item\":\"https:\/\/www.yogasurfcamp.com\/packages__trashed\/\"},{\"@type\":\"ListItem\",\"position\":3,\"name\":\"Harmony\u202fWave Week 6\u202fNights\u202f\/\u202f7\u202fDays\"}]},{\"@type\":\"WebSite\",\"@id\":\"https:\/\/www.yogasurfcamp.com\/#website\",\"url\":\"https:\/\/www.yogasurfcamp.com\/\",\"name\":\"Yoga Surf Camp Morocco\",\"description\":\"\",\"publisher\":{\"@id\":\"https:\/\/www.yogasurfcamp.com\/#organization\"},\"potentialAction\":[{\"@type\":\"SearchAction\",\"target\":{\"@type\":\"EntryPoint\",\"urlTemplate\":\"https:\/\/www.yogasurfcamp.com\/?s={search_term_string}\"},\"query-input\":{\"@type\":\"PropertyValueSpecification\",\"valueRequired\":true,\"valueName\":\"search_term_string\"}}],\"inLanguage\":\"nb-NO\"},{\"@type\":\"Organization\",\"@id\":\"https:\/\/www.yogasurfcamp.com\/#organization\",\"name\":\"Yoga Surf Camp Morocco\",\"url\":\"https:\/\/www.yogasurfcamp.com\/\",\"logo\":{\"@type\":\"ImageObject\",\"inLanguage\":\"nb-NO\",\"@id\":\"https:\/\/www.yogasurfcamp.com\/#\/schema\/logo\/image\/\",\"url\":\"https:\/\/www.yogasurfcamp.com\/wp-content\/uploads\/2026\/01\/Yoga-Surf-camp-1.png\",\"contentUrl\":\"https:\/\/www.yogasurfcamp.com\/wp-content\/uploads\/2026\/01\/Yoga-Surf-camp-1.png\",\"width\":500,\"height\":500,\"caption\":\"Yoga Surf Camp Morocco\"},\"image\":{\"@id\":\"https:\/\/www.yogasurfcamp.com\/#\/schema\/logo\/image\/\"},\"sameAs\":[\"https:\/\/www.facebook.com\/profile.php?id=61578768475831\",\"https:\/\/www.instagram.com\/theyogasurfcamp\"]}]}<\/script>\n<!-- \/ Yoast SEO Premium plugin. -->","yoast_head_json":{"title":"Harmony Wave Week 6 netter \/ 7 dager - Yoga Surf Camp Marokko","robots":{"index":"index","follow":"follow","max-snippet":"max-snippet:-1","max-image-preview":"max-image-preview:large","max-video-preview":"max-video-preview:-1"},"canonical":"https:\/\/www.yogasurfcamp.com\/nb\/pakker\/harmony-wave-uke-6-netter-7-dager\/","og_locale":"nb_NO","og_type":"article","og_title":"Harmony\u202fWave Week 6\u202fNights\u202f\/\u202f7\u202fDays","og_description":"\u2714\u202fPick\u2011up and drop\u2011off at Agadir airport or bus station \u2714\u202f6 Nights Accommodation \u2714\u202fBreakfast, lunch, and dinner every day \u2714 6 Days surf lessons with ISA certified instructors \u2714 2 yoga sessions to stretch and relax \u2714\u202fRides to and from the best surf spots \u2714\u202fFree surfboard and wetsuit rental all day \u2714\u202fUnlimited time to surf on your own \u2714\u202fRoof\u2011top terrace, and free Wi\u2011Fi","og_url":"https:\/\/www.yogasurfcamp.com\/nb\/pakker\/harmony-wave-uke-6-netter-7-dager\/","og_site_name":"Yoga Surf Camp Morocco","article_publisher":"https:\/\/www.facebook.com\/profile.php?id=61578768475831","article_modified_time":"2026-02-15T23:44:52+00:00","og_image":[{"width":2560,"height":1708,"url":"https:\/\/www.yogasurfcamp.com\/wp-content\/uploads\/2025\/07\/Yoga-Surf-Camp-1-4-scaled.jpg","type":"image\/jpeg"}],"twitter_card":"summary_large_image","twitter_misc":{"Ansl. lesetid":"1 minutt"},"schema":{"@context":"https:\/\/schema.org","@graph":[{"@type":"WebPage","@id":"https:\/\/www.yogasurfcamp.com\/packages\/harmony-wave-week-6-nights-7-days\/","url":"https:\/\/www.yogasurfcamp.com\/packages\/harmony-wave-week-6-nights-7-days\/","name":"Harmony Wave Week 6 netter \/ 7 dager - Yoga Surf Camp Marokko","isPartOf":{"@id":"https:\/\/www.yogasurfcamp.com\/#website"},"primaryImageOfPage":{"@id":"https:\/\/www.yogasurfcamp.com\/packages\/harmony-wave-week-6-nights-7-days\/#primaryimage"},"image":{"@id":"https:\/\/www.yogasurfcamp.com\/packages\/harmony-wave-week-6-nights-7-days\/#primaryimage"},"thumbnailUrl":"https:\/\/www.yogasurfcamp.com\/wp-content\/uploads\/2025\/07\/Yoga-Surf-Camp-1-4-scaled.jpg","datePublished":"2025-07-23T01:13:10+00:00","dateModified":"2026-02-15T23:44:52+00:00","breadcrumb":{"@id":"https:\/\/www.yogasurfcamp.com\/packages\/harmony-wave-week-6-nights-7-days\/#breadcrumb"},"inLanguage":"nb-NO","potentialAction":[{"@type":"ReadAction","target":["https:\/\/www.yogasurfcamp.com\/packages\/harmony-wave-week-6-nights-7-days\/"]}]},{"@type":"ImageObject","inLanguage":"nb-NO","@id":"https:\/\/www.yogasurfcamp.com\/packages\/harmony-wave-week-6-nights-7-days\/#primaryimage","url":"https:\/\/www.yogasurfcamp.com\/wp-content\/uploads\/2025\/07\/Yoga-Surf-Camp-1-4-scaled.jpg","contentUrl":"https:\/\/www.yogasurfcamp.com\/wp-content\/uploads\/2025\/07\/Yoga-Surf-Camp-1-4-scaled.jpg","width":2560,"height":1708,"caption":"Yoga\u202fSurf\u202fCamp"},{"@type":"BreadcrumbList","@id":"https:\/\/www.yogasurfcamp.com\/packages\/harmony-wave-week-6-nights-7-days\/#breadcrumb","itemListElement":[{"@type":"ListItem","position":1,"name":"Home","item":"https:\/\/www.yogasurfcamp.com\/"},{"@type":"ListItem","position":2,"name":"Products","item":"https:\/\/www.yogasurfcamp.com\/packages__trashed\/"},{"@type":"ListItem","position":3,"name":"Harmony\u202fWave Week 6\u202fNights\u202f\/\u202f7\u202fDays"}]},{"@type":"WebSite","@id":"https:\/\/www.yogasurfcamp.com\/#website","url":"https:\/\/www.yogasurfcamp.com\/","name":"Yoga Surf Camp Marokko","description":"","publisher":{"@id":"https:\/\/www.yogasurfcamp.com\/#organization"},"potentialAction":[{"@type":"SearchAction","target":{"@type":"EntryPoint","urlTemplate":"https:\/\/www.yogasurfcamp.com\/?s={search_term_string}"},"query-input":{"@type":"PropertyValueSpecification","valueRequired":true,"valueName":"search_term_string"}}],"inLanguage":"nb-NO"},{"@type":"Organization","@id":"https:\/\/www.yogasurfcamp.com\/#organization","name":"Yoga Surf Camp Marokko","url":"https:\/\/www.yogasurfcamp.com\/","logo":{"@type":"ImageObject","inLanguage":"nb-NO","@id":"https:\/\/www.yogasurfcamp.com\/#\/schema\/logo\/image\/","url":"https:\/\/www.yogasurfcamp.com\/wp-content\/uploads\/2026\/01\/Yoga-Surf-camp-1.png","contentUrl":"https:\/\/www.yogasurfcamp.com\/wp-content\/uploads\/2026\/01\/Yoga-Surf-camp-1.png","width":500,"height":500,"caption":"Yoga Surf Camp Morocco"},"image":{"@id":"https:\/\/www.yogasurfcamp.com\/#\/schema\/logo\/image\/"},"sameAs":["https:\/\/www.facebook.com\/profile.php?id=61578768475831","https:\/\/www.instagram.com\/theyogasurfcamp"]}]}},"_links":{"self":[{"href":"https:\/\/www.yogasurfcamp.com\/nb\/wp-json\/wp\/v2\/product\/7906","targetHints":{"allow":["GET"]}}],"collection":[{"href":"https:\/\/www.yogasurfcamp.com\/nb\/wp-json\/wp\/v2\/product"}],"about":[{"href":"https:\/\/www.yogasurfcamp.com\/nb\/wp-json\/wp\/v2\/types\/product"}],"wp:featuredmedia":[{"embeddable":true,"href":"https:\/\/www.yogasurfcamp.com\/nb\/wp-json\/wp\/v2\/media\/7907"}],"wp:attachment":[{"href":"https:\/\/www.yogasurfcamp.com\/nb\/wp-json\/wp\/v2\/media?parent=7906"}],"wp:term":[{"taxonomy":"product_brand","embeddable":true,"href":"https:\/\/www.yogasurfcamp.com\/nb\/wp-json\/wp\/v2\/product_brand?post=7906"},{"taxonomy":"product_cat","embeddable":true,"href":"https:\/\/www.yogasurfcamp.com\/nb\/wp-json\/wp\/v2\/product_cat?post=7906"},{"taxonomy":"product_tag","embeddable":true,"href":"https:\/\/www.yogasurfcamp.com\/nb\/wp-json\/wp\/v2\/product_tag?post=7906"}],"curies":[{"name":"wp","href":"https:\/\/api.w.org\/{rel}","templated":true}]}}