{"id":7522,"date":"2025-05-04T20:19:11","date_gmt":"2025-05-04T20:19:11","guid":{"rendered":"https:\/\/www.yogasurfcamp.com\/?page_id=7522"},"modified":"2025-07-19T20:52:10","modified_gmt":"2025-07-19T20:52:10","slug":"skontaktuj-sie-z-nami","status":"publish","type":"page","link":"https:\/\/www.yogasurfcamp.com\/pl\/skontaktuj-sie-z-nami\/","title":{"rendered":"skontaktuj si\u0119 z nami"},"content":{"rendered":"\t\t<div data-elementor-type=\"wp-page\" data-elementor-id=\"7522\" class=\"elementor elementor-7522\" data-elementor-post-type=\"page\">\n\t\t\t\t\t\t<section class=\"elementor-section elementor-top-section elementor-element elementor-element-609a9380 lazy-background elementor-section-content-middle elementor-section-height-min-height elementor-section-boxed elementor-section-height-default elementor-section-items-middle\" data-id=\"609a9380\" data-element_type=\"section\" data-e-type=\"section\" data-settings=\"{&quot;background_background&quot;:&quot;classic&quot;}\">\n\t\t\t\t\t\t\t<div class=\"elementor-background-overlay\"><\/div>\n\t\t\t\t\t\t\t<div class=\"elementor-container elementor-column-gap-default\">\n\t\t\t\t\t<div class=\"elementor-column elementor-col-100 elementor-top-column elementor-element elementor-element-1786740a\" data-id=\"1786740a\" data-element_type=\"column\" data-e-type=\"column\">\n\t\t\t<div class=\"elementor-widget-wrap\">\n\t\t\t\t\t\t\t<\/div>\n\t\t<\/div>\n\t\t\t\t\t<\/div>\n\t\t<\/section>\n\t\t<div class=\"elementor-element elementor-element-88de831 e-flex e-con-boxed e-con e-parent\" data-id=\"88de831\" data-element_type=\"container\" data-e-type=\"container\">\n\t\t\t\t\t<div class=\"e-con-inner\">\n\t\t\t\t<div class=\"elementor-element elementor-element-72186b8 elementor-widget elementor-widget-wpforms\" data-id=\"72186b8\" data-element_type=\"widget\" data-e-type=\"widget\" data-widget_type=\"wpforms.default\">\n\t\t\t\t<div class=\"elementor-widget-container\">\n\t\t\t\t\t<div class=\"wpforms-container wpforms-container-full wpforms-render-modern\" id=\"wpforms-7782\"><form id=\"wpforms-form-7782\" class=\"wpforms-validate wpforms-form wpforms-ajax-form\" data-formid=\"7782\" method=\"post\" enctype=\"multipart\/form-data\" action=\"\/pl\/wp-json\/wp\/v2\/pages\/7522\" data-token=\"2bc96556318d96abb04d188e8c149ee1\" data-token-time=\"1775259294\"><noscript class=\"wpforms-error-noscript\">Aby wype\u0142ni\u0107 ten formularz, w\u0142\u0105cz obs\u0142ug\u0119 JavaScript w przegl\u0105darce.<\/noscript><div class=\"wpforms-hidden\" id=\"wpforms-error-noscript\">Aby wype\u0142ni\u0107 ten formularz, w\u0142\u0105cz obs\u0142ug\u0119 JavaScript w przegl\u0105darce.<\/div><div class=\"wpforms-field-container\">\t\t<div id=\"wpforms-7782-field_5-container\"\n\t\t\tclass=\"wpforms-field wpforms-field-text\"\n\t\t\tdata-field-type=\"text\"\n\t\t\tdata-field-id=\"5\"\n\t\t\t>\n\t\t\t<label class=\"wpforms-field-label\" for=\"wpforms-7782-field_5\" >Message Name Comment<\/label>\n\t\t\t<input type=\"text\" id=\"wpforms-7782-field_5\" class=\"wpforms-field-medium\" name=\"wpforms[fields][5]\" >\n\t\t<\/div>\n\t\t<div id=\"wpforms-7782-field_1-container\" class=\"wpforms-field wpforms-field-name\" data-field-type=\"name\" data-field-id=\"1\"><fieldset><legend class=\"wpforms-field-label\">Name <span class=\"wpforms-required-label\" aria-hidden=\"true\">*<\/span><\/legend><div class=\"wpforms-field-row wpforms-field-medium\"><div class=\"wpforms-field-row-block wpforms-first wpforms-one-half\"><input type=\"text\" id=\"wpforms-7782-field_1\" class=\"wpforms-field-name-first wpforms-field-required\" name=\"wpforms[fields][1][first]\" aria-errormessage=\"wpforms-7782-field_1-error\" required><label for=\"wpforms-7782-field_1\" class=\"wpforms-field-sublabel after\">Pierwszy<\/label><\/div><div class=\"wpforms-field-row-block wpforms-one-half\"><input type=\"text\" id=\"wpforms-7782-field_1-last\" class=\"wpforms-field-name-last wpforms-field-required\" name=\"wpforms[fields][1][last]\" aria-errormessage=\"wpforms-7782-field_1-last-error\" required><label for=\"wpforms-7782-field_1-last\" class=\"wpforms-field-sublabel after\">Ostatni<\/label><\/div><\/div><\/fieldset><\/div><div id=\"wpforms-7782-field_2-container\" class=\"wpforms-field wpforms-field-email\" data-field-type=\"email\" data-field-id=\"2\"><label class=\"wpforms-field-label\" for=\"wpforms-7782-field_2\">Email <span class=\"wpforms-required-label\" aria-hidden=\"true\">*<\/span><\/label><input type=\"email\" id=\"wpforms-7782-field_2\" class=\"wpforms-field-medium wpforms-field-required\" name=\"wpforms[fields][2]\" spellcheck=\"false\" aria-errormessage=\"wpforms-7782-field_2-error\" required><\/div><div id=\"wpforms-7782-field_3-container\" class=\"wpforms-field wpforms-field-textarea\" data-field-type=\"textarea\" data-field-id=\"3\"><label class=\"wpforms-field-label\" for=\"wpforms-7782-field_3\">Comment or Message<\/label><textarea id=\"wpforms-7782-field_3\" class=\"wpforms-field-medium\" name=\"wpforms[fields][3]\" aria-errormessage=\"wpforms-7782-field_3-error\" ><\/textarea><\/div><div id=\"wpforms-7782-field_4-container\" class=\"wpforms-field wpforms-field-captcha\" data-field-type=\"captcha\" data-field-id=\"4\"><label class=\"wpforms-field-label\" for=\"wpforms-7782-field_4\">Captcha <span class=\"wpforms-required-label\" aria-hidden=\"true\">*<\/span><\/label>\t\t\t<div class=\"wpforms-captcha-math\">\n\t\t\t\t<span id=\"wpforms-7782-field_4-question\" class=\"wpforms-captcha-equation\">\n\t\t\t\t\t<span class=\"n1\">6<\/span>\n\t\t\t\t\t\t\t<span class=\"cal\">+<\/span>\n\t\t\t\t\t\t\t<span class=\"n2\">8<\/span>\t\t\t\t\t<span class=\"e\">=<\/span>\n\t\t\t\t<\/span>\n\t\t\t\t<input type=\"text\" id=\"wpforms-7782-field_4\" class=\"wpforms-field-medium wpforms-field-required a\" data-rule-wpf-captcha=\"math\" data-is-wrapped-field=\"1\" name=\"wpforms[fields][4][a]\" aria-errormessage=\"wpforms-7782-field_4-error\" aria-describedby=\"wpforms-7782-field_4-question\" required>\t\t\t\t<input type=\"hidden\" name=\"wpforms[fields][4][cal]\" class=\"cal\">\n\t\t\t\t<input type=\"hidden\" name=\"wpforms[fields][4][n2]\" class=\"n2\">\n\t\t\t\t<input type=\"hidden\" name=\"wpforms[fields][4][n1]\" class=\"n1\">\n\t\t\t<\/div>\n\t\t\t<\/div><script>\n\t\t\t\t( function() {\n\t\t\t\t\tconst style = document.createElement( 'style' );\n\t\t\t\t\tstyle.appendChild( document.createTextNode( '#wpforms-7782-field_5-container { position: absolute !important; overflow: hidden !important; display: inline !important; height: 1px !important; width: 1px !important; z-index: -1000 !important; padding: 0 !important; } #wpforms-7782-field_5-container input { visibility: hidden; } #wpforms-conversational-form-page #wpforms-7782-field_5-container label { counter-increment: none; }' ) );\n\t\t\t\t\tdocument.head.appendChild( style );\n\t\t\t\t\tdocument.currentScript?.remove();\n\t\t\t\t} )();\n\t\t\t<\/script><\/div><!-- .wpforms-field-container --><div class=\"wpforms-submit-container\" ><input type=\"hidden\" name=\"wpforms[id]\" value=\"7782\"><input type=\"hidden\" name=\"page_title\" value=\"\"><input type=\"hidden\" name=\"page_url\" value=\"https:\/\/www.yogasurfcamp.com\/pl\/wp-json\/wp\/v2\/pages\/7522\"><input type=\"hidden\" name=\"url_referer\" value=\"\"><button type=\"submit\" name=\"wpforms[submit]\" id=\"wpforms-submit-7782\" class=\"wpforms-submit\" data-alt-text=\"Sending...\" data-submit-text=\"Submit\" aria-live=\"assertive\" value=\"wpforms-submit\">Submit<\/button><img decoding=\"async\" src=\"https:\/\/www.yogasurfcamp.com\/wp-content\/plugins\/wpforms\/assets\/images\/submit-spin.svg\" class=\"wpforms-submit-spinner\" style=\"display: none;\" width=\"26\" height=\"26\" alt=\"Wczytywanie\"><\/div><\/form><\/div>  <!-- .wpforms-container -->\t\t\t\t<\/div>\n\t\t\t\t<\/div>\n\t\t\t\t\t<\/div>\n\t\t\t\t<\/div>\n\t\t\t\t<\/div>\n\t\t","protected":false},"excerpt":{"rendered":"<p>Aby wype\u0142ni\u0107 ten formularz, w\u0142\u0105cz obs\u0142ug\u0119 JavaScript w przegl\u0105darce. Imi\u0119 * FirstLast Email *Comment or Message Submit<\/p>","protected":false},"author":1,"featured_media":0,"parent":0,"menu_order":0,"comment_status":"closed","ping_status":"closed","template":"template-canvas.php","meta":{"footnotes":""},"class_list":["post-7522","page","type-page","status-publish","hentry"],"yoast_head":"<!-- This site is optimized with the Yoast SEO Premium plugin v27.1 (Yoast SEO v27.2) - https:\/\/yoast.com\/product\/yoast-seo-premium-wordpress\/ -->\n<title>contact us - Yoga Surf Camp Morocco<\/title>\n<meta name=\"robots\" content=\"index, follow, max-snippet:-1, max-image-preview:large, max-video-preview:-1\" \/>\n<link rel=\"canonical\" href=\"https:\/\/www.yogasurfcamp.com\/pl\/skontaktuj-sie-z-nami\/\" \/>\n<meta property=\"og:locale\" content=\"pl_PL\" \/>\n<meta property=\"og:type\" content=\"article\" \/>\n<meta property=\"og:title\" content=\"contact us\" \/>\n<meta property=\"og:description\" content=\"Please enable JavaScript in your browser to complete this form.Please enable JavaScript in your browser to complete this form. Name * FirstLast Email *Comment or Message Submit\" \/>\n<meta property=\"og:url\" content=\"https:\/\/www.yogasurfcamp.com\/pl\/skontaktuj-sie-z-nami\/\" \/>\n<meta property=\"og:site_name\" content=\"Yoga Surf Camp Morocco\" \/>\n<meta property=\"article:publisher\" content=\"https:\/\/www.facebook.com\/profile.php?id=61578768475831\" \/>\n<meta property=\"article:modified_time\" content=\"2025-07-19T20:52:10+00:00\" \/>\n<meta property=\"og:image\" content=\"https:\/\/www.yogasurfcamp.com\/wp-content\/plugins\/wpforms\/assets\/images\/submit-spin.svg\" \/>\n<meta name=\"twitter:card\" content=\"summary_large_image\" \/>\n<script type=\"application\/ld+json\" class=\"yoast-schema-graph\">{\"@context\":\"https:\/\/schema.org\",\"@graph\":[{\"@type\":\"WebPage\",\"@id\":\"https:\/\/www.yogasurfcamp.com\/contact-us\/\",\"url\":\"https:\/\/www.yogasurfcamp.com\/contact-us\/\",\"name\":\"contact us - Yoga Surf Camp Morocco\",\"isPartOf\":{\"@id\":\"https:\/\/www.yogasurfcamp.com\/#website\"},\"primaryImageOfPage\":{\"@id\":\"https:\/\/www.yogasurfcamp.com\/contact-us\/#primaryimage\"},\"image\":{\"@id\":\"https:\/\/www.yogasurfcamp.com\/contact-us\/#primaryimage\"},\"thumbnailUrl\":\"https:\/\/www.yogasurfcamp.com\/wp-content\/plugins\/wpforms\/assets\/images\/submit-spin.svg\",\"datePublished\":\"2025-05-04T20:19:11+00:00\",\"dateModified\":\"2025-07-19T20:52:10+00:00\",\"breadcrumb\":{\"@id\":\"https:\/\/www.yogasurfcamp.com\/contact-us\/#breadcrumb\"},\"inLanguage\":\"pl-PL\",\"potentialAction\":[{\"@type\":\"ReadAction\",\"target\":[\"https:\/\/www.yogasurfcamp.com\/contact-us\/\"]}]},{\"@type\":\"ImageObject\",\"inLanguage\":\"pl-PL\",\"@id\":\"https:\/\/www.yogasurfcamp.com\/contact-us\/#primaryimage\",\"url\":\"https:\/\/www.yogasurfcamp.com\/wp-content\/plugins\/wpforms\/assets\/images\/submit-spin.svg\",\"contentUrl\":\"https:\/\/www.yogasurfcamp.com\/wp-content\/plugins\/wpforms\/assets\/images\/submit-spin.svg\"},{\"@type\":\"BreadcrumbList\",\"@id\":\"https:\/\/www.yogasurfcamp.com\/contact-us\/#breadcrumb\",\"itemListElement\":[{\"@type\":\"ListItem\",\"position\":1,\"name\":\"Home\",\"item\":\"https:\/\/www.yogasurfcamp.com\/\"},{\"@type\":\"ListItem\",\"position\":2,\"name\":\"contact us\"}]},{\"@type\":\"WebSite\",\"@id\":\"https:\/\/www.yogasurfcamp.com\/#website\",\"url\":\"https:\/\/www.yogasurfcamp.com\/\",\"name\":\"Yoga Surf Camp Morocco\",\"description\":\"\",\"publisher\":{\"@id\":\"https:\/\/www.yogasurfcamp.com\/#organization\"},\"potentialAction\":[{\"@type\":\"SearchAction\",\"target\":{\"@type\":\"EntryPoint\",\"urlTemplate\":\"https:\/\/www.yogasurfcamp.com\/?s={search_term_string}\"},\"query-input\":{\"@type\":\"PropertyValueSpecification\",\"valueRequired\":true,\"valueName\":\"search_term_string\"}}],\"inLanguage\":\"pl-PL\"},{\"@type\":\"Organization\",\"@id\":\"https:\/\/www.yogasurfcamp.com\/#organization\",\"name\":\"Yoga Surf Camp Morocco\",\"url\":\"https:\/\/www.yogasurfcamp.com\/\",\"logo\":{\"@type\":\"ImageObject\",\"inLanguage\":\"pl-PL\",\"@id\":\"https:\/\/www.yogasurfcamp.com\/#\/schema\/logo\/image\/\",\"url\":\"https:\/\/www.yogasurfcamp.com\/wp-content\/uploads\/2026\/01\/Yoga-Surf-camp-1.png\",\"contentUrl\":\"https:\/\/www.yogasurfcamp.com\/wp-content\/uploads\/2026\/01\/Yoga-Surf-camp-1.png\",\"width\":500,\"height\":500,\"caption\":\"Yoga Surf Camp Morocco\"},\"image\":{\"@id\":\"https:\/\/www.yogasurfcamp.com\/#\/schema\/logo\/image\/\"},\"sameAs\":[\"https:\/\/www.facebook.com\/profile.php?id=61578768475831\",\"https:\/\/www.instagram.com\/theyogasurfcamp\"]}]}<\/script>\n<!-- \/ Yoast SEO Premium plugin. -->","yoast_head_json":{"title":"Skontaktuj si\u0119 z nami - Yoga Surf Camp Morocco","robots":{"index":"index","follow":"follow","max-snippet":"max-snippet:-1","max-image-preview":"max-image-preview:large","max-video-preview":"max-video-preview:-1"},"canonical":"https:\/\/www.yogasurfcamp.com\/pl\/skontaktuj-sie-z-nami\/","og_locale":"pl_PL","og_type":"article","og_title":"contact us","og_description":"Please enable JavaScript in your browser to complete this form.Please enable JavaScript in your browser to complete this form. Name * FirstLast Email *Comment or Message Submit","og_url":"https:\/\/www.yogasurfcamp.com\/pl\/skontaktuj-sie-z-nami\/","og_site_name":"Yoga Surf Camp Morocco","article_publisher":"https:\/\/www.facebook.com\/profile.php?id=61578768475831","article_modified_time":"2025-07-19T20:52:10+00:00","og_image":[{"url":"https:\/\/www.yogasurfcamp.com\/wp-content\/plugins\/wpforms\/assets\/images\/submit-spin.svg","type":"","width":"","height":""}],"twitter_card":"summary_large_image","schema":{"@context":"https:\/\/schema.org","@graph":[{"@type":"WebPage","@id":"https:\/\/www.yogasurfcamp.com\/contact-us\/","url":"https:\/\/www.yogasurfcamp.com\/contact-us\/","name":"Skontaktuj si\u0119 z nami - Yoga Surf Camp Morocco","isPartOf":{"@id":"https:\/\/www.yogasurfcamp.com\/#website"},"primaryImageOfPage":{"@id":"https:\/\/www.yogasurfcamp.com\/contact-us\/#primaryimage"},"image":{"@id":"https:\/\/www.yogasurfcamp.com\/contact-us\/#primaryimage"},"thumbnailUrl":"https:\/\/www.yogasurfcamp.com\/wp-content\/plugins\/wpforms\/assets\/images\/submit-spin.svg","datePublished":"2025-05-04T20:19:11+00:00","dateModified":"2025-07-19T20:52:10+00:00","breadcrumb":{"@id":"https:\/\/www.yogasurfcamp.com\/contact-us\/#breadcrumb"},"inLanguage":"pl-PL","potentialAction":[{"@type":"ReadAction","target":["https:\/\/www.yogasurfcamp.com\/contact-us\/"]}]},{"@type":"ImageObject","inLanguage":"pl-PL","@id":"https:\/\/www.yogasurfcamp.com\/contact-us\/#primaryimage","url":"https:\/\/www.yogasurfcamp.com\/wp-content\/plugins\/wpforms\/assets\/images\/submit-spin.svg","contentUrl":"https:\/\/www.yogasurfcamp.com\/wp-content\/plugins\/wpforms\/assets\/images\/submit-spin.svg"},{"@type":"BreadcrumbList","@id":"https:\/\/www.yogasurfcamp.com\/contact-us\/#breadcrumb","itemListElement":[{"@type":"ListItem","position":1,"name":"Home","item":"https:\/\/www.yogasurfcamp.com\/"},{"@type":"ListItem","position":2,"name":"contact us"}]},{"@type":"WebSite","@id":"https:\/\/www.yogasurfcamp.com\/#website","url":"https:\/\/www.yogasurfcamp.com\/","name":"Ob\u00f3z jogi i surfingu w Maroku","description":"","publisher":{"@id":"https:\/\/www.yogasurfcamp.com\/#organization"},"potentialAction":[{"@type":"SearchAction","target":{"@type":"EntryPoint","urlTemplate":"https:\/\/www.yogasurfcamp.com\/?s={search_term_string}"},"query-input":{"@type":"PropertyValueSpecification","valueRequired":true,"valueName":"search_term_string"}}],"inLanguage":"pl-PL"},{"@type":"Organization","@id":"https:\/\/www.yogasurfcamp.com\/#organization","name":"Ob\u00f3z jogi i surfingu w Maroku","url":"https:\/\/www.yogasurfcamp.com\/","logo":{"@type":"ImageObject","inLanguage":"pl-PL","@id":"https:\/\/www.yogasurfcamp.com\/#\/schema\/logo\/image\/","url":"https:\/\/www.yogasurfcamp.com\/wp-content\/uploads\/2026\/01\/Yoga-Surf-camp-1.png","contentUrl":"https:\/\/www.yogasurfcamp.com\/wp-content\/uploads\/2026\/01\/Yoga-Surf-camp-1.png","width":500,"height":500,"caption":"Yoga Surf Camp Morocco"},"image":{"@id":"https:\/\/www.yogasurfcamp.com\/#\/schema\/logo\/image\/"},"sameAs":["https:\/\/www.facebook.com\/profile.php?id=61578768475831","https:\/\/www.instagram.com\/theyogasurfcamp"]}]}},"_links":{"self":[{"href":"https:\/\/www.yogasurfcamp.com\/pl\/wp-json\/wp\/v2\/pages\/7522","targetHints":{"allow":["GET"]}}],"collection":[{"href":"https:\/\/www.yogasurfcamp.com\/pl\/wp-json\/wp\/v2\/pages"}],"about":[{"href":"https:\/\/www.yogasurfcamp.com\/pl\/wp-json\/wp\/v2\/types\/page"}],"author":[{"embeddable":true,"href":"https:\/\/www.yogasurfcamp.com\/pl\/wp-json\/wp\/v2\/users\/1"}],"replies":[{"embeddable":true,"href":"https:\/\/www.yogasurfcamp.com\/pl\/wp-json\/wp\/v2\/comments?post=7522"}],"version-history":[{"count":0,"href":"https:\/\/www.yogasurfcamp.com\/pl\/wp-json\/wp\/v2\/pages\/7522\/revisions"}],"wp:attachment":[{"href":"https:\/\/www.yogasurfcamp.com\/pl\/wp-json\/wp\/v2\/media?parent=7522"}],"curies":[{"name":"wp","href":"https:\/\/api.w.org\/{rel}","templated":true}]}}