{"id":7840,"date":"2025-07-22T12:15:41","date_gmt":"2025-07-22T12:15:41","guid":{"rendered":"https:\/\/www.yogasurfcamp.com\/?page_id=7840"},"modified":"2025-07-26T19:45:19","modified_gmt":"2025-07-26T19:45:19","slug":"politica-de-confidentialitate","status":"publish","type":"page","link":"https:\/\/www.yogasurfcamp.com\/ro\/politica-de-confidentialitate\/","title":{"rendered":"Politica de confiden\u021bialitate"},"content":{"rendered":"<div data-elementor-type=\"wp-page\" data-elementor-id=\"7840\" class=\"elementor elementor-7840\" data-elementor-post-type=\"page\">\n\t\t\t\t<div class=\"elementor-element elementor-element-fc93f45 e-flex e-con-boxed e-con e-parent\" data-id=\"fc93f45\" data-element_type=\"container\" data-e-type=\"container\">\n\t\t\t\t\t<div class=\"e-con-inner\">\n\t\t\t\t<div class=\"elementor-element elementor-element-b5916bd elementor-widget elementor-widget-text-editor\" data-id=\"b5916bd\" data-element_type=\"widget\" data-e-type=\"widget\" data-widget_type=\"text-editor.default\">\n\t\t\t\t<div class=\"elementor-widget-container\">\n\t\t\t\t\t\t\t\t\t<p><strong>YogaSurfCamp.com<\/strong> (\"<strong>noi<\/strong>\", \"<strong>noi<\/strong>\", <strong>sau<\/strong> \"<strong>noastr\u0103<\/strong>\") opereaz\u0103 YogaSurfCamp.com . Aceast\u0103 pagin\u0103 explic\u0103 modul \u00een care colect\u0103m, utiliz\u0103m \u0219i divulg\u0103m informa\u021biile dvs. personale atunci c\u00e2nd utiliza\u021bi serviciul nostru.<\/p><p>Nu vom partaja niciodat\u0103 informa\u021biile dvs., cu excep\u021bia celor descrise \u00een prezenta politic\u0103. Prin utilizarea Serviciului, sunte\u021bi de acord cu colectarea \u0219i utilizarea informa\u021biilor \u00een conformitate cu prezentul document. Termenii cu majuscule care nu sunt defini\u021bi aici au \u00een\u021belesul dat \u00een Termenii \u0219i condi\u021biile noastre.<\/p><h2><br \/>1. Colectarea \u0219i utilizarea informa\u021biilor<\/h2><p>\u00cen timp ce utiliza\u021bi Serviciul nostru, v\u0103 putem solicita s\u0103 furniza\u021bi anumite informa\u021bii de identificare personal\u0103 (\"Informa\u021bii personale\") care pot fi utilizate pentru a v\u0103 contacta sau identifica. Acestea pot include, dar nu sunt limitate la:<\/p><p>Nume \u0219i prenume<br \/>Adresa de e-mail<br \/>Num\u0103rul de telefon<br \/>Adresa po\u0219tal\u0103<br \/>Detalii de plat\u0103 (gestionate \u00een siguran\u021b\u0103 de procesatorul nostru de pl\u0103\u021bi; nu stoc\u0103m numerele complete ale cardurilor)<\/p><h2>2. Date de jurnal<\/h2><p>Ori de c\u00e2te ori vizita\u021bi Serviciul, serverele noastre \u00eenregistreaz\u0103 automat informa\u021bii (\"Date de jurnal\") pe care browserul dvs. le trimite. Aceste date de \u00eenregistrare pot include adresa dvs. IP, tipul \u0219i versiunea browserului, paginile pe care le vizita\u021bi, data \u0219i ora vizitei, timpul petrecut pe acele pagini \u0219i alte statistici.<\/p><h2><br \/>3. Cookie-uri<\/h2><p>Modulele cookie sunt fi\u0219iere text de mici dimensiuni plasate pe dispozitivul dvs. pentru a colecta informa\u021bii standard de \u00eenregistrare pe internet \u0219i date privind comportamentul vizitatorilor. Utiliz\u0103m module cookie pentru:<\/p><p>Re\u021bine\u021bi preferin\u021bele dvs. (de exemplu, limba, moneda, consim\u021b\u0103m\u00e2ntul pentru cookie-uri)<br \/>Analiza\u021bi traficul \u0219i utilizarea site-ului pentru \u00eembun\u0103t\u0103\u021birea performan\u021bei<br \/>Afi\u0219a\u021bi mesaje de marketing relevante prin intermediul partenerilor de \u00eencredere<\/p><p>V\u0103 pute\u021bi seta browserul s\u0103 refuze cookie-urile sau s\u0103 v\u0103 avertizeze atunci c\u00e2nd sunt trimise cookie-uri. Dac\u0103 face\u021bi acest lucru, este posibil ca unele p\u0103r\u021bi ale Serviciului s\u0103 nu func\u021bioneze corespunz\u0103tor.<\/p><h2><br \/>4. Furnizori de servicii<\/h2><p>Putem angaja companii ter\u021be pentru a facilita Serviciul nostru, pentru a \u00eendeplini sarcini legate de Serviciu sau pentru a ne asista \u00een analiza modului \u00een care este utilizat Serviciul nostru. Aceste p\u0103r\u021bi ter\u021be au acces la informa\u021biile dvs. personale numai pentru a \u00eendeplini aceste sarcini \u00een numele nostru \u0219i sunt obligate s\u0103 p\u0103streze confiden\u021bialitatea datelor dvs.<\/p><h2><br \/>5. Securitate<\/h2><p>Apreciem \u00eencrederea dvs. \u00een furnizarea informa\u021biilor dvs. personale \u0219i ne str\u0103duim s\u0103 utiliz\u0103m mijloace acceptabile din punct de vedere comercial pentru a le proteja. Cu toate acestea, re\u021bine\u021bi c\u0103 nicio metod\u0103 de transmitere pe internet sau metod\u0103 de stocare electronic\u0103 nu este 100 % sigur\u0103 \u0219i nu putem garanta securitatea absolut\u0103.<br \/>6. Linkuri c\u0103tre alte site-uri<\/p><p>Serviciul nostru poate con\u021bine linkuri c\u0103tre site-uri externe care nu sunt operate de noi. V\u0103 sf\u0103tuim insistent s\u0103 consulta\u021bi politica de confiden\u021bialitate a fiec\u0103rui site pe care \u00eel vizita\u021bi. Nu avem niciun control \u0219i nu ne asum\u0103m nicio responsabilitate pentru con\u021binutul sau practicile de confiden\u021bialitate ale site-urilor ter\u021bilor.<\/p><h2><br \/>7. Via\u021ba privat\u0103 a copiilor<\/h2><p>Serviciul nostru nu este destinat persoanelor sub 18 ani (\"Copii\"). Nu colect\u0103m cu bun\u0103 \u0219tiin\u021b\u0103 informa\u021bii personale de la copii. Dac\u0103 crede\u021bi c\u0103 copilul dvs. ne-a furnizat informa\u021bii cu caracter personal, v\u0103 rug\u0103m s\u0103 ne contacta\u021bi imediat \u0219i vom elimina datele.<\/p><h2><br \/>8. Conformitatea cu legile<\/h2><p>Vom dezv\u0103lui informa\u021biile dvs. personale dac\u0103 legea sau cita\u021bia ne oblig\u0103 s\u0103 facem acest lucru.<\/p><h2><br \/>9. Modific\u0103ri ale prezentei politici de confiden\u021bialitate<\/h2><p>Putem actualiza periodic prezenta Politic\u0103 de confiden\u021bialitate. Vom posta versiunea revizuit\u0103 pe aceast\u0103 pagin\u0103 \u0219i vom actualiza data \"Ultima actualizare\" de mai sus. Utilizarea \u00een continuare a Serviciului de c\u0103tre dvs. dup\u0103 ce am publicat modific\u0103rile indic\u0103 acceptarea termenilor actualiza\u021bi.<\/p><h2><br \/>10. Contacta\u021bi-ne<\/h2><p>Dac\u0103 ave\u021bi \u00eentreb\u0103ri cu privire la aceast\u0103 politic\u0103 de confiden\u021bialitate sau la datele dumneavoastr\u0103, v\u0103 rug\u0103m s\u0103 ne contacta\u021bi:<\/p><p>E-mail: contact@yogasurfcamp.com<br \/>Telefon: +212 6 00 00 00 00<\/p>\t\t\t\t\t\t\t\t<\/div>\n\t\t\t\t<\/div>\n\t\t\t\t\t<\/div>\n\t\t\t\t<\/div>\n\t\t\t\t<\/div>","protected":false},"excerpt":{"rendered":"<p>YogaSurfCamp.com (\u201cwe\u201d, \u201cus\u201d, or \u201cour\u201d) operates the YogaSurfCamp.com . This page explains how we collect, use, and disclose your personal information when you use our Service. We will never share your information except as described in this Policy. By using the Service, you agree to the collection and use of information in accordance with this [&hellip;]<\/p>\n","protected":false},"author":1,"featured_media":0,"parent":0,"menu_order":0,"comment_status":"closed","ping_status":"closed","template":"template-canvas.php","meta":{"footnotes":""},"class_list":["post-7840","page","type-page","status-publish","hentry"],"yoast_head":"<!-- This site is optimized with the Yoast SEO Premium plugin v27.1 (Yoast SEO v27.2) - https:\/\/yoast.com\/product\/yoast-seo-premium-wordpress\/ -->\n<title>Privacy Policy - Yoga Surf Camp Morocco<\/title>\n<meta name=\"robots\" content=\"index, follow, max-snippet:-1, max-image-preview:large, max-video-preview:-1\" \/>\n<link rel=\"canonical\" href=\"https:\/\/www.yogasurfcamp.com\/ro\/politica-de-confidentialitate\/\" \/>\n<meta property=\"og:locale\" content=\"ro_RO\" \/>\n<meta property=\"og:type\" content=\"article\" \/>\n<meta property=\"og:title\" content=\"Privacy Policy\" \/>\n<meta property=\"og:description\" content=\"YogaSurfCamp.com (\u201cwe\u201d, \u201cus\u201d, or \u201cour\u201d) operates the YogaSurfCamp.com . This page explains how we collect, use, and disclose your personal information when you use our Service. We will never share your information except as described in this Policy. By using the Service, you agree to the collection and use of information in accordance with this [&hellip;]\" \/>\n<meta property=\"og:url\" content=\"https:\/\/www.yogasurfcamp.com\/ro\/politica-de-confidentialitate\/\" \/>\n<meta property=\"og:site_name\" content=\"Yoga Surf Camp Morocco\" \/>\n<meta property=\"article:publisher\" content=\"https:\/\/www.facebook.com\/profile.php?id=61578768475831\" \/>\n<meta property=\"article:modified_time\" content=\"2025-07-26T19:45:19+00:00\" \/>\n<meta property=\"og:image\" content=\"https:\/\/www.yogasurfcamp.com\/wp-content\/uploads\/2025\/07\/Logo-2.png\" \/>\n\t<meta property=\"og:image:width\" content=\"1841\" \/>\n\t<meta property=\"og:image:height\" content=\"1797\" \/>\n\t<meta property=\"og:image:type\" content=\"image\/png\" \/>\n<meta name=\"twitter:card\" content=\"summary_large_image\" \/>\n<meta name=\"twitter:label1\" content=\"Timp estimat pentru citire\" \/>\n\t<meta name=\"twitter:data1\" content=\"3 minute\" \/>\n<script type=\"application\/ld+json\" class=\"yoast-schema-graph\">{\"@context\":\"https:\/\/schema.org\",\"@graph\":[{\"@type\":\"WebPage\",\"@id\":\"https:\/\/www.yogasurfcamp.com\/privacy-policy\/\",\"url\":\"https:\/\/www.yogasurfcamp.com\/privacy-policy\/\",\"name\":\"Privacy Policy - Yoga Surf Camp Morocco\",\"isPartOf\":{\"@id\":\"https:\/\/www.yogasurfcamp.com\/#website\"},\"datePublished\":\"2025-07-22T12:15:41+00:00\",\"dateModified\":\"2025-07-26T19:45:19+00:00\",\"breadcrumb\":{\"@id\":\"https:\/\/www.yogasurfcamp.com\/privacy-policy\/#breadcrumb\"},\"inLanguage\":\"ro-RO\",\"potentialAction\":[{\"@type\":\"ReadAction\",\"target\":[\"https:\/\/www.yogasurfcamp.com\/privacy-policy\/\"]}]},{\"@type\":\"BreadcrumbList\",\"@id\":\"https:\/\/www.yogasurfcamp.com\/privacy-policy\/#breadcrumb\",\"itemListElement\":[{\"@type\":\"ListItem\",\"position\":1,\"name\":\"Home\",\"item\":\"https:\/\/www.yogasurfcamp.com\/\"},{\"@type\":\"ListItem\",\"position\":2,\"name\":\"Privacy Policy\"}]},{\"@type\":\"WebSite\",\"@id\":\"https:\/\/www.yogasurfcamp.com\/#website\",\"url\":\"https:\/\/www.yogasurfcamp.com\/\",\"name\":\"Yoga Surf Camp Morocco\",\"description\":\"\",\"publisher\":{\"@id\":\"https:\/\/www.yogasurfcamp.com\/#organization\"},\"potentialAction\":[{\"@type\":\"SearchAction\",\"target\":{\"@type\":\"EntryPoint\",\"urlTemplate\":\"https:\/\/www.yogasurfcamp.com\/?s={search_term_string}\"},\"query-input\":{\"@type\":\"PropertyValueSpecification\",\"valueRequired\":true,\"valueName\":\"search_term_string\"}}],\"inLanguage\":\"ro-RO\"},{\"@type\":\"Organization\",\"@id\":\"https:\/\/www.yogasurfcamp.com\/#organization\",\"name\":\"Yoga Surf Camp Morocco\",\"url\":\"https:\/\/www.yogasurfcamp.com\/\",\"logo\":{\"@type\":\"ImageObject\",\"inLanguage\":\"ro-RO\",\"@id\":\"https:\/\/www.yogasurfcamp.com\/#\/schema\/logo\/image\/\",\"url\":\"https:\/\/www.yogasurfcamp.com\/wp-content\/uploads\/2026\/01\/Yoga-Surf-camp-1.png\",\"contentUrl\":\"https:\/\/www.yogasurfcamp.com\/wp-content\/uploads\/2026\/01\/Yoga-Surf-camp-1.png\",\"width\":500,\"height\":500,\"caption\":\"Yoga Surf Camp Morocco\"},\"image\":{\"@id\":\"https:\/\/www.yogasurfcamp.com\/#\/schema\/logo\/image\/\"},\"sameAs\":[\"https:\/\/www.facebook.com\/profile.php?id=61578768475831\",\"https:\/\/www.instagram.com\/theyogasurfcamp\"]}]}<\/script>\n<!-- \/ Yoast SEO Premium plugin. -->","yoast_head_json":{"title":"Politica de confiden\u021bialitate - Yoga Surf Camp Morocco","robots":{"index":"index","follow":"follow","max-snippet":"max-snippet:-1","max-image-preview":"max-image-preview:large","max-video-preview":"max-video-preview:-1"},"canonical":"https:\/\/www.yogasurfcamp.com\/ro\/politica-de-confidentialitate\/","og_locale":"ro_RO","og_type":"article","og_title":"Privacy Policy","og_description":"YogaSurfCamp.com (\u201cwe\u201d, \u201cus\u201d, or \u201cour\u201d) operates the YogaSurfCamp.com . This page explains how we collect, use, and disclose your personal information when you use our Service. We will never share your information except as described in this Policy. By using the Service, you agree to the collection and use of information in accordance with this [&hellip;]","og_url":"https:\/\/www.yogasurfcamp.com\/ro\/politica-de-confidentialitate\/","og_site_name":"Yoga Surf Camp Morocco","article_publisher":"https:\/\/www.facebook.com\/profile.php?id=61578768475831","article_modified_time":"2025-07-26T19:45:19+00:00","og_image":[{"width":1841,"height":1797,"url":"https:\/\/www.yogasurfcamp.com\/wp-content\/uploads\/2025\/07\/Logo-2.png","type":"image\/png"}],"twitter_card":"summary_large_image","twitter_misc":{"Timp estimat pentru citire":"3 minute"},"schema":{"@context":"https:\/\/schema.org","@graph":[{"@type":"WebPage","@id":"https:\/\/www.yogasurfcamp.com\/privacy-policy\/","url":"https:\/\/www.yogasurfcamp.com\/privacy-policy\/","name":"Politica de confiden\u021bialitate - Yoga Surf Camp Morocco","isPartOf":{"@id":"https:\/\/www.yogasurfcamp.com\/#website"},"datePublished":"2025-07-22T12:15:41+00:00","dateModified":"2025-07-26T19:45:19+00:00","breadcrumb":{"@id":"https:\/\/www.yogasurfcamp.com\/privacy-policy\/#breadcrumb"},"inLanguage":"ro-RO","potentialAction":[{"@type":"ReadAction","target":["https:\/\/www.yogasurfcamp.com\/privacy-policy\/"]}]},{"@type":"BreadcrumbList","@id":"https:\/\/www.yogasurfcamp.com\/privacy-policy\/#breadcrumb","itemListElement":[{"@type":"ListItem","position":1,"name":"Home","item":"https:\/\/www.yogasurfcamp.com\/"},{"@type":"ListItem","position":2,"name":"Privacy Policy"}]},{"@type":"WebSite","@id":"https:\/\/www.yogasurfcamp.com\/#website","url":"https:\/\/www.yogasurfcamp.com\/","name":"Tab\u0103r\u0103 Yoga Surf Maroc","description":"","publisher":{"@id":"https:\/\/www.yogasurfcamp.com\/#organization"},"potentialAction":[{"@type":"SearchAction","target":{"@type":"EntryPoint","urlTemplate":"https:\/\/www.yogasurfcamp.com\/?s={search_term_string}"},"query-input":{"@type":"PropertyValueSpecification","valueRequired":true,"valueName":"search_term_string"}}],"inLanguage":"ro-RO"},{"@type":"Organization","@id":"https:\/\/www.yogasurfcamp.com\/#organization","name":"Tab\u0103r\u0103 Yoga Surf Maroc","url":"https:\/\/www.yogasurfcamp.com\/","logo":{"@type":"ImageObject","inLanguage":"ro-RO","@id":"https:\/\/www.yogasurfcamp.com\/#\/schema\/logo\/image\/","url":"https:\/\/www.yogasurfcamp.com\/wp-content\/uploads\/2026\/01\/Yoga-Surf-camp-1.png","contentUrl":"https:\/\/www.yogasurfcamp.com\/wp-content\/uploads\/2026\/01\/Yoga-Surf-camp-1.png","width":500,"height":500,"caption":"Yoga Surf Camp Morocco"},"image":{"@id":"https:\/\/www.yogasurfcamp.com\/#\/schema\/logo\/image\/"},"sameAs":["https:\/\/www.facebook.com\/profile.php?id=61578768475831","https:\/\/www.instagram.com\/theyogasurfcamp"]}]}},"_links":{"self":[{"href":"https:\/\/www.yogasurfcamp.com\/ro\/wp-json\/wp\/v2\/pages\/7840","targetHints":{"allow":["GET"]}}],"collection":[{"href":"https:\/\/www.yogasurfcamp.com\/ro\/wp-json\/wp\/v2\/pages"}],"about":[{"href":"https:\/\/www.yogasurfcamp.com\/ro\/wp-json\/wp\/v2\/types\/page"}],"author":[{"embeddable":true,"href":"https:\/\/www.yogasurfcamp.com\/ro\/wp-json\/wp\/v2\/users\/1"}],"replies":[{"embeddable":true,"href":"https:\/\/www.yogasurfcamp.com\/ro\/wp-json\/wp\/v2\/comments?post=7840"}],"version-history":[{"count":0,"href":"https:\/\/www.yogasurfcamp.com\/ro\/wp-json\/wp\/v2\/pages\/7840\/revisions"}],"wp:attachment":[{"href":"https:\/\/www.yogasurfcamp.com\/ro\/wp-json\/wp\/v2\/media?parent=7840"}],"curies":[{"name":"wp","href":"https:\/\/api.w.org\/{rel}","templated":true}]}}