{"id":7892,"date":"2025-07-23T01:02:54","date_gmt":"2025-07-23T01:02:54","guid":{"rendered":"https:\/\/www.yogasurfcamp.com\/?post_type=product&#038;p=7892"},"modified":"2026-03-13T18:49:56","modified_gmt":"2026-03-13T18:49:56","slug":"zen-swell-getaway-4-nopti-5-zile","status":"publish","type":"product","link":"https:\/\/www.yogasurfcamp.com\/ro\/pachete\/zen-swell-getaway-4-nopti-5-zile\/","title":{"rendered":"Zen &amp; Swell Getaway 4 nop\u021bi \/ 5 zile"},"content":{"rendered":"<p style=\"text-align: center;\" data-start=\"0\" data-end=\"62\"><strong data-start=\"0\" data-end=\"60\">Yoga Surf Camp - Zen &amp; Swell Getaway (4 nop\u021bi \/ 5 zile)<\/strong><\/p>\n<p style=\"text-align: center;\" data-start=\"64\" data-end=\"403\">Re\u00eenc\u0103rca\u021bi-v\u0103 pentru o imersiune complet\u0103 de cinci zile \u00een Golful Taghazout: perfec\u021biona\u021bi-v\u0103 tehnica de surf, ad\u00e2nci\u021bi-v\u0103 fluxul de yoga \u0219i savura\u021bi cultura vibrant\u0103 de coast\u0103 a Marocului. Programul <strong data-start=\"221\" data-end=\"244\">Zen &amp; Swell Getaway<\/strong> la <strong data-start=\"248\" data-end=\"266\">Tab\u0103r\u0103 Yoga Surf<\/strong> \u00eembin\u0103 mi\u0219carea con\u0219tient\u0103 cu senza\u021biile de pe valuri, perfect pentru c\u0103l\u0103torii care doresc mai mult dec\u00e2t un gust rapid, dar nu se pot angaja pentru o s\u0103pt\u0103m\u00e2n\u0103 \u00eentreag\u0103.<\/p>","protected":false},"excerpt":{"rendered":"<p>\u2714 Preluare \u0219i predare la aeroportul sau sta\u021bia de autobuz din Agadir<br \/>\n\u2714 4 nop\u021bi de cazare<br \/>\n\u2714 Mic dejun, pr\u00e2nz \u0219i cin\u0103 \u00een fiecare zi<br \/>\n\u2714 4 zile de lec\u021bii de surf cu instructori certifica\u021bi ISA<br \/>\n\u2714 2 sesiuni de yoga pentru \u00eentindere \u0219i relaxare<br \/>\n\u2714 Plimb\u0103ri c\u0103tre \u0219i de la cele mai bune locuri de surf<br \/>\n\u2714 \u00cenchiriere gratuit\u0103 de pl\u0103ci de surf \u0219i wetsuit toat\u0103 ziua<br \/>\n\u2714 Timp nelimitat pentru a naviga pe cont propriu<br \/>\n\u2714 Fotografii cu surf, teras\u0103 pe acoperi\u0219 \u0219i Wi-Fi gratuit<\/p>","protected":false},"featured_media":7893,"template":"","meta":[],"product_brand":[],"product_cat":[15],"product_tag":[],"class_list":{"0":"post-7892","1":"product","2":"type-product","3":"status-publish","4":"has-post-thumbnail","6":"product_cat-packages","8":"first","9":"instock","10":"sale","11":"shipping-taxable","12":"product-type-external"},"yoast_head":"<!-- This site is optimized with the Yoast SEO Premium plugin v27.1 (Yoast SEO v27.2) - https:\/\/yoast.com\/product\/yoast-seo-premium-wordpress\/ -->\n<title>Zen\u202f&amp;\u202fSwell Getaway 4\u202fNights\u202f\/\u202f5\u202fDays - Yoga Surf Camp Morocco<\/title>\n<meta name=\"robots\" content=\"index, follow, max-snippet:-1, max-image-preview:large, max-video-preview:-1\" \/>\n<link rel=\"canonical\" href=\"https:\/\/www.yogasurfcamp.com\/ro\/pachete\/zen-swell-getaway-4-nopti-5-zile\/\" \/>\n<meta property=\"og:locale\" content=\"ro_RO\" \/>\n<meta property=\"og:type\" content=\"article\" \/>\n<meta property=\"og:title\" content=\"Zen\u202f&amp;\u202fSwell Getaway 4\u202fNights\u202f\/\u202f5\u202fDays\" \/>\n<meta property=\"og:description\" content=\"\u2714\u202fPick\u2011up and drop\u2011off at Agadir airport or bus station \u2714\u202f4 Nights Accommodation \u2714\u202fBreakfast, lunch, and dinner every day \u2714 4 Days surf lessons with ISA certified instructors \u2714 2 yoga sessions to stretch and relax \u2714\u202fRides to and from the best surf spots \u2714\u202fFree surfboard and wetsuit rental all day \u2714\u202fUnlimited time to surf on your own \u2714\u202fSurf photos, roof\u2011top terrace, and free Wi\u2011Fi\" \/>\n<meta property=\"og:url\" content=\"https:\/\/www.yogasurfcamp.com\/ro\/pachete\/zen-swell-getaway-4-nopti-5-zile\/\" \/>\n<meta property=\"og:site_name\" content=\"Yoga Surf Camp Morocco\" \/>\n<meta property=\"article:publisher\" content=\"https:\/\/www.facebook.com\/profile.php?id=61578768475831\" \/>\n<meta property=\"article:modified_time\" content=\"2026-03-13T18:49:56+00:00\" \/>\n<meta property=\"og:image\" content=\"https:\/\/www.yogasurfcamp.com\/wp-content\/uploads\/2025\/07\/Yoga-Surf-Camp-1-2-scaled.jpg\" \/>\n\t<meta property=\"og:image:width\" content=\"2560\" \/>\n\t<meta property=\"og:image:height\" content=\"1441\" \/>\n\t<meta property=\"og:image:type\" content=\"image\/jpeg\" \/>\n<meta name=\"twitter:card\" content=\"summary_large_image\" \/>\n<meta name=\"twitter:label1\" content=\"Timp estimat pentru citire\" \/>\n\t<meta name=\"twitter:data1\" content=\"1 minut\" \/>\n<script type=\"application\/ld+json\" class=\"yoast-schema-graph\">{\"@context\":\"https:\/\/schema.org\",\"@graph\":[{\"@type\":\"WebPage\",\"@id\":\"https:\/\/www.yogasurfcamp.com\/packages\/zen-swell-getaway-4-nights-5-days\/\",\"url\":\"https:\/\/www.yogasurfcamp.com\/packages\/zen-swell-getaway-4-nights-5-days\/\",\"name\":\"Zen\u202f&\u202fSwell Getaway 4\u202fNights\u202f\/\u202f5\u202fDays - Yoga Surf Camp Morocco\",\"isPartOf\":{\"@id\":\"https:\/\/www.yogasurfcamp.com\/#website\"},\"primaryImageOfPage\":{\"@id\":\"https:\/\/www.yogasurfcamp.com\/packages\/zen-swell-getaway-4-nights-5-days\/#primaryimage\"},\"image\":{\"@id\":\"https:\/\/www.yogasurfcamp.com\/packages\/zen-swell-getaway-4-nights-5-days\/#primaryimage\"},\"thumbnailUrl\":\"https:\/\/www.yogasurfcamp.com\/wp-content\/uploads\/2025\/07\/Yoga-Surf-Camp-1-2-scaled.jpg\",\"datePublished\":\"2025-07-23T01:02:54+00:00\",\"dateModified\":\"2026-03-13T18:49:56+00:00\",\"breadcrumb\":{\"@id\":\"https:\/\/www.yogasurfcamp.com\/packages\/zen-swell-getaway-4-nights-5-days\/#breadcrumb\"},\"inLanguage\":\"ro-RO\",\"potentialAction\":[{\"@type\":\"ReadAction\",\"target\":[\"https:\/\/www.yogasurfcamp.com\/packages\/zen-swell-getaway-4-nights-5-days\/\"]}]},{\"@type\":\"ImageObject\",\"inLanguage\":\"ro-RO\",\"@id\":\"https:\/\/www.yogasurfcamp.com\/packages\/zen-swell-getaway-4-nights-5-days\/#primaryimage\",\"url\":\"https:\/\/www.yogasurfcamp.com\/wp-content\/uploads\/2025\/07\/Yoga-Surf-Camp-1-2-scaled.jpg\",\"contentUrl\":\"https:\/\/www.yogasurfcamp.com\/wp-content\/uploads\/2025\/07\/Yoga-Surf-Camp-1-2-scaled.jpg\",\"width\":2560,\"height\":1441,\"caption\":\"Yoga\u202fSurf\u202fCamp\"},{\"@type\":\"BreadcrumbList\",\"@id\":\"https:\/\/www.yogasurfcamp.com\/packages\/zen-swell-getaway-4-nights-5-days\/#breadcrumb\",\"itemListElement\":[{\"@type\":\"ListItem\",\"position\":1,\"name\":\"Home\",\"item\":\"https:\/\/www.yogasurfcamp.com\/\"},{\"@type\":\"ListItem\",\"position\":2,\"name\":\"Products\",\"item\":\"https:\/\/www.yogasurfcamp.com\/packages__trashed\/\"},{\"@type\":\"ListItem\",\"position\":3,\"name\":\"Zen\u202f&#038;\u202fSwell Getaway 4\u202fNights\u202f\/\u202f5\u202fDays\"}]},{\"@type\":\"WebSite\",\"@id\":\"https:\/\/www.yogasurfcamp.com\/#website\",\"url\":\"https:\/\/www.yogasurfcamp.com\/\",\"name\":\"Yoga Surf Camp Morocco\",\"description\":\"\",\"publisher\":{\"@id\":\"https:\/\/www.yogasurfcamp.com\/#organization\"},\"potentialAction\":[{\"@type\":\"SearchAction\",\"target\":{\"@type\":\"EntryPoint\",\"urlTemplate\":\"https:\/\/www.yogasurfcamp.com\/?s={search_term_string}\"},\"query-input\":{\"@type\":\"PropertyValueSpecification\",\"valueRequired\":true,\"valueName\":\"search_term_string\"}}],\"inLanguage\":\"ro-RO\"},{\"@type\":\"Organization\",\"@id\":\"https:\/\/www.yogasurfcamp.com\/#organization\",\"name\":\"Yoga Surf Camp Morocco\",\"url\":\"https:\/\/www.yogasurfcamp.com\/\",\"logo\":{\"@type\":\"ImageObject\",\"inLanguage\":\"ro-RO\",\"@id\":\"https:\/\/www.yogasurfcamp.com\/#\/schema\/logo\/image\/\",\"url\":\"https:\/\/www.yogasurfcamp.com\/wp-content\/uploads\/2026\/01\/Yoga-Surf-camp-1.png\",\"contentUrl\":\"https:\/\/www.yogasurfcamp.com\/wp-content\/uploads\/2026\/01\/Yoga-Surf-camp-1.png\",\"width\":500,\"height\":500,\"caption\":\"Yoga Surf Camp Morocco\"},\"image\":{\"@id\":\"https:\/\/www.yogasurfcamp.com\/#\/schema\/logo\/image\/\"},\"sameAs\":[\"https:\/\/www.facebook.com\/profile.php?id=61578768475831\",\"https:\/\/www.instagram.com\/theyogasurfcamp\"]}]}<\/script>\n<!-- \/ Yoast SEO Premium plugin. -->","yoast_head_json":{"title":"Zen &amp; Swell Getaway 4 Nop\u021bi \/ 5 Zile - Yoga Surf Camp Maroc","robots":{"index":"index","follow":"follow","max-snippet":"max-snippet:-1","max-image-preview":"max-image-preview:large","max-video-preview":"max-video-preview:-1"},"canonical":"https:\/\/www.yogasurfcamp.com\/ro\/pachete\/zen-swell-getaway-4-nopti-5-zile\/","og_locale":"ro_RO","og_type":"article","og_title":"Zen\u202f&\u202fSwell Getaway 4\u202fNights\u202f\/\u202f5\u202fDays","og_description":"\u2714\u202fPick\u2011up and drop\u2011off at Agadir airport or bus station \u2714\u202f4 Nights Accommodation \u2714\u202fBreakfast, lunch, and dinner every day \u2714 4 Days surf lessons with ISA certified instructors \u2714 2 yoga sessions to stretch and relax \u2714\u202fRides to and from the best surf spots \u2714\u202fFree surfboard and wetsuit rental all day \u2714\u202fUnlimited time to surf on your own \u2714\u202fSurf photos, roof\u2011top terrace, and free Wi\u2011Fi","og_url":"https:\/\/www.yogasurfcamp.com\/ro\/pachete\/zen-swell-getaway-4-nopti-5-zile\/","og_site_name":"Yoga Surf Camp Morocco","article_publisher":"https:\/\/www.facebook.com\/profile.php?id=61578768475831","article_modified_time":"2026-03-13T18:49:56+00:00","og_image":[{"width":2560,"height":1441,"url":"https:\/\/www.yogasurfcamp.com\/wp-content\/uploads\/2025\/07\/Yoga-Surf-Camp-1-2-scaled.jpg","type":"image\/jpeg"}],"twitter_card":"summary_large_image","twitter_misc":{"Timp estimat pentru citire":"1 minut"},"schema":{"@context":"https:\/\/schema.org","@graph":[{"@type":"WebPage","@id":"https:\/\/www.yogasurfcamp.com\/packages\/zen-swell-getaway-4-nights-5-days\/","url":"https:\/\/www.yogasurfcamp.com\/packages\/zen-swell-getaway-4-nights-5-days\/","name":"Zen &amp; Swell Getaway 4 Nop\u021bi \/ 5 Zile - Yoga Surf Camp Maroc","isPartOf":{"@id":"https:\/\/www.yogasurfcamp.com\/#website"},"primaryImageOfPage":{"@id":"https:\/\/www.yogasurfcamp.com\/packages\/zen-swell-getaway-4-nights-5-days\/#primaryimage"},"image":{"@id":"https:\/\/www.yogasurfcamp.com\/packages\/zen-swell-getaway-4-nights-5-days\/#primaryimage"},"thumbnailUrl":"https:\/\/www.yogasurfcamp.com\/wp-content\/uploads\/2025\/07\/Yoga-Surf-Camp-1-2-scaled.jpg","datePublished":"2025-07-23T01:02:54+00:00","dateModified":"2026-03-13T18:49:56+00:00","breadcrumb":{"@id":"https:\/\/www.yogasurfcamp.com\/packages\/zen-swell-getaway-4-nights-5-days\/#breadcrumb"},"inLanguage":"ro-RO","potentialAction":[{"@type":"ReadAction","target":["https:\/\/www.yogasurfcamp.com\/packages\/zen-swell-getaway-4-nights-5-days\/"]}]},{"@type":"ImageObject","inLanguage":"ro-RO","@id":"https:\/\/www.yogasurfcamp.com\/packages\/zen-swell-getaway-4-nights-5-days\/#primaryimage","url":"https:\/\/www.yogasurfcamp.com\/wp-content\/uploads\/2025\/07\/Yoga-Surf-Camp-1-2-scaled.jpg","contentUrl":"https:\/\/www.yogasurfcamp.com\/wp-content\/uploads\/2025\/07\/Yoga-Surf-Camp-1-2-scaled.jpg","width":2560,"height":1441,"caption":"Yoga\u202fSurf\u202fCamp"},{"@type":"BreadcrumbList","@id":"https:\/\/www.yogasurfcamp.com\/packages\/zen-swell-getaway-4-nights-5-days\/#breadcrumb","itemListElement":[{"@type":"ListItem","position":1,"name":"Home","item":"https:\/\/www.yogasurfcamp.com\/"},{"@type":"ListItem","position":2,"name":"Products","item":"https:\/\/www.yogasurfcamp.com\/packages__trashed\/"},{"@type":"ListItem","position":3,"name":"Zen\u202f&#038;\u202fSwell Getaway 4\u202fNights\u202f\/\u202f5\u202fDays"}]},{"@type":"WebSite","@id":"https:\/\/www.yogasurfcamp.com\/#website","url":"https:\/\/www.yogasurfcamp.com\/","name":"Tab\u0103r\u0103 Yoga Surf Maroc","description":"","publisher":{"@id":"https:\/\/www.yogasurfcamp.com\/#organization"},"potentialAction":[{"@type":"SearchAction","target":{"@type":"EntryPoint","urlTemplate":"https:\/\/www.yogasurfcamp.com\/?s={search_term_string}"},"query-input":{"@type":"PropertyValueSpecification","valueRequired":true,"valueName":"search_term_string"}}],"inLanguage":"ro-RO"},{"@type":"Organization","@id":"https:\/\/www.yogasurfcamp.com\/#organization","name":"Tab\u0103r\u0103 Yoga Surf Maroc","url":"https:\/\/www.yogasurfcamp.com\/","logo":{"@type":"ImageObject","inLanguage":"ro-RO","@id":"https:\/\/www.yogasurfcamp.com\/#\/schema\/logo\/image\/","url":"https:\/\/www.yogasurfcamp.com\/wp-content\/uploads\/2026\/01\/Yoga-Surf-camp-1.png","contentUrl":"https:\/\/www.yogasurfcamp.com\/wp-content\/uploads\/2026\/01\/Yoga-Surf-camp-1.png","width":500,"height":500,"caption":"Yoga Surf Camp Morocco"},"image":{"@id":"https:\/\/www.yogasurfcamp.com\/#\/schema\/logo\/image\/"},"sameAs":["https:\/\/www.facebook.com\/profile.php?id=61578768475831","https:\/\/www.instagram.com\/theyogasurfcamp"]}]}},"_links":{"self":[{"href":"https:\/\/www.yogasurfcamp.com\/ro\/wp-json\/wp\/v2\/product\/7892","targetHints":{"allow":["GET"]}}],"collection":[{"href":"https:\/\/www.yogasurfcamp.com\/ro\/wp-json\/wp\/v2\/product"}],"about":[{"href":"https:\/\/www.yogasurfcamp.com\/ro\/wp-json\/wp\/v2\/types\/product"}],"wp:featuredmedia":[{"embeddable":true,"href":"https:\/\/www.yogasurfcamp.com\/ro\/wp-json\/wp\/v2\/media\/7893"}],"wp:attachment":[{"href":"https:\/\/www.yogasurfcamp.com\/ro\/wp-json\/wp\/v2\/media?parent=7892"}],"wp:term":[{"taxonomy":"product_brand","embeddable":true,"href":"https:\/\/www.yogasurfcamp.com\/ro\/wp-json\/wp\/v2\/product_brand?post=7892"},{"taxonomy":"product_cat","embeddable":true,"href":"https:\/\/www.yogasurfcamp.com\/ro\/wp-json\/wp\/v2\/product_cat?post=7892"},{"taxonomy":"product_tag","embeddable":true,"href":"https:\/\/www.yogasurfcamp.com\/ro\/wp-json\/wp\/v2\/product_tag?post=7892"}],"curies":[{"name":"wp","href":"https:\/\/api.w.org\/{rel}","templated":true}]}}