{"id":7840,"date":"2025-07-22T12:15:41","date_gmt":"2025-07-22T12:15:41","guid":{"rendered":"https:\/\/www.yogasurfcamp.com\/?page_id=7840"},"modified":"2025-07-26T19:45:19","modified_gmt":"2025-07-26T19:45:19","slug":"integritetspolicy","status":"publish","type":"page","link":"https:\/\/www.yogasurfcamp.com\/sv\/integritetspolicy\/","title":{"rendered":"Integritetspolicy"},"content":{"rendered":"<div data-elementor-type=\"wp-page\" data-elementor-id=\"7840\" class=\"elementor elementor-7840\" data-elementor-post-type=\"page\">\n\t\t\t\t<div class=\"elementor-element elementor-element-fc93f45 e-flex e-con-boxed e-con e-parent\" data-id=\"fc93f45\" data-element_type=\"container\" data-e-type=\"container\">\n\t\t\t\t\t<div class=\"e-con-inner\">\n\t\t\t\t<div class=\"elementor-element elementor-element-b5916bd elementor-widget elementor-widget-text-editor\" data-id=\"b5916bd\" data-element_type=\"widget\" data-e-type=\"widget\" data-widget_type=\"text-editor.default\">\n\t\t\t\t<div class=\"elementor-widget-container\">\n\t\t\t\t\t\t\t\t\t<p><strong>YogaSurfCamp.com<\/strong> (\"<strong>vi<\/strong>\", \"<strong>oss<\/strong>\", <strong>eller<\/strong> \"<strong>v\u00e5r<\/strong>\") driver YogaSurfCamp.com . Den h\u00e4r sidan f\u00f6rklarar hur vi samlar in, anv\u00e4nder och avsl\u00f6jar din personliga information n\u00e4r du anv\u00e4nder v\u00e5r tj\u00e4nst.<\/p><p>Vi kommer aldrig att dela din information f\u00f6rutom vad som beskrivs i denna policy. Genom att anv\u00e4nda tj\u00e4nsten samtycker du till insamling och anv\u00e4ndning av information i enlighet med detta dokument. Termer med versaler som inte definieras h\u00e4r har de betydelser som anges i v\u00e5ra villkor och best\u00e4mmelser.<\/p><h2><br \/>1. Insamling och anv\u00e4ndning av information<\/h2><p>N\u00e4r du anv\u00e4nder v\u00e5r tj\u00e4nst kan vi be dig att tillhandah\u00e5lla viss personligt identifierbar information (\"Personlig information\") som kan anv\u00e4ndas f\u00f6r att kontakta eller identifiera dig. Detta kan inkludera, men \u00e4r inte begr\u00e4nsat till:<\/p><p>Namn<br \/>E-postadress<br \/>Telefonnummer<br \/>Postadress<br \/>Betalningsuppgifter (hanteras s\u00e4kert av v\u00e5r betalningsprocessor; vi lagrar inte fullst\u00e4ndiga kortnummer)<\/p><h2>2. Loggdata<\/h2><p>N\u00e4r du bes\u00f6ker Tj\u00e4nsten registrerar v\u00e5ra servrar automatiskt information (\"Loggdata\") som din webbl\u00e4sare skickar. Denna loggdata kan inneh\u00e5lla din IP-adress, typ och version av webbl\u00e4sare, de sidor du bes\u00f6ker, datum och tid f\u00f6r ditt bes\u00f6k, den tid som spenderas p\u00e5 dessa sidor och annan statistik.<\/p><h2><br \/>3. Kakor<\/h2><p>Cookies \u00e4r sm\u00e5 textfiler som placeras p\u00e5 din enhet f\u00f6r att samla in standardinformation om internetloggar och data om bes\u00f6karnas beteende. Vi anv\u00e4nder cookies f\u00f6r att:<\/p><p>Komma ih\u00e5g dina inst\u00e4llningar (t.ex. spr\u00e5k, valuta, samtycke till cookies)<br \/>Analysera webbplatsens trafik och anv\u00e4ndning f\u00f6r att f\u00f6rb\u00e4ttra prestandan<br \/>Visa relevanta marknadsf\u00f6ringsmeddelanden via betrodda partners<\/p><p>Du kan st\u00e4lla in din webbl\u00e4sare s\u00e5 att den v\u00e4grar ta emot cookies eller s\u00e5 att du f\u00e5r en varning n\u00e4r cookies skickas. Om du g\u00f6r det kan det h\u00e4nda att vissa delar av tj\u00e4nsten inte fungerar korrekt.<\/p><h2><br \/>4. Tj\u00e4nsteleverant\u00f6rer<\/h2><p>Vi kan anlita tredjepartsf\u00f6retag f\u00f6r att underl\u00e4tta v\u00e5r tj\u00e4nst, utf\u00f6ra tj\u00e4nsterelaterade uppgifter eller hj\u00e4lpa oss att analysera hur v\u00e5r tj\u00e4nst anv\u00e4nds. Dessa tredje parter har tillg\u00e5ng till din personliga information endast f\u00f6r att utf\u00f6ra dessa uppgifter f\u00f6r v\u00e5r r\u00e4kning och \u00e4r skyldiga att h\u00e5lla dina uppgifter konfidentiella.<\/p><h2><br \/>5. S\u00e4kerhet<\/h2><p>Vi v\u00e4rdes\u00e4tter ditt f\u00f6rtroende f\u00f6r att du ger oss din personliga information och str\u00e4var efter att anv\u00e4nda kommersiellt acceptabla s\u00e4tt att skydda den. Kom dock ih\u00e5g att ingen metod f\u00f6r \u00f6verf\u00f6ring via Internet eller metod f\u00f6r elektronisk lagring \u00e4r 100 % s\u00e4ker, och vi kan inte garantera absolut s\u00e4kerhet.<br \/>6. L\u00e4nkar till andra webbplatser<\/p><p>V\u00e5r tj\u00e4nst kan inneh\u00e5lla l\u00e4nkar till externa webbplatser som inte drivs av oss. Vi rekommenderar starkt att du granskar sekretesspolicyn f\u00f6r varje webbplats du bes\u00f6ker. Vi har ingen kontroll \u00f6ver - och tar inget ansvar f\u00f6r - inneh\u00e5llet eller sekretesspraxis p\u00e5 tredje parts webbplatser.<\/p><h2><br \/>7. Barns integritet<\/h2><p>V\u00e5r tj\u00e4nst riktar sig inte till personer under 18 \u00e5r (\"barn\"). Vi samlar inte medvetet in personlig information fr\u00e5n barn. Om du tror att ditt barn har f\u00f6rsett oss med personuppgifter, v\u00e4nligen kontakta oss omedelbart s\u00e5 tar vi bort uppgifterna.<\/p><h2><br \/>8. Efterlevnad av lagar<\/h2><p>Vi kommer att l\u00e4mna ut dina personuppgifter om vi \u00e4r skyldiga att g\u00f6ra det enligt lag eller st\u00e4mning.<\/p><h2><br \/>9. \u00c4ndringar av denna integritetspolicy<\/h2><p>Vi kan komma att uppdatera denna integritetspolicy fr\u00e5n tid till annan. Vi kommer att publicera den reviderade versionen p\u00e5 denna sida och uppdatera datumet \"Senast uppdaterad\" ovan. Din fortsatta anv\u00e4ndning av tj\u00e4nsten efter att vi har publicerat \u00e4ndringar inneb\u00e4r att du godk\u00e4nner de uppdaterade villkoren.<\/p><h2><br \/>10. Kontakta oss<\/h2><p>Om du har n\u00e5gra fr\u00e5gor om denna integritetspolicy eller dina uppgifter, v\u00e4nligen kontakta oss:<\/p><p>E-post: contact@yogasurfcamp.com<br \/>Telefon: +212 6 00 00 00 00 +212 6 00 00 00 00<\/p>\t\t\t\t\t\t\t\t<\/div>\n\t\t\t\t<\/div>\n\t\t\t\t\t<\/div>\n\t\t\t\t<\/div>\n\t\t\t\t<\/div>","protected":false},"excerpt":{"rendered":"<p>YogaSurfCamp.com (\u201cwe\u201d, \u201cus\u201d, or \u201cour\u201d) operates the YogaSurfCamp.com . This page explains how we collect, use, and disclose your personal information when you use our Service. We will never share your information except as described in this Policy. By using the Service, you agree to the collection and use of information in accordance with this [&hellip;]<\/p>\n","protected":false},"author":1,"featured_media":0,"parent":0,"menu_order":0,"comment_status":"closed","ping_status":"closed","template":"template-canvas.php","meta":{"footnotes":""},"class_list":["post-7840","page","type-page","status-publish","hentry"],"yoast_head":"<!-- This site is optimized with the Yoast SEO Premium plugin v27.1 (Yoast SEO v27.2) - https:\/\/yoast.com\/product\/yoast-seo-premium-wordpress\/ -->\n<title>Privacy Policy - Yoga Surf Camp Morocco<\/title>\n<meta name=\"robots\" content=\"index, follow, max-snippet:-1, max-image-preview:large, max-video-preview:-1\" \/>\n<link rel=\"canonical\" href=\"https:\/\/www.yogasurfcamp.com\/sv\/integritetspolicy\/\" \/>\n<meta property=\"og:locale\" content=\"sv_SE\" \/>\n<meta property=\"og:type\" content=\"article\" \/>\n<meta property=\"og:title\" content=\"Privacy Policy\" \/>\n<meta property=\"og:description\" content=\"YogaSurfCamp.com (\u201cwe\u201d, \u201cus\u201d, or \u201cour\u201d) operates the YogaSurfCamp.com . This page explains how we collect, use, and disclose your personal information when you use our Service. We will never share your information except as described in this Policy. By using the Service, you agree to the collection and use of information in accordance with this [&hellip;]\" \/>\n<meta property=\"og:url\" content=\"https:\/\/www.yogasurfcamp.com\/sv\/integritetspolicy\/\" \/>\n<meta property=\"og:site_name\" content=\"Yoga Surf Camp Morocco\" \/>\n<meta property=\"article:publisher\" content=\"https:\/\/www.facebook.com\/profile.php?id=61578768475831\" \/>\n<meta property=\"article:modified_time\" content=\"2025-07-26T19:45:19+00:00\" \/>\n<meta property=\"og:image\" content=\"https:\/\/www.yogasurfcamp.com\/wp-content\/uploads\/2025\/07\/Logo-2.png\" \/>\n\t<meta property=\"og:image:width\" content=\"1841\" \/>\n\t<meta property=\"og:image:height\" content=\"1797\" \/>\n\t<meta property=\"og:image:type\" content=\"image\/png\" \/>\n<meta name=\"twitter:card\" content=\"summary_large_image\" \/>\n<meta name=\"twitter:label1\" content=\"Ber\u00e4knad l\u00e4stid\" \/>\n\t<meta name=\"twitter:data1\" content=\"3 minuter\" \/>\n<script type=\"application\/ld+json\" class=\"yoast-schema-graph\">{\"@context\":\"https:\/\/schema.org\",\"@graph\":[{\"@type\":\"WebPage\",\"@id\":\"https:\/\/www.yogasurfcamp.com\/privacy-policy\/\",\"url\":\"https:\/\/www.yogasurfcamp.com\/privacy-policy\/\",\"name\":\"Privacy Policy - Yoga Surf Camp Morocco\",\"isPartOf\":{\"@id\":\"https:\/\/www.yogasurfcamp.com\/#website\"},\"datePublished\":\"2025-07-22T12:15:41+00:00\",\"dateModified\":\"2025-07-26T19:45:19+00:00\",\"breadcrumb\":{\"@id\":\"https:\/\/www.yogasurfcamp.com\/privacy-policy\/#breadcrumb\"},\"inLanguage\":\"sv-SE\",\"potentialAction\":[{\"@type\":\"ReadAction\",\"target\":[\"https:\/\/www.yogasurfcamp.com\/privacy-policy\/\"]}]},{\"@type\":\"BreadcrumbList\",\"@id\":\"https:\/\/www.yogasurfcamp.com\/privacy-policy\/#breadcrumb\",\"itemListElement\":[{\"@type\":\"ListItem\",\"position\":1,\"name\":\"Home\",\"item\":\"https:\/\/www.yogasurfcamp.com\/\"},{\"@type\":\"ListItem\",\"position\":2,\"name\":\"Privacy Policy\"}]},{\"@type\":\"WebSite\",\"@id\":\"https:\/\/www.yogasurfcamp.com\/#website\",\"url\":\"https:\/\/www.yogasurfcamp.com\/\",\"name\":\"Yoga Surf Camp Morocco\",\"description\":\"\",\"publisher\":{\"@id\":\"https:\/\/www.yogasurfcamp.com\/#organization\"},\"potentialAction\":[{\"@type\":\"SearchAction\",\"target\":{\"@type\":\"EntryPoint\",\"urlTemplate\":\"https:\/\/www.yogasurfcamp.com\/?s={search_term_string}\"},\"query-input\":{\"@type\":\"PropertyValueSpecification\",\"valueRequired\":true,\"valueName\":\"search_term_string\"}}],\"inLanguage\":\"sv-SE\"},{\"@type\":\"Organization\",\"@id\":\"https:\/\/www.yogasurfcamp.com\/#organization\",\"name\":\"Yoga Surf Camp Morocco\",\"url\":\"https:\/\/www.yogasurfcamp.com\/\",\"logo\":{\"@type\":\"ImageObject\",\"inLanguage\":\"sv-SE\",\"@id\":\"https:\/\/www.yogasurfcamp.com\/#\/schema\/logo\/image\/\",\"url\":\"https:\/\/www.yogasurfcamp.com\/wp-content\/uploads\/2026\/01\/Yoga-Surf-camp-1.png\",\"contentUrl\":\"https:\/\/www.yogasurfcamp.com\/wp-content\/uploads\/2026\/01\/Yoga-Surf-camp-1.png\",\"width\":500,\"height\":500,\"caption\":\"Yoga Surf Camp Morocco\"},\"image\":{\"@id\":\"https:\/\/www.yogasurfcamp.com\/#\/schema\/logo\/image\/\"},\"sameAs\":[\"https:\/\/www.facebook.com\/profile.php?id=61578768475831\",\"https:\/\/www.instagram.com\/theyogasurfcamp\"]}]}<\/script>\n<!-- \/ Yoast SEO Premium plugin. -->","yoast_head_json":{"title":"Integritetspolicy - Yoga Surf Camp Marocko","robots":{"index":"index","follow":"follow","max-snippet":"max-snippet:-1","max-image-preview":"max-image-preview:large","max-video-preview":"max-video-preview:-1"},"canonical":"https:\/\/www.yogasurfcamp.com\/sv\/integritetspolicy\/","og_locale":"sv_SE","og_type":"article","og_title":"Privacy Policy","og_description":"YogaSurfCamp.com (\u201cwe\u201d, \u201cus\u201d, or \u201cour\u201d) operates the YogaSurfCamp.com . This page explains how we collect, use, and disclose your personal information when you use our Service. We will never share your information except as described in this Policy. By using the Service, you agree to the collection and use of information in accordance with this [&hellip;]","og_url":"https:\/\/www.yogasurfcamp.com\/sv\/integritetspolicy\/","og_site_name":"Yoga Surf Camp Morocco","article_publisher":"https:\/\/www.facebook.com\/profile.php?id=61578768475831","article_modified_time":"2025-07-26T19:45:19+00:00","og_image":[{"width":1841,"height":1797,"url":"https:\/\/www.yogasurfcamp.com\/wp-content\/uploads\/2025\/07\/Logo-2.png","type":"image\/png"}],"twitter_card":"summary_large_image","twitter_misc":{"Ber\u00e4knad l\u00e4stid":"3 minuter"},"schema":{"@context":"https:\/\/schema.org","@graph":[{"@type":"WebPage","@id":"https:\/\/www.yogasurfcamp.com\/privacy-policy\/","url":"https:\/\/www.yogasurfcamp.com\/privacy-policy\/","name":"Integritetspolicy - Yoga Surf Camp Marocko","isPartOf":{"@id":"https:\/\/www.yogasurfcamp.com\/#website"},"datePublished":"2025-07-22T12:15:41+00:00","dateModified":"2025-07-26T19:45:19+00:00","breadcrumb":{"@id":"https:\/\/www.yogasurfcamp.com\/privacy-policy\/#breadcrumb"},"inLanguage":"sv-SE","potentialAction":[{"@type":"ReadAction","target":["https:\/\/www.yogasurfcamp.com\/privacy-policy\/"]}]},{"@type":"BreadcrumbList","@id":"https:\/\/www.yogasurfcamp.com\/privacy-policy\/#breadcrumb","itemListElement":[{"@type":"ListItem","position":1,"name":"Home","item":"https:\/\/www.yogasurfcamp.com\/"},{"@type":"ListItem","position":2,"name":"Privacy Policy"}]},{"@type":"WebSite","@id":"https:\/\/www.yogasurfcamp.com\/#website","url":"https:\/\/www.yogasurfcamp.com\/","name":"Yoga Surf Camp Marocko","description":"","publisher":{"@id":"https:\/\/www.yogasurfcamp.com\/#organization"},"potentialAction":[{"@type":"SearchAction","target":{"@type":"EntryPoint","urlTemplate":"https:\/\/www.yogasurfcamp.com\/?s={search_term_string}"},"query-input":{"@type":"PropertyValueSpecification","valueRequired":true,"valueName":"search_term_string"}}],"inLanguage":"sv-SE"},{"@type":"Organization","@id":"https:\/\/www.yogasurfcamp.com\/#organization","name":"Yoga Surf Camp Marocko","url":"https:\/\/www.yogasurfcamp.com\/","logo":{"@type":"ImageObject","inLanguage":"sv-SE","@id":"https:\/\/www.yogasurfcamp.com\/#\/schema\/logo\/image\/","url":"https:\/\/www.yogasurfcamp.com\/wp-content\/uploads\/2026\/01\/Yoga-Surf-camp-1.png","contentUrl":"https:\/\/www.yogasurfcamp.com\/wp-content\/uploads\/2026\/01\/Yoga-Surf-camp-1.png","width":500,"height":500,"caption":"Yoga Surf Camp Morocco"},"image":{"@id":"https:\/\/www.yogasurfcamp.com\/#\/schema\/logo\/image\/"},"sameAs":["https:\/\/www.facebook.com\/profile.php?id=61578768475831","https:\/\/www.instagram.com\/theyogasurfcamp"]}]}},"_links":{"self":[{"href":"https:\/\/www.yogasurfcamp.com\/sv\/wp-json\/wp\/v2\/pages\/7840","targetHints":{"allow":["GET"]}}],"collection":[{"href":"https:\/\/www.yogasurfcamp.com\/sv\/wp-json\/wp\/v2\/pages"}],"about":[{"href":"https:\/\/www.yogasurfcamp.com\/sv\/wp-json\/wp\/v2\/types\/page"}],"author":[{"embeddable":true,"href":"https:\/\/www.yogasurfcamp.com\/sv\/wp-json\/wp\/v2\/users\/1"}],"replies":[{"embeddable":true,"href":"https:\/\/www.yogasurfcamp.com\/sv\/wp-json\/wp\/v2\/comments?post=7840"}],"version-history":[{"count":0,"href":"https:\/\/www.yogasurfcamp.com\/sv\/wp-json\/wp\/v2\/pages\/7840\/revisions"}],"wp:attachment":[{"href":"https:\/\/www.yogasurfcamp.com\/sv\/wp-json\/wp\/v2\/media?parent=7840"}],"curies":[{"name":"wp","href":"https:\/\/api.w.org\/{rel}","templated":true}]}}